{"id":3080,"date":"2022-04-11T18:11:08","date_gmt":"2022-04-11T18:11:08","guid":{"rendered":"https:\/\/www.glittrigating.se\/?page_id=3080"},"modified":"2022-04-12T18:59:38","modified_gmt":"2022-04-12T18:59:38","slug":"cookies","status":"publish","type":"page","link":"https:\/\/www.glittrigating.se\/index.php\/cookies\/","title":{"rendered":"Cookies"},"content":{"rendered":"\t\t<div data-elementor-type=\"wp-page\" data-elementor-id=\"3080\" class=\"elementor elementor-3080\" data-elementor-post-type=\"page\">\n\t\t\t\t\t\t<section class=\"elementor-section elementor-top-section elementor-element elementor-element-6647781 elementor-section-boxed elementor-section-height-default elementor-section-height-default\" data-id=\"6647781\" data-element_type=\"section\">\n\t\t\t\t\t\t<div class=\"elementor-container elementor-column-gap-default\">\n\t\t\t\t\t<div class=\"elementor-column elementor-col-100 elementor-top-column elementor-element elementor-element-92d38ca\" data-id=\"92d38ca\" data-element_type=\"column\">\n\t\t\t<div class=\"elementor-widget-wrap elementor-element-populated\">\n\t\t\t\t\t\t<div class=\"elementor-element elementor-element-c39dce6 elementor-widget elementor-widget-heading\" data-id=\"c39dce6\" data-element_type=\"widget\" data-widget_type=\"heading.default\">\n\t\t\t\t<div class=\"elementor-widget-container\">\n\t\t\t\t\t<h2 class=\"elementor-heading-title elementor-size-xl\">Cookies<\/h2>\t\t\t\t<\/div>\n\t\t\t\t<\/div>\n\t\t\t\t<div class=\"elementor-element elementor-element-744665f elementor-hidden-tablet elementor-hidden-mobile elementor-widget elementor-widget-text-editor\" data-id=\"744665f\" data-element_type=\"widget\" data-widget_type=\"text-editor.default\">\n\t\t\t\t<div class=\"elementor-widget-container\">\n\t\t\t\t\t\t\t\t\t<p><span style=\"font-size: 12pt; font-family: 'Times New Roman', serif;\">Hos oss p\u00e5 Glittrigating.se anv\u00e4nds cookies. <\/span><span style=\"font-size: 12pt; font-family: 'Times New Roman', serif;\">En cookie \u00e4r en textfil som skickas<\/span><span style=\"font-size: 12pt; font-family: 'Times New Roman', serif;\"> ut ifr\u00e5n v\u00e5r websida till din dator och d\u00e4r lagras den <\/span><\/p><p><span style=\"font-size: 12pt; font-family: 'Times New Roman', serif;\">antingen <\/span><span style=\"font-size: 12pt; font-family: 'Times New Roman', serif;\">som en <\/span><span style=\"font-size: 12pt; font-family: 'Times New Roman', serif;\">sessionscookie i minnet under tiden du som bes\u00f6kare \u00e4r inne p\u00e5 v\u00e5r webbsida eller som en permanent cookie som \u00e4r en liten textfil som ligger <\/span><\/p><p><span style=\"font-size: 12pt; font-family: 'Times New Roman', serif;\">kvar en best\u00e4md tid. Vi p\u00e5 Glittrigating.se anv\u00e4nder b\u00e5da typer av <\/span><span style=\"font-size: 12pt; font-family: 'Times New Roman', serif;\">cookies. Om du inte vill ha n\u00e5gra cookies s\u00e5 kan du enkelt st\u00e4nga av dem i din webbl\u00e4sare <\/span><span style=\"font-family: 'Times New Roman', serif; font-size: 12pt;\">inf\u00f6r<\/span><\/p><p><span style=\"font-family: 'Times New Roman', serif; font-size: 12pt;\"> ditt k\u00f6p hos oss. Hur anv\u00e4nder vi p\u00e5 Glittrigating.se cookies? Cookies syfte \u00e4r att f\u00f6rb\u00e4ttra <\/span><span style=\"font-family: 'Times New Roman', serif; font-size: 12pt;\">Sajten f\u00f6r bes\u00f6kare, detta <\/span><span style=\"font-family: 'Times New Roman', serif; font-size: 12pt;\">genom att t.ex. anpassa sajten <\/span><span style=\"font-family: 'Times New Roman', serif; font-size: 12pt;\">efter bes\u00f6karens<\/span><\/p><p><span style=\"font-family: 'Times New Roman', serif; font-size: 12pt;\"> \u00f6nskem\u00e5l, val <\/span><span style=\"font-family: 'Times New Roman', serif; font-size: 12pt;\">och intressen. Detta \u00e4r f\u00f6r att kunna hj\u00e4lpa dig att h\u00e5lla reda p\u00e5 vilka varor du lagt i din varukorg, kunna <\/span><span style=\"font-family: 'Times New Roman', serif; font-size: 12pt;\">hantera ditt k\u00f6p och f\u00f6r att <\/span><span style=\"font-family: 'Times New Roman', serif; font-size: 12pt;\">kunna <\/span><span style=\"font-family: 'Times New Roman', serif; font-size: 12pt;\">anpassa<\/span><\/p><p><span style=\"font-family: 'Times New Roman', serif; font-size: 12pt;\"> v\u00e5ra tj\u00e4nster s\u00e5 <\/span><span style=\"font-family: 'Times New Roman', serif; font-size: 12pt;\">att du f\u00e5r produktf\u00f6rslag som \u00e4r relevanta f\u00f6r dig och f\u00f6r att kunna fullg\u00f6ra v\u00e5ra \u00e5taganden vid k\u00f6p.<\/span><\/p><p><span style=\"font-size: 12pt; font-family: 'Times New Roman', serif;\"> Permanenta cookies anv\u00e4nds f\u00f6r att anpassa sidan till dig och g\u00f6ra information och marknadsf\u00f6ring s\u00e5 relevant som m\u00f6jligt f\u00f6r dig. <\/span><\/p><p><span style=\"font-size: 12pt; font-family: 'Times New Roman', serif;\">Sessionscookies anv\u00e4nder vi f\u00f6r att kunna registrera statistik \u00f6ver anv\u00e4ndandet av v\u00e5r sajt. <\/span><\/p><p><span style=\"font-size: 12pt; font-family: 'Times New Roman', serif;\">Genom att godk\u00e4nna Glittrigating.se:s allm\u00e4nna villkor och Integritetspolicy och anv\u00e4nda Glittrigating.ses <\/span><span style=\"font-size: 12pt; font-family: 'Times New Roman', serif;\">webbplats samtycker du till <\/span><span style=\"font-size: 12pt; font-family: 'Times New Roman', serif;\">behandlingen av cookies enligt <\/span><\/p><p><span style=\"font-size: 12pt; font-family: 'Times New Roman', serif;\">informationen som ges h\u00e4r Hur tar man bort cookies? Om du inte vill att cookies anv\u00e4nds kan du st\u00e4nga av dessa i din webbl\u00e4sares s\u00e4kerhetsinst\u00e4llningar. <\/span><\/p><p><span style=\"font-size: 12pt; font-family: 'Times New Roman', serif;\">Du kan ocks\u00e5 st\u00e4lla in webbl\u00e4saren s\u00e5 att du f\u00e5r en fr\u00e5ga varje g\u00e5ng en webbplats f\u00f6rs\u00f6ker anv\u00e4nda sig av cookies och med det sj\u00e4lv avg\u00f6ra fr\u00e5n g\u00e5ng till g\u00e5ng om <\/span><\/p><p><span style=\"font-size: 12pt; font-family: 'Times New Roman', serif;\">du vill att det anv\u00e4nds. Du kan ocks\u00e5 sj\u00e4lv radera tidigare lagrade cookies fr\u00e5n din webbl\u00e4sare, hur du g\u00f6r hittar du p\u00e5 din webbl\u00e4sarens hj\u00e4lpsidor. <\/span><\/p><p><span style=\"font-size: 12pt; font-family: 'Times New Roman', serif;\">Du kan ocks\u00e5 n\u00e4r som helst radera cookies manuellt fr\u00e5n din h\u00e5rddisk.<\/span><\/p>\t\t\t\t\t\t\t\t<\/div>\n\t\t\t\t<\/div>\n\t\t\t\t<div class=\"elementor-element elementor-element-795865b elementor-hidden-desktop elementor-hidden-mobile elementor-widget elementor-widget-text-editor\" data-id=\"795865b\" data-element_type=\"widget\" data-widget_type=\"text-editor.default\">\n\t\t\t\t<div class=\"elementor-widget-container\">\n\t\t\t\t\t\t\t\t\t<p><span style=\"font-size: 12pt; font-family: 'Times New Roman', serif;\">Hos oss p\u00e5 Glittrigating.se anv\u00e4nds cookies. <\/span><span style=\"font-size: 12pt; font-family: 'Times New Roman', serif;\">En cookie \u00e4r en textfil som skickas<\/span><\/p><p><span style=\"font-size: 12pt; font-family: 'Times New Roman', serif;\">ut ifr\u00e5n v\u00e5r websida till din dator och d\u00e4r lagras den <\/span><span style=\"font-size: 12pt; font-family: 'Times New Roman', serif;\">antingen <\/span><span style=\"font-size: 12pt; font-family: 'Times New Roman', serif;\">som en <\/span><span style=\"font-size: 12pt; font-family: 'Times New Roman', serif;\">sessionscookie i minnet under <\/span><\/p><p><span style=\"font-size: 12pt; font-family: 'Times New Roman', serif;\">t<\/span><span style=\"font-size: 12pt; font-family: 'Times New Roman', serif;\">iden <\/span><span style=\"font-family: 'Times New Roman', serif; font-size: 12pt;\">du som bes\u00f6kare \u00e4r inne p\u00e5 v\u00e5r webbsida eller som en permanent cookie som \u00e4r en liten textfil som <\/span><\/p><p><span style=\"font-family: 'Times New Roman', serif; font-size: 12pt;\">ligger <\/span><span style=\"font-size: 12pt; font-family: 'Times New Roman', serif;\">kvar en best\u00e4md tid. Vi p\u00e5 Glittrigating.se anv\u00e4nder b\u00e5da typer av <\/span><span style=\"font-size: 12pt; font-family: 'Times New Roman', serif;\">cookies. <\/span><\/p><p><span style=\"font-size: 12pt; font-family: 'Times New Roman', serif;\">Om du inte vill ha n\u00e5gra cookies s\u00e5 kan du enkelt st\u00e4nga av dem i din webbl\u00e4sare <\/span><span style=\"font-family: 'Times New Roman', serif; font-size: 12pt;\">inf\u00f6r <\/span><span style=\"font-family: 'Times New Roman', serif; font-size: 12pt;\">ditt k\u00f6p hos oss.<\/span><\/p><p><span style=\"font-family: 'Times New Roman', serif; font-size: 12pt;\"> Hur anv\u00e4nder vi p\u00e5 Glittrigating.se cookies? Cookies syfte \u00e4r att f\u00f6rb\u00e4ttra <\/span><span style=\"font-family: 'Times New Roman', serif; font-size: 12pt;\">Sajten f\u00f6r bes\u00f6kare, detta <\/span><span style=\"font-family: 'Times New Roman', serif; font-size: 12pt;\">genom <\/span><\/p><p><span style=\"font-family: 'Times New Roman', serif; font-size: 12pt;\">att t.ex. anpassa sajten <\/span><span style=\"font-family: 'Times New Roman', serif; font-size: 12pt;\">efter bes\u00f6karens <\/span><span style=\"font-family: 'Times New Roman', serif; font-size: 12pt;\">\u00f6nskem\u00e5l, val <\/span><span style=\"font-family: 'Times New Roman', serif; font-size: 12pt;\">och intressen. Detta \u00e4r f\u00f6r att kunna hj\u00e4lpa dig att <\/span><\/p><p><span style=\"font-family: 'Times New Roman', serif; font-size: 12pt;\">h\u00e5lla reda p\u00e5 vilka varor du lagt i din varukorg, kunna <\/span><span style=\"font-family: 'Times New Roman', serif; font-size: 12pt;\">hantera ditt k\u00f6p och f\u00f6r att <\/span><span style=\"font-family: 'Times New Roman', serif; font-size: 12pt;\">kunna <\/span><span style=\"font-family: 'Times New Roman', serif; font-size: 12pt;\">anpassa <\/span><span style=\"font-family: 'Times New Roman', serif; font-size: 12pt;\">v\u00e5ra <\/span><span style=\"font-family: 'Times New Roman', serif; font-size: 12pt;\">tj\u00e4nster <\/span><\/p><p><span style=\"font-family: 'Times New Roman', serif; font-size: 12pt;\">s\u00e5 <\/span><span style=\"font-family: 'Times New Roman', serif; font-size: 12pt;\">att du f\u00e5r produktf\u00f6rslag som \u00e4r relevanta f\u00f6r dig och f\u00f6r att kunna fullg\u00f6ra v\u00e5ra \u00e5taganden vid <\/span><span style=\"font-family: 'Times New Roman', serif; font-size: 12pt;\">k\u00f6p.<\/span><\/p><p><span style=\"font-size: 12pt; font-family: 'Times New Roman', serif;\"> Permanenta cookies anv\u00e4nds f\u00f6r att anpassa sidan till dig och g\u00f6ra information och marknadsf\u00f6ring s\u00e5 <\/span><\/p><p><span style=\"font-size: 12pt; font-family: 'Times New Roman', serif;\">relevant som m\u00f6jligt f\u00f6r dig. <\/span><\/p><p><span style=\"font-size: 12pt; font-family: 'Times New Roman', serif;\">Sessionscookies anv\u00e4nder vi f\u00f6r att kunna registrera statistik \u00f6ver anv\u00e4ndandet av v\u00e5r sajt. <\/span><\/p><p><span style=\"font-size: 12pt; font-family: 'Times New Roman', serif;\">Genom att godk\u00e4nna Glittrigating.se:s allm\u00e4nna villkor och Integritetspolicy och anv\u00e4nda Glittrigating.se&#8217;s<\/span><\/p><p><span style=\"font-size: 12pt; font-family: 'Times New Roman', serif;\">webbplats samtycker du till <\/span><span style=\"font-size: 12pt; font-family: 'Times New Roman', serif;\">behandlingen av cookies enligt <\/span><span style=\"font-size: 12pt; font-family: 'Times New Roman', serif;\">informationen som ges h\u00e4r.<\/span><\/p><p><span style=\"font-size: 12pt; font-family: 'Times New Roman', serif;\">Hur tar man bort cookies? Om du inte vill att cookies anv\u00e4nds kan du st\u00e4nga av dessa i din <\/span><\/p><p><span style=\"font-size: 12pt; font-family: 'Times New Roman', serif;\">webbl\u00e4sares <\/span><span style=\"font-size: 12pt; font-family: 'Times New Roman', serif;\">s\u00e4kerhetsinst\u00e4llningar. <\/span><\/p><p><span style=\"font-size: 12pt; font-family: 'Times New Roman', serif;\">Du kan ocks\u00e5 st\u00e4lla in webbl\u00e4saren s\u00e5 att du f\u00e5r en fr\u00e5ga varje g\u00e5ng en webbplats f\u00f6rs\u00f6ker anv\u00e4nda sig av <\/span><\/p><p><span style=\"font-size: 12pt; font-family: 'Times New Roman', serif;\">cookies och med det sj\u00e4lv avg\u00f6ra fr\u00e5n g\u00e5ng till g\u00e5ng om <\/span><span style=\"font-size: 12pt; font-family: 'Times New Roman', serif;\">du vill att det anv\u00e4nds. Du kan ocks\u00e5 sj\u00e4lv radera <\/span><\/p><p><span style=\"font-size: 12pt; font-family: 'Times New Roman', serif;\">tidigare <\/span><span style=\"font-size: 12pt; font-family: 'Times New Roman', serif;\">lagrade cookies fr\u00e5n din webbl\u00e4sare, hur du g\u00f6r hittar du p\u00e5 din webbl\u00e4sarens hj\u00e4lpsidor. <\/span><\/p><p><span style=\"font-size: 12pt; font-family: 'Times New Roman', serif;\">Du kan ocks\u00e5 n\u00e4r som helst radera cookies manuellt fr\u00e5n din h\u00e5rddisk.<\/span><\/p>\t\t\t\t\t\t\t\t<\/div>\n\t\t\t\t<\/div>\n\t\t\t\t<div class=\"elementor-element elementor-element-e29a2e7 elementor-hidden-desktop elementor-hidden-tablet elementor-widget elementor-widget-text-editor\" data-id=\"e29a2e7\" data-element_type=\"widget\" data-widget_type=\"text-editor.default\">\n\t\t\t\t<div class=\"elementor-widget-container\">\n\t\t\t\t\t\t\t\t\t<p><span style=\"font-size: 12pt; font-family: 'Times New Roman', serif;\">Hos oss p\u00e5 Glittrigating.se anv\u00e4nds cookies. <\/span><\/p><p><span style=\"font-size: 12pt; font-family: 'Times New Roman', serif;\">En cookie \u00e4r en textfil som skickas<\/span><span style=\"font-size: 12pt; font-family: 'Times New Roman', serif;\"> ut ifr\u00e5n<\/span><\/p><p><span style=\"font-size: 12pt; font-family: 'Times New Roman', serif;\">v\u00e5r websida till din dator och d\u00e4r lagras den <\/span><\/p><p><span style=\"font-size: 12pt; font-family: 'Times New Roman', serif;\">antingen <\/span><span style=\"font-size: 12pt; font-family: 'Times New Roman', serif;\">som en <\/span><span style=\"font-size: 12pt; font-family: 'Times New Roman', serif;\">sessionscookie <\/span><span style=\"font-size: 12pt; font-family: 'Times New Roman', serif;\">i <\/span><span style=\"font-size: 12pt; font-family: 'Times New Roman', serif;\">minnet<\/span><\/p><p><span style=\"font-size: 12pt; font-family: 'Times New Roman', serif;\"> under tiden du som bes\u00f6kare \u00e4r inne p\u00e5 v\u00e5r <\/span><\/p><p><span style=\"font-size: 12pt; font-family: 'Times New Roman', serif;\">webbsida eller som <\/span><span style=\"font-size: 12pt; font-family: 'Times New Roman', serif;\">en permanent cookie som <\/span><\/p><p><span style=\"font-size: 12pt; font-family: 'Times New Roman', serif;\">\u00e4r en <\/span><span style=\"font-size: 12pt; font-family: 'Times New Roman', serif;\">liten textfil som och ligger <\/span><span style=\"font-size: 12pt; font-family: 'Times New Roman', serif;\">kvar <\/span><span style=\"font-size: 12pt; font-family: 'Times New Roman', serif;\">en <\/span><\/p><p><span style=\"font-size: 12pt; font-family: 'Times New Roman', serif;\">best\u00e4md <\/span><span style=\"font-size: 12pt; font-family: 'Times New Roman', serif;\">tid. <\/span><\/p><p><span style=\"font-size: 12pt; font-family: 'Times New Roman', serif;\">Vi p\u00e5 Glittrigating.se anv\u00e4nder b\u00e5da typer <\/span><\/p><p><span style=\"font-size: 12pt; font-family: 'Times New Roman', serif;\">av <\/span><span style=\"font-size: 12pt; font-family: 'Times New Roman', serif;\">cookies. <\/span><\/p><p><span style=\"font-size: 12pt; font-family: 'Times New Roman', serif;\">Om du inte vill ha n\u00e5gra cookies s\u00e5 kan du <\/span><\/p><p><span style=\"font-size: 12pt; font-family: 'Times New Roman', serif;\">enkelt st\u00e4nga av dem i din webbl\u00e4sare <\/span><span style=\"font-family: 'Times New Roman', serif; font-size: 12pt;\">inf\u00f6r<\/span><\/p><p><span style=\"font-family: 'Times New Roman', serif; font-size: 12pt;\"> ditt k\u00f6p hos oss. <\/span><\/p><p><span style=\"font-family: 'Times New Roman', serif; font-size: 12pt;\">Hur anv\u00e4nder vi p\u00e5 Glittrigating.se cookies?<\/span><\/p><p><span style=\"font-family: 'Times New Roman', serif; font-size: 12pt;\"> Cookies syfte \u00e4r att f\u00f6rb\u00e4ttra <\/span><span style=\"font-family: 'Times New Roman', serif; font-size: 12pt;\">Sajten f\u00f6r <\/span><\/p><p><span style=\"font-family: 'Times New Roman', serif; font-size: 12pt;\">bes\u00f6kare,<\/span><span style=\"font-family: 'Times New Roman', serif; font-size: 12pt;\"> detta <\/span><span style=\"font-family: 'Times New Roman', serif; font-size: 12pt;\">genom att t.ex. anpassa sajten <\/span><\/p><p><span style=\"font-family: 'Times New Roman', serif; font-size: 12pt;\">efter<\/span> <span style=\"font-family: 'Times New Roman', serif; font-size: 12pt;\">bes\u00f6karens <\/span><span style=\"font-family: 'Times New Roman', serif; font-size: 12pt;\">\u00f6nskem\u00e5l, val <\/span><span style=\"font-family: 'Times New Roman', serif; font-size: 12pt;\">och intressen. <\/span><\/p><p><span style=\"font-family: 'Times New Roman', serif; font-size: 12pt;\">Detta \u00e4r f\u00f6r att kunna hj\u00e4lpa dig att h\u00e5lla reda <\/span><\/p><p><span style=\"font-family: 'Times New Roman', serif; font-size: 12pt;\">p\u00e5 vilka varor du lagt i din varukorg, kunna <\/span><\/p><p><span style=\"font-family: 'Times New Roman', serif; font-size: 12pt;\">hantera ditt k\u00f6p och f\u00f6r att <\/span><span style=\"font-family: 'Times New Roman', serif; font-size: 12pt;\">kunna <\/span><span style=\"font-family: 'Times New Roman', serif; font-size: 12pt;\">anpassa<\/span><\/p><p><span style=\"font-family: 'Times New Roman', serif; font-size: 12pt;\"> v\u00e5ra tj\u00e4nster s\u00e5 <\/span><span style=\"font-family: 'Times New Roman', serif; font-size: 12pt;\">att du f\u00e5r produktf\u00f6rslag <\/span><\/p><p><span style=\"font-family: 'Times New Roman', serif; font-size: 12pt;\">som \u00e4r relevanta f\u00f6r dig och f\u00f6r att kunna <\/span><\/p><p><span style=\"font-family: 'Times New Roman', serif; font-size: 12pt;\">fullg\u00f6ra v\u00e5ra \u00e5taganden vid k\u00f6p.<\/span><\/p><p><span style=\"font-size: 12pt; font-family: 'Times New Roman', serif;\"> Permanenta cookies anv\u00e4nds f\u00f6r att <\/span><\/p><p><span style=\"font-size: 12pt; font-family: 'Times New Roman', serif;\">anpassa <\/span><span style=\"font-size: 12pt; font-family: 'Times New Roman', serif;\">sidan till dig och g\u00f6ra information <\/span><\/p><p><span style=\"font-size: 12pt; font-family: 'Times New Roman', serif;\">och <\/span><span style=\"font-size: 12pt; font-family: 'Times New Roman', serif;\">marknadsf\u00f6ring s\u00e5 relevant som m\u00f6jligt <\/span><\/p><p><span style=\"font-size: 12pt; font-family: 'Times New Roman', serif;\">f\u00f6r <\/span><span style=\"font-size: 12pt; font-family: 'Times New Roman', serif;\">dig. <\/span><\/p><p><span style=\"font-size: 12pt; font-family: 'Times New Roman', serif;\">Sessionscookies anv\u00e4nder vi f\u00f6r att <\/span><\/p><p><span style=\"font-size: 12pt; font-family: 'Times New Roman', serif;\">kunna <\/span><span style=\"font-size: 12pt; font-family: 'Times New Roman', serif;\">registrera statistik \u00f6ver <\/span><\/p><p><span style=\"font-size: 12pt; font-family: 'Times New Roman', serif;\">anv\u00e4ndandet av <\/span><span style=\"font-size: 12pt; font-family: 'Times New Roman', serif;\">v\u00e5r sajt. <\/span><\/p><p><span style=\"font-size: 12pt; font-family: 'Times New Roman', serif;\">Genom att godk\u00e4nna Glittrigating.se&#8217;s <\/span><\/p><p><span style=\"font-size: 12pt; font-family: 'Times New Roman', serif;\">allm\u00e4nna villkor och Integritetspolicy <\/span><\/p><p><span style=\"font-size: 12pt; font-family: 'Times New Roman', serif;\">och anv\u00e4nda Glittrigating.ses <\/span><span style=\"font-size: 12pt; font-family: 'Times New Roman', serif;\">webbplats <\/span><\/p><p><span style=\"font-size: 12pt; font-family: 'Times New Roman', serif;\">samtycker du till <\/span><span style=\"font-size: 12pt; font-family: 'Times New Roman', serif;\">behandlingen av cookies <\/span><\/p><p><span style=\"font-size: 12pt; font-family: 'Times New Roman', serif;\">enligt <\/span><span style=\"font-size: 12pt; font-family: 'Times New Roman', serif;\">informationen som ges h\u00e4r. <\/span><\/p><p><span style=\"font-size: 12pt; font-family: 'Times New Roman', serif;\">Hur tar man bort cookies? Om du inte vill <\/span><\/p><p><span style=\"font-size: 12pt; font-family: 'Times New Roman', serif;\">att cookies anv\u00e4nds kan du st\u00e4nga av <\/span><\/p><p><span style=\"font-size: 12pt; font-family: 'Times New Roman', serif;\">dessa i din webbl\u00e4sares s\u00e4kerhetsinst\u00e4llningar. <\/span><\/p><p><span style=\"font-size: 12pt; font-family: 'Times New Roman', serif;\">Du kan ocks\u00e5 st\u00e4lla in webbl\u00e4saren <\/span><span style=\"font-size: 12pt; font-family: 'Times New Roman', serif;\">s\u00e5<\/span><span style=\"font-size: 12pt; font-family: 'Times New Roman', serif;\"> att<\/span><\/p><p><span style=\"font-size: 12pt; font-family: 'Times New Roman', serif;\">du f\u00e5r en fr\u00e5ga varje g\u00e5ng en webbplats <\/span><\/p><p><span style=\"font-size: 12pt; font-family: 'Times New Roman', serif;\">f\u00f6rs\u00f6ker anv\u00e4nda sig av cookies och <\/span><\/p><p><span style=\"font-size: 12pt; font-family: 'Times New Roman', serif;\">med det sj\u00e4lv avg\u00f6ra fr\u00e5n g\u00e5ng till g\u00e5ng om <\/span><\/p><p><span style=\"font-size: 12pt; font-family: 'Times New Roman', serif;\">du vill att det anv\u00e4nds. Du kan ocks\u00e5 sj\u00e4lv <\/span><\/p><p><span style=\"font-size: 12pt; font-family: 'Times New Roman', serif;\">radera tidigare lagrade cookies fr\u00e5n din <\/span><\/p><p><span style=\"font-size: 12pt; font-family: 'Times New Roman', serif;\">\u00a0webbl\u00e4sare, <\/span><span style=\"font-size: 12pt; font-family: 'Times New Roman', serif;\">hur du g\u00f6r hittar du p\u00e5 din <\/span><\/p><p><span style=\"font-size: 12pt; font-family: 'Times New Roman', serif;\">webbl\u00e4sarens hj\u00e4lpsidor. <\/span><\/p><p><span style=\"font-size: 12pt; font-family: 'Times New Roman', serif;\">Du kan ocks\u00e5 n\u00e4r som helst radera cookies <\/span><\/p><p><span style=\"font-size: 12pt; font-family: 'Times New Roman', serif;\">manuellt fr\u00e5n din h\u00e5rddisk.<\/span><\/p>\t\t\t\t\t\t\t\t<\/div>\n\t\t\t\t<\/div>\n\t\t\t\t\t<\/div>\n\t\t<\/div>\n\t\t\t\t\t<\/div>\n\t\t<\/section>\n\t\t\t\t<\/div>\n\t\t","protected":false},"excerpt":{"rendered":"<p>Cookies Hos oss p\u00e5 Glittrigating.se anv\u00e4nds cookies. En cookie \u00e4r en textfil som skickas ut ifr\u00e5n v\u00e5r websida till din dator och d\u00e4r lagras den antingen som en sessionscookie i minnet under tiden du som bes\u00f6kare \u00e4r inne p\u00e5 v\u00e5r webbsida eller som en permanent cookie som \u00e4r en liten textfil som ligger kvar en [&hellip;]<\/p>\n","protected":false},"author":1,"featured_media":0,"parent":0,"menu_order":0,"comment_status":"closed","ping_status":"closed","template":"","meta":{"site-sidebar-layout":"no-sidebar","site-content-layout":"page-builder","ast-site-content-layout":"default","site-content-style":"default","site-sidebar-style":"default","ast-global-header-display":"","ast-banner-title-visibility":"","ast-main-header-display":"","ast-hfb-above-header-display":"","ast-hfb-below-header-display":"","ast-hfb-mobile-header-display":"","site-post-title":"disabled","ast-breadcrumbs-content":"","ast-featured-img":"disabled","footer-sml-layout":"","theme-transparent-header-meta":"","adv-header-id-meta":"","stick-header-meta":"","header-above-stick-meta":"","header-main-stick-meta":"","header-below-stick-meta":"","astra-migrate-meta-layouts":"default","ast-page-background-enabled":"default","ast-page-background-meta":{"desktop":{"background-color":"var(--ast-global-color-4)","background-image":"","background-repeat":"repeat","background-position":"center center","background-size":"auto","background-attachment":"scroll","background-type":"","background-media":"","overlay-type":"","overlay-color":"","overlay-opacity":"","overlay-gradient":""},"tablet":{"background-color":"","background-image":"","background-repeat":"repeat","background-position":"center center","background-size":"auto","background-attachment":"scroll","background-type":"","background-media":"","overlay-type":"","overlay-color":"","overlay-opacity":"","overlay-gradient":""},"mobile":{"background-color":"","background-image":"","background-repeat":"repeat","background-position":"center center","background-size":"auto","background-attachment":"scroll","background-type":"","background-media":"","overlay-type":"","overlay-color":"","overlay-opacity":"","overlay-gradient":""}},"ast-content-background-meta":{"desktop":{"background-color":"var(--ast-global-color-5)","background-image":"","background-repeat":"repeat","background-position":"center center","background-size":"auto","background-attachment":"scroll","background-type":"","background-media":"","overlay-type":"","overlay-color":"","overlay-opacity":"","overlay-gradient":""},"tablet":{"background-color":"var(--ast-global-color-5)","background-image":"","background-repeat":"repeat","background-position":"center center","background-size":"auto","background-attachment":"scroll","background-type":"","background-media":"","overlay-type":"","overlay-color":"","overlay-opacity":"","overlay-gradient":""},"mobile":{"background-color":"var(--ast-global-color-5)","background-image":"","background-repeat":"repeat","background-position":"center center","background-size":"auto","background-attachment":"scroll","background-type":"","background-media":"","overlay-type":"","overlay-color":"","overlay-opacity":"","overlay-gradient":""}},"footnotes":""},"class_list":["post-3080","page","type-page","status-publish","hentry"],"jetpack_sharing_enabled":true,"_links":{"self":[{"href":"https:\/\/www.glittrigating.se\/index.php\/wp-json\/wp\/v2\/pages\/3080","targetHints":{"allow":["GET"]}}],"collection":[{"href":"https:\/\/www.glittrigating.se\/index.php\/wp-json\/wp\/v2\/pages"}],"about":[{"href":"https:\/\/www.glittrigating.se\/index.php\/wp-json\/wp\/v2\/types\/page"}],"author":[{"embeddable":true,"href":"https:\/\/www.glittrigating.se\/index.php\/wp-json\/wp\/v2\/users\/1"}],"replies":[{"embeddable":true,"href":"https:\/\/www.glittrigating.se\/index.php\/wp-json\/wp\/v2\/comments?post=3080"}],"version-history":[{"count":31,"href":"https:\/\/www.glittrigating.se\/index.php\/wp-json\/wp\/v2\/pages\/3080\/revisions"}],"predecessor-version":[{"id":3148,"href":"https:\/\/www.glittrigating.se\/index.php\/wp-json\/wp\/v2\/pages\/3080\/revisions\/3148"}],"wp:attachment":[{"href":"https:\/\/www.glittrigating.se\/index.php\/wp-json\/wp\/v2\/media?parent=3080"}],"curies":[{"name":"wp","href":"https:\/\/api.w.org\/{rel}","templated":true}]}}