{"id":1011,"date":"2019-09-30T16:49:49","date_gmt":"2019-09-30T16:49:49","guid":{"rendered":"https:\/\/www.glittrigating.se\/index.php\/product\/lord-nelson-baeddset-sandhamn-9\/"},"modified":"2025-12-04T13:24:08","modified_gmt":"2025-12-04T13:24:08","slug":"lord-nelson-baeddset-sandhamn-9","status":"publish","type":"product","link":"https:\/\/www.glittrigating.se\/index.php\/product\/lord-nelson-baeddset-sandhamn-9\/","title":{"rendered":"Kosta Linnew\u00e4fveri Pl\u00e4d Jamaica"},"content":{"rendered":"","protected":false},"excerpt":{"rendered":"<h4>Kosta Linnew\u00e4fveri Pl\u00e4d Jamaica<\/h4>\n<p>Denna pl\u00e4d \u00e4r perfekt f\u00f6r kyliga h\u00f6st- och vinterkv\u00e4llar, att ha om axlarna eller vira in frusna f\u00f6tter i.<br \/>\nLjuvligt mjuk och f\u00f6ljsam.<\/p>\n<p>F\u00e4rg: Beige<br \/>\nStorlek: 130 x 170 cm<br \/>\nMaterial: 45% ull, 30% akryl, 20% polyester, 5% kashmir<br \/>\nTv\u00e4tta f\u00f6r hand.<br \/>\nTorktumla ej.<\/p>\n","protected":false},"featured_media":5693,"template":"","meta":{"site-sidebar-layout":"default","site-content-layout":"","ast-site-content-layout":"default","site-content-style":"default","site-sidebar-style":"default","ast-global-header-display":"","ast-banner-title-visibility":"","ast-main-header-display":"","ast-hfb-above-header-display":"","ast-hfb-below-header-display":"","ast-hfb-mobile-header-display":"","site-post-title":"","ast-breadcrumbs-content":"","ast-featured-img":"","footer-sml-layout":"","theme-transparent-header-meta":"default","adv-header-id-meta":"","stick-header-meta":"","header-above-stick-meta":"","header-main-stick-meta":"","header-below-stick-meta":"","astra-migrate-meta-layouts":"set","ast-page-background-enabled":"default","ast-page-background-meta":{"desktop":{"background-color":"var(--ast-global-color-4)","background-image":"","background-repeat":"repeat","background-position":"center center","background-size":"auto","background-attachment":"scroll","background-type":"","background-media":"","overlay-type":"","overlay-color":"","overlay-opacity":"","overlay-gradient":""},"tablet":{"background-color":"","background-image":"","background-repeat":"repeat","background-position":"center center","background-size":"auto","background-attachment":"scroll","background-type":"","background-media":"","overlay-type":"","overlay-color":"","overlay-opacity":"","overlay-gradient":""},"mobile":{"background-color":"","background-image":"","background-repeat":"repeat","background-position":"center center","background-size":"auto","background-attachment":"scroll","background-type":"","background-media":"","overlay-type":"","overlay-color":"","overlay-opacity":"","overlay-gradient":""}},"ast-content-background-meta":{"desktop":{"background-color":"var(--ast-global-color-5)","background-image":"","background-repeat":"repeat","background-position":"center center","background-size":"auto","background-attachment":"scroll","background-type":"","background-media":"","overlay-type":"","overlay-color":"","overlay-opacity":"","overlay-gradient":""},"tablet":{"background-color":"var(--ast-global-color-5)","background-image":"","background-repeat":"repeat","background-position":"center center","background-size":"auto","background-attachment":"scroll","background-type":"","background-media":"","overlay-type":"","overlay-color":"","overlay-opacity":"","overlay-gradient":""},"mobile":{"background-color":"var(--ast-global-color-5)","background-image":"","background-repeat":"repeat","background-position":"center center","background-size":"auto","background-attachment":"scroll","background-type":"","background-media":"","overlay-type":"","overlay-color":"","overlay-opacity":"","overlay-gradient":""}}},"product_brand":[],"product_cat":[113,93],"product_tag":[642,641,647,643,200,649,645,487,640,648,646],"class_list":{"0":"post-1011","1":"product","2":"type-product","3":"status-publish","4":"has-post-thumbnail","6":"product_cat-kosta-linnewaefveri","7":"product_cat-plaedar-filtar","8":"product_tag-150-x-200-cm","9":"product_tag-acryl","10":"product_tag-akryl","11":"product_tag-fransar","12":"product_tag-gra","13":"product_tag-jamaica","14":"product_tag-kashmir","15":"product_tag-kosta-linnewafveri","16":"product_tag-plad","17":"product_tag-polyester","18":"product_tag-ull","19":"desktop-align-left","20":"tablet-align-left","21":"mobile-align-left","23":"first","24":"instock","25":"taxable","26":"shipping-taxable","27":"purchasable","28":"product-type-simple"},"jetpack_sharing_enabled":true,"_links":{"self":[{"href":"https:\/\/www.glittrigating.se\/index.php\/wp-json\/wp\/v2\/product\/1011","targetHints":{"allow":["GET"]}}],"collection":[{"href":"https:\/\/www.glittrigating.se\/index.php\/wp-json\/wp\/v2\/product"}],"about":[{"href":"https:\/\/www.glittrigating.se\/index.php\/wp-json\/wp\/v2\/types\/product"}],"wp:featuredmedia":[{"embeddable":true,"href":"https:\/\/www.glittrigating.se\/index.php\/wp-json\/wp\/v2\/media\/5693"}],"wp:attachment":[{"href":"https:\/\/www.glittrigating.se\/index.php\/wp-json\/wp\/v2\/media?parent=1011"}],"wp:term":[{"taxonomy":"product_brand","embeddable":true,"href":"https:\/\/www.glittrigating.se\/index.php\/wp-json\/wp\/v2\/product_brand?post=1011"},{"taxonomy":"product_cat","embeddable":true,"href":"https:\/\/www.glittrigating.se\/index.php\/wp-json\/wp\/v2\/product_cat?post=1011"},{"taxonomy":"product_tag","embeddable":true,"href":"https:\/\/www.glittrigating.se\/index.php\/wp-json\/wp\/v2\/product_tag?post=1011"}],"curies":[{"name":"wp","href":"https:\/\/api.w.org\/{rel}","templated":true}]}}