{"id":1017,"date":"2019-09-30T16:58:52","date_gmt":"2019-09-30T16:58:52","guid":{"rendered":"https:\/\/www.glittrigating.se\/index.php\/product\/lord-nelson-baeddset-sandhamn-11\/"},"modified":"2026-01-19T17:11:19","modified_gmt":"2026-01-19T17:11:19","slug":"lord-nelson-baeddset-sandhamn-11","status":"publish","type":"product","link":"https:\/\/www.glittrigating.se\/index.php\/product\/lord-nelson-baeddset-sandhamn-11\/","title":{"rendered":"Kosta Linnew\u00e4fveri Pl\u00e4d M\u00e5rten"},"content":{"rendered":"","protected":false},"excerpt":{"rendered":"<h4>Kosta Linnew\u00e4fveri Pl\u00e4d M\u00e5rten<\/h4>\n<p>En underbar merinoullpl\u00e4d att svepa om sig en ruggig h\u00f6stdag.<br \/>\nMaterialblandningen g\u00f6r den mjuk, l\u00e4tt och \u00e4nd\u00e5 v\u00e4rmande.<br \/>\nKommer i det klassiska m\u00f6nstret &#8221;g\u00e5s\u00f6ga&#8221;, ett m\u00f6nster som st\u00e5r sig genom tiden.<\/p>\n<p>Material: 45% superfin merinoull, 30% acryl, 20% polyester och 5% cashmere<br \/>\nM\u00e5tt: 130 x 170 cm.<br \/>\nTv\u00e4tta f\u00f6r hand.<\/p>\n<p>Finns i tv\u00e5 varianter: Gr\u00e5 el natur.<\/p>\n","protected":false},"featured_media":5688,"template":"","meta":{"site-sidebar-layout":"default","site-content-layout":"default","ast-site-content-layout":"default","site-content-style":"default","site-sidebar-style":"default","ast-global-header-display":"","ast-banner-title-visibility":"","ast-main-header-display":"","ast-hfb-above-header-display":"","ast-hfb-below-header-display":"","ast-hfb-mobile-header-display":"","site-post-title":"","ast-breadcrumbs-content":"","ast-featured-img":"","footer-sml-layout":"","theme-transparent-header-meta":"default","adv-header-id-meta":"","stick-header-meta":"","header-above-stick-meta":"","header-main-stick-meta":"","header-below-stick-meta":"","astra-migrate-meta-layouts":"set","ast-page-background-enabled":"default","ast-page-background-meta":{"desktop":{"background-color":"var(--ast-global-color-4)","background-image":"","background-repeat":"repeat","background-position":"center center","background-size":"auto","background-attachment":"scroll","background-type":"","background-media":"","overlay-type":"","overlay-color":"","overlay-opacity":"","overlay-gradient":""},"tablet":{"background-color":"","background-image":"","background-repeat":"repeat","background-position":"center center","background-size":"auto","background-attachment":"scroll","background-type":"","background-media":"","overlay-type":"","overlay-color":"","overlay-opacity":"","overlay-gradient":""},"mobile":{"background-color":"","background-image":"","background-repeat":"repeat","background-position":"center center","background-size":"auto","background-attachment":"scroll","background-type":"","background-media":"","overlay-type":"","overlay-color":"","overlay-opacity":"","overlay-gradient":""}},"ast-content-background-meta":{"desktop":{"background-color":"var(--ast-global-color-5)","background-image":"","background-repeat":"repeat","background-position":"center center","background-size":"auto","background-attachment":"scroll","background-type":"","background-media":"","overlay-type":"","overlay-color":"","overlay-opacity":"","overlay-gradient":""},"tablet":{"background-color":"var(--ast-global-color-5)","background-image":"","background-repeat":"repeat","background-position":"center center","background-size":"auto","background-attachment":"scroll","background-type":"","background-media":"","overlay-type":"","overlay-color":"","overlay-opacity":"","overlay-gradient":""},"mobile":{"background-color":"var(--ast-global-color-5)","background-image":"","background-repeat":"repeat","background-position":"center center","background-size":"auto","background-attachment":"scroll","background-type":"","background-media":"","overlay-type":"","overlay-color":"","overlay-opacity":"","overlay-gradient":""}}},"product_brand":[],"product_cat":[113,93],"product_tag":[642,641,647,652,643,200,645,487,651,653,640,648,646],"class_list":{"0":"post-1017","1":"product","2":"type-product","3":"status-publish","4":"has-post-thumbnail","6":"product_cat-kosta-linnewaefveri","7":"product_cat-plaedar-filtar","8":"product_tag-150-x-200-cm","9":"product_tag-acryl","10":"product_tag-akryl","11":"product_tag-cashmere","12":"product_tag-fransar","13":"product_tag-gra","14":"product_tag-kashmir","15":"product_tag-kosta-linnewafveri","16":"product_tag-marten","17":"product_tag-merinoull","18":"product_tag-plad","19":"product_tag-polyester","20":"product_tag-ull","21":"desktop-align-left","22":"tablet-align-left","23":"mobile-align-left","25":"first","26":"instock","27":"taxable","28":"shipping-taxable","29":"purchasable","30":"product-type-simple"},"jetpack_sharing_enabled":true,"_links":{"self":[{"href":"https:\/\/www.glittrigating.se\/index.php\/wp-json\/wp\/v2\/product\/1017","targetHints":{"allow":["GET"]}}],"collection":[{"href":"https:\/\/www.glittrigating.se\/index.php\/wp-json\/wp\/v2\/product"}],"about":[{"href":"https:\/\/www.glittrigating.se\/index.php\/wp-json\/wp\/v2\/types\/product"}],"wp:featuredmedia":[{"embeddable":true,"href":"https:\/\/www.glittrigating.se\/index.php\/wp-json\/wp\/v2\/media\/5688"}],"wp:attachment":[{"href":"https:\/\/www.glittrigating.se\/index.php\/wp-json\/wp\/v2\/media?parent=1017"}],"wp:term":[{"taxonomy":"product_brand","embeddable":true,"href":"https:\/\/www.glittrigating.se\/index.php\/wp-json\/wp\/v2\/product_brand?post=1017"},{"taxonomy":"product_cat","embeddable":true,"href":"https:\/\/www.glittrigating.se\/index.php\/wp-json\/wp\/v2\/product_cat?post=1017"},{"taxonomy":"product_tag","embeddable":true,"href":"https:\/\/www.glittrigating.se\/index.php\/wp-json\/wp\/v2\/product_tag?post=1017"}],"curies":[{"name":"wp","href":"https:\/\/api.w.org\/{rel}","templated":true}]}}