{"id":1272,"date":"2019-11-05T09:18:46","date_gmt":"2019-11-05T09:18:46","guid":{"rendered":"https:\/\/www.glittrigating.se\/index.php\/product\/scarf-fjaerilar-turkos-16\/"},"modified":"2025-12-03T14:02:15","modified_gmt":"2025-12-03T14:02:15","slug":"scarf-fjaerilar-turkos-16","status":"publish","type":"product","link":"https:\/\/www.glittrigating.se\/index.php\/product\/scarf-fjaerilar-turkos-16\/","title":{"rendered":"PFG Orm \u00d6rh\u00e4ngen (Joanna Fingals Design Collection)"},"content":{"rendered":"","protected":false},"excerpt":{"rendered":"<h3>PFG Orm \u00d6rh\u00e4ngen<\/h3>\n<p>Guldpl\u00e4terade handgjorda \u00f6rh\u00e4ngen d\u00e4r ormen har ett r\u00e4fflat m\u00f6nster runt hela kroppen.<br \/>\nOrmen \u00e4r 5,2 cm l\u00e5ng.<br \/>\nKirurgiskt st\u00e5l i stiftet.<br \/>\nNickels\u00e4kert.<\/p>\n<p>JOANNA FINGALS DESIGN COLLECTION<br \/>\n&#8221;Shell we dance&#8221; by Joanna Fingal.<br \/>\nJoanna created this magical collection where fresh water pearls &amp; gold play an important part.<\/p>\n<p>pfgSTOCKHOLM har skapat en gnistrande v\u00e4rld av fantastiska smycken och accessoarer.<br \/>\npfgSTOCKHOLM har skapat tre koncept som har olika stilar &amp; prisklasser &#8211; allt f\u00f6r att du ska hitta just de smyckena som du beh\u00f6ver till livets alla olika situationer.<\/p>\n<p>pfgSTOCKHOLM\u00b4s koncept \u00e4r: PearlsForGirls som inneh\u00e5ller mycket av v\u00e5r snygga och eleganta vardagsbas som har v\u00e4ldigt bra priser, Blush som \u00e4r glittrigt, kul och f\u00e4rgstarkt och Noir som \u00e4r pfgSTOCKHOLM mest exklusiva koncept med mycket hantverk och d\u00e4r det ocks\u00e5 finns 925 silverprodukter.<\/p>\n<p>S\u00e5 oavsett om du ska vara snygg p\u00e5 jobbet, g\u00e5 p\u00e5 br\u00f6llop, \u00e5ka p\u00e5 semester eller g\u00e5 p\u00e5 en h\u00e4rlig middag s\u00e5 hittar du de perfekta smyckena och accessoarerna hos pfgSTOCKHOLM!<\/p>\n<p>I alla koncept \u00e4r p\u00e4rlorna en central plats. pfgSTOCKHOLM arbetar bara med \u00e4kta s\u00f6tvattensp\u00e4rlor (det \u00e4r dom som \u00e4r oregelbundna i formen) och Mother of Pearls (de har en j\u00e4mn form).<\/p>\n","protected":false},"featured_media":5636,"template":"","meta":{"site-sidebar-layout":"default","site-content-layout":"default","ast-site-content-layout":"default","site-content-style":"default","site-sidebar-style":"default","ast-global-header-display":"","ast-banner-title-visibility":"","ast-main-header-display":"","ast-hfb-above-header-display":"","ast-hfb-below-header-display":"","ast-hfb-mobile-header-display":"","site-post-title":"","ast-breadcrumbs-content":"","ast-featured-img":"","footer-sml-layout":"","theme-transparent-header-meta":"default","adv-header-id-meta":"","stick-header-meta":"","header-above-stick-meta":"","header-main-stick-meta":"","header-below-stick-meta":"","astra-migrate-meta-layouts":"set","ast-page-background-enabled":"default","ast-page-background-meta":{"desktop":{"background-color":"var(--ast-global-color-4)","background-image":"","background-repeat":"repeat","background-position":"center center","background-size":"auto","background-attachment":"scroll","background-type":"","background-media":"","overlay-type":"","overlay-color":"","overlay-opacity":"","overlay-gradient":""},"tablet":{"background-color":"","background-image":"","background-repeat":"repeat","background-position":"center center","background-size":"auto","background-attachment":"scroll","background-type":"","background-media":"","overlay-type":"","overlay-color":"","overlay-opacity":"","overlay-gradient":""},"mobile":{"background-color":"","background-image":"","background-repeat":"repeat","background-position":"center center","background-size":"auto","background-attachment":"scroll","background-type":"","background-media":"","overlay-type":"","overlay-color":"","overlay-opacity":"","overlay-gradient":""}},"ast-content-background-meta":{"desktop":{"background-color":"var(--ast-global-color-5)","background-image":"","background-repeat":"repeat","background-position":"center center","background-size":"auto","background-attachment":"scroll","background-type":"","background-media":"","overlay-type":"","overlay-color":"","overlay-opacity":"","overlay-gradient":""},"tablet":{"background-color":"var(--ast-global-color-5)","background-image":"","background-repeat":"repeat","background-position":"center center","background-size":"auto","background-attachment":"scroll","background-type":"","background-media":"","overlay-type":"","overlay-color":"","overlay-opacity":"","overlay-gradient":""},"mobile":{"background-color":"var(--ast-global-color-5)","background-image":"","background-repeat":"repeat","background-position":"center center","background-size":"auto","background-attachment":"scroll","background-type":"","background-media":"","overlay-type":"","overlay-color":"","overlay-opacity":"","overlay-gradient":""}}},"product_brand":[],"product_cat":[62],"product_tag":[351,814,811,810,813,305,815,304,298,809,283,812],"class_list":{"0":"post-1272","1":"product","2":"type-product","3":"status-publish","4":"has-post-thumbnail","6":"product_cat-oerhaengen","7":"product_tag-guldplaterade","8":"product_tag-handgjorda","9":"product_tag-influencer","10":"product_tag-joanna-fingal","11":"product_tag-joanna-fingals-design-collection","12":"product_tag-kirurgiskt-stal","13":"product_tag-kirurgiskt-stal-i-stiftet","14":"product_tag-nickelsakert","15":"product_tag-orhangen","16":"product_tag-ormar","17":"product_tag-pearls-for-girls","18":"product_tag-pfg","19":"desktop-align-left","20":"tablet-align-left","21":"mobile-align-left","23":"first","24":"outofstock","25":"taxable","26":"shipping-taxable","27":"purchasable","28":"product-type-simple"},"jetpack_sharing_enabled":true,"_links":{"self":[{"href":"https:\/\/www.glittrigating.se\/index.php\/wp-json\/wp\/v2\/product\/1272","targetHints":{"allow":["GET"]}}],"collection":[{"href":"https:\/\/www.glittrigating.se\/index.php\/wp-json\/wp\/v2\/product"}],"about":[{"href":"https:\/\/www.glittrigating.se\/index.php\/wp-json\/wp\/v2\/types\/product"}],"wp:featuredmedia":[{"embeddable":true,"href":"https:\/\/www.glittrigating.se\/index.php\/wp-json\/wp\/v2\/media\/5636"}],"wp:attachment":[{"href":"https:\/\/www.glittrigating.se\/index.php\/wp-json\/wp\/v2\/media?parent=1272"}],"wp:term":[{"taxonomy":"product_brand","embeddable":true,"href":"https:\/\/www.glittrigating.se\/index.php\/wp-json\/wp\/v2\/product_brand?post=1272"},{"taxonomy":"product_cat","embeddable":true,"href":"https:\/\/www.glittrigating.se\/index.php\/wp-json\/wp\/v2\/product_cat?post=1272"},{"taxonomy":"product_tag","embeddable":true,"href":"https:\/\/www.glittrigating.se\/index.php\/wp-json\/wp\/v2\/product_tag?post=1272"}],"curies":[{"name":"wp","href":"https:\/\/api.w.org\/{rel}","templated":true}]}}