{"id":1465,"date":"2020-02-17T15:40:44","date_gmt":"2020-02-17T15:40:44","guid":{"rendered":"https:\/\/www.glittrigating.se\/index.php\/product\/orrefors-carat-ljusstake-2-pack-133\/"},"modified":"2025-12-22T14:28:40","modified_gmt":"2025-12-22T14:28:40","slug":"orrefors-carat-ljusstake-2-pack-133","status":"publish","type":"product","link":"https:\/\/www.glittrigating.se\/index.php\/product\/orrefors-carat-ljusstake-2-pack-133\/","title":{"rendered":"Kosta Boda Line XL Vin 44 cl"},"content":{"rendered":"","protected":false},"excerpt":{"rendered":"<div class=\"col-sm-12 col-md-8\">\n<div class=\"col-sm-12 col-md-8\">\n<div class=\"series__content\">\n<div class=\"collection-intro\">\n<div class=\"row\">\n<div class=\"span9\">\n<div class=\"page\" title=\"Page 53\">\n<div class=\"section\">\n<div class=\"layoutArea\">\n<div class=\"column\">\n<div class=\"col-sm-12 col-md-8\">\n<div class=\"series__content\">\n<h4>Kosta Boda Line Vin 28 cl<\/h4>\n<p>Handdiskas!<\/p>\n<h5><\/h5>\n<h5 class=\"MsoNormal\">Line<\/h5>\n<p class=\"MsoNormal\">Handmade in Sweden<br \/>\n\u2013 En serie av Anna Ehrner<br \/>\nDen spunna glastr\u00e5den som l\u00e4ggs p\u00e5 f\u00f6r hand \u00e4r ett signum f\u00f6r svenskt kvalitetshantverk.<\/p>\n<h5>Anna Ehrner<\/h5>\n<p>F\u00f6dd 1948 i Danderyd \u00e4r en svensk formgivare och glaskonstn\u00e4r. Hon har \u00e4ven arbetat som l\u00e4rare p\u00e5 Konstfack.<\/p>\n<p>Anna Ehrner \u00e4r en experimentell och sparsmakad stilist som k\u00e4nnetecknas av sitt enkla men kraftfulla formspr\u00e5k och sin f\u00f6rm\u00e5ga att med ett sparsamt anv\u00e4ndande av f\u00e4rger uppn\u00e5 stor f\u00e4rgprakt. F\u00e4rgade sl\u00f6jor inne i glasmassan har blivit ett s\u00e4rskilt k\u00e4nnetecken f\u00f6r Ehrner, liksom det ringlande glaset som \u00e5terfinns i serierna Basket och Energy. Anna st\u00e5r bakom flera f\u00f6rs\u00e4ljningssucc\u00e9er som servisen Line och sk\u00e5lserien Contrast och p\u00e5 senare tid Basket och Cup Cake.<\/p>\n<p>\u201dF\u00f6r mig \u00e4r hyttan skapelsen. H\u00e4r f\u00f6ds, formas och lever glaset. Jag vill ta vara p\u00e5 glasets egna liv, arbeta med det och inte emot det. F\u00f6lja glasmassan, kraften, som inte g\u00e5r att tygla, men samtidigt se det enkla och subtila.\u201d<\/p>\n<p><strong>H\u00f6jd:<\/strong><br \/>\n230 mm<br \/>\n<strong>L\u00e4ngd:<\/strong><br \/>\n0 mm<br \/>\n<strong>Bredd:<\/strong><br \/>\n83 mm<br \/>\n<strong>Vikt:<\/strong><br \/>\n0.250 kg<\/p>\n<h2><\/h2>\n<\/div>\n<\/div>\n<\/div>\n<\/div>\n<\/div>\n<\/div>\n<\/div>\n<\/div>\n<\/div>\n<\/div>\n<\/div>\n<\/div>\n","protected":false},"featured_media":2600,"template":"","meta":{"site-sidebar-layout":"default","site-content-layout":"default","ast-site-content-layout":"default","site-content-style":"default","site-sidebar-style":"default","ast-global-header-display":"","ast-banner-title-visibility":"","ast-main-header-display":"","ast-hfb-above-header-display":"","ast-hfb-below-header-display":"","ast-hfb-mobile-header-display":"","site-post-title":"","ast-breadcrumbs-content":"","ast-featured-img":"","footer-sml-layout":"","theme-transparent-header-meta":"default","adv-header-id-meta":"","stick-header-meta":"","header-above-stick-meta":"","header-main-stick-meta":"","header-below-stick-meta":"","astra-migrate-meta-layouts":"set","ast-page-background-enabled":"default","ast-page-background-meta":{"desktop":{"background-color":"var(--ast-global-color-4)","background-image":"","background-repeat":"repeat","background-position":"center center","background-size":"auto","background-attachment":"scroll","background-type":"","background-media":"","overlay-type":"","overlay-color":"","overlay-opacity":"","overlay-gradient":""},"tablet":{"background-color":"","background-image":"","background-repeat":"repeat","background-position":"center center","background-size":"auto","background-attachment":"scroll","background-type":"","background-media":"","overlay-type":"","overlay-color":"","overlay-opacity":"","overlay-gradient":""},"mobile":{"background-color":"","background-image":"","background-repeat":"repeat","background-position":"center center","background-size":"auto","background-attachment":"scroll","background-type":"","background-media":"","overlay-type":"","overlay-color":"","overlay-opacity":"","overlay-gradient":""}},"ast-content-background-meta":{"desktop":{"background-color":"var(--ast-global-color-5)","background-image":"","background-repeat":"repeat","background-position":"center center","background-size":"auto","background-attachment":"scroll","background-type":"","background-media":"","overlay-type":"","overlay-color":"","overlay-opacity":"","overlay-gradient":""},"tablet":{"background-color":"var(--ast-global-color-5)","background-image":"","background-repeat":"repeat","background-position":"center center","background-size":"auto","background-attachment":"scroll","background-type":"","background-media":"","overlay-type":"","overlay-color":"","overlay-opacity":"","overlay-gradient":""},"mobile":{"background-color":"var(--ast-global-color-5)","background-image":"","background-repeat":"repeat","background-position":"center center","background-size":"auto","background-attachment":"scroll","background-type":"","background-media":"","overlay-type":"","overlay-color":"","overlay-opacity":"","overlay-gradient":""}}},"product_brand":[],"product_cat":[101,66,142],"product_tag":[146,148,182,159,893,423,424,177],"class_list":{"0":"post-1465","1":"product","2":"type-product","3":"status-publish","4":"has-post-thumbnail","6":"product_cat-designglas","7":"product_cat-kosta-boda","8":"product_cat-line","9":"product_tag-glas","10":"product_tag-klar","11":"product_tag-kosta","12":"product_tag-kosta-boda","13":"product_tag-line","14":"product_tag-rodvin","15":"product_tag-rott-vin","16":"product_tag-vin","17":"desktop-align-left","18":"tablet-align-left","19":"mobile-align-left","21":"first","22":"instock","23":"taxable","24":"shipping-taxable","25":"purchasable","26":"product-type-simple"},"jetpack_sharing_enabled":true,"_links":{"self":[{"href":"https:\/\/www.glittrigating.se\/index.php\/wp-json\/wp\/v2\/product\/1465","targetHints":{"allow":["GET"]}}],"collection":[{"href":"https:\/\/www.glittrigating.se\/index.php\/wp-json\/wp\/v2\/product"}],"about":[{"href":"https:\/\/www.glittrigating.se\/index.php\/wp-json\/wp\/v2\/types\/product"}],"wp:featuredmedia":[{"embeddable":true,"href":"https:\/\/www.glittrigating.se\/index.php\/wp-json\/wp\/v2\/media\/2600"}],"wp:attachment":[{"href":"https:\/\/www.glittrigating.se\/index.php\/wp-json\/wp\/v2\/media?parent=1465"}],"wp:term":[{"taxonomy":"product_brand","embeddable":true,"href":"https:\/\/www.glittrigating.se\/index.php\/wp-json\/wp\/v2\/product_brand?post=1465"},{"taxonomy":"product_cat","embeddable":true,"href":"https:\/\/www.glittrigating.se\/index.php\/wp-json\/wp\/v2\/product_cat?post=1465"},{"taxonomy":"product_tag","embeddable":true,"href":"https:\/\/www.glittrigating.se\/index.php\/wp-json\/wp\/v2\/product_tag?post=1465"}],"curies":[{"name":"wp","href":"https:\/\/api.w.org\/{rel}","templated":true}]}}