{"id":1580,"date":"2020-02-19T17:15:30","date_gmt":"2020-02-19T17:15:30","guid":{"rendered":"https:\/\/www.glittrigating.se\/index.php\/product\/orrefors-carat-ljusstake-2-pack-141\/"},"modified":"2025-11-10T19:06:25","modified_gmt":"2025-11-10T19:06:25","slug":"orrefors-carat-ljusstake-2-pack-141","status":"publish","type":"product","link":"https:\/\/www.glittrigating.se\/index.php\/product\/orrefors-carat-ljusstake-2-pack-141\/","title":{"rendered":"&#8221;Orust-brickor&#8221; Vincent skepp Ohoj bricka"},"content":{"rendered":"","protected":false},"excerpt":{"rendered":"<div class=\"col-sm-12 col-md-8\">\n<div class=\"feature-row__item feature-row__text feature-row__text--right\">\n<div class=\"rte rte-setting featured-row__subtext\">\n<p>R\u00e5ttan Vincent och hans kompis Ebba \u00e4r skapade av konstn\u00e4ren Tina Lundgren, verksam i Yngsj\u00f6, Sk\u00e5ne. www.tinalundgren.com<\/p>\n<p>Vincent har funnits i ett antal \u00e5r men nu \u00e4r han redo att er\u00f6vra v\u00e4rlden.<br \/>\nVincent och Ebbas \u00e4ventyr presenteras i olika kollektioner som fylls p\u00e5 med nya produkter efterhand.<\/p>\n<p>Finns i 5 olika modeller.<\/p>\n<p>Bricka 1: Rektangul\u00e4r 20 x 27 cm (h\u00f6jd:15 mm)<br \/>\nBricka 2: Rektangul\u00e4r 36 x 28 cm (h\u00f6jd:15 mm)<br \/>\nBricka 3: Rund diameter: 25 cm (h\u00f6jd:15 mm)<br \/>\nBricka 4: Rund diameter: 49 cm (h\u00f6jd:15 mm)<br \/>\n<span style=\"font-size: 16px;\">Bricka 5: Rund diameter: 65 cm (h\u00f6jd:25 mm)<\/span><\/p>\n<\/div>\n<\/div>\n<div class=\"feature-row__item feature-row__text feature-row__text--right\">\n<div class=\"rte rte-setting featured-row__subtext\">\n<div class=\"col-sm-12 col-md-6\">Vincent \u00e4r en h\u00e5llbar r\u00e5tta s\u00e5 alla produkter \u00e4r tillverkade i Sverige med Vincents milj\u00f6t\u00e4nk.<\/div>\n<div class=\"col-sm-12 col-md-6\">Brickorna \u00e4r tillverkade av flera ark av FSC\u00ae-certifierat bj\u00f6rkfan\u00e9r som l\u00e4ggs samman f\u00f6r hand innan de pressas ihop under h\u00f6gt tryck och v\u00e4rme. Motivet skyddas av ett melaminbaserat ytskikt vilket g\u00f6r ytan slitstark och v\u00e4rmet\u00e5lig. Produkterna t\u00e5l maskindisk men ytan h\u00e5ller sig fin l\u00e4ngre om man handdiskar.<\/div>\n<\/div>\n<\/div>\n<\/div>\n","protected":false},"featured_media":2718,"template":"","meta":{"site-sidebar-layout":"default","site-content-layout":"default","ast-site-content-layout":"default","site-content-style":"default","site-sidebar-style":"default","ast-global-header-display":"","ast-banner-title-visibility":"","ast-main-header-display":"","ast-hfb-above-header-display":"","ast-hfb-below-header-display":"","ast-hfb-mobile-header-display":"","site-post-title":"","ast-breadcrumbs-content":"","ast-featured-img":"","footer-sml-layout":"","theme-transparent-header-meta":"default","adv-header-id-meta":"","stick-header-meta":"","header-above-stick-meta":"","header-main-stick-meta":"","header-below-stick-meta":"","astra-migrate-meta-layouts":"set","ast-page-background-enabled":"default","ast-page-background-meta":{"desktop":{"background-color":"var(--ast-global-color-4)","background-image":"","background-repeat":"repeat","background-position":"center center","background-size":"auto","background-attachment":"scroll","background-type":"","background-media":"","overlay-type":"","overlay-color":"","overlay-opacity":"","overlay-gradient":""},"tablet":{"background-color":"","background-image":"","background-repeat":"repeat","background-position":"center center","background-size":"auto","background-attachment":"scroll","background-type":"","background-media":"","overlay-type":"","overlay-color":"","overlay-opacity":"","overlay-gradient":""},"mobile":{"background-color":"","background-image":"","background-repeat":"repeat","background-position":"center center","background-size":"auto","background-attachment":"scroll","background-type":"","background-media":"","overlay-type":"","overlay-color":"","overlay-opacity":"","overlay-gradient":""}},"ast-content-background-meta":{"desktop":{"background-color":"var(--ast-global-color-5)","background-image":"","background-repeat":"repeat","background-position":"center center","background-size":"auto","background-attachment":"scroll","background-type":"","background-media":"","overlay-type":"","overlay-color":"","overlay-opacity":"","overlay-gradient":""},"tablet":{"background-color":"var(--ast-global-color-5)","background-image":"","background-repeat":"repeat","background-position":"center center","background-size":"auto","background-attachment":"scroll","background-type":"","background-media":"","overlay-type":"","overlay-color":"","overlay-opacity":"","overlay-gradient":""},"mobile":{"background-color":"var(--ast-global-color-5)","background-image":"","background-repeat":"repeat","background-position":"center center","background-size":"auto","background-attachment":"scroll","background-type":"","background-media":"","overlay-type":"","overlay-color":"","overlay-opacity":"","overlay-gradient":""}}},"product_brand":[],"product_cat":[110,116,125],"product_tag":[1066,438,439,444,445,954,955,1064,953,434,440,433],"class_list":{"0":"post-1580","1":"product","2":"type-product","3":"status-publish","4":"has-post-thumbnail","6":"product_cat-brickor","7":"product_cat-brickor-inredning","8":"product_cat-vincent-ebba","9":"product_tag-20-x-27-cm","10":"product_tag-bricka","11":"product_tag-brickor","12":"product_tag-fyrkantig","13":"product_tag-fyrkantig-bricka","14":"product_tag-orust","15":"product_tag-orustbricka","16":"product_tag-rektangular","17":"product_tag-skeppohoj","18":"product_tag-tina-lundgren","19":"product_tag-vincent","20":"product_tag-vincent-ebba","21":"desktop-align-left","22":"tablet-align-left","23":"mobile-align-left","25":"first","26":"instock","27":"taxable","28":"shipping-taxable","29":"purchasable","30":"product-type-variable"},"jetpack_sharing_enabled":true,"_links":{"self":[{"href":"https:\/\/www.glittrigating.se\/index.php\/wp-json\/wp\/v2\/product\/1580","targetHints":{"allow":["GET"]}}],"collection":[{"href":"https:\/\/www.glittrigating.se\/index.php\/wp-json\/wp\/v2\/product"}],"about":[{"href":"https:\/\/www.glittrigating.se\/index.php\/wp-json\/wp\/v2\/types\/product"}],"wp:featuredmedia":[{"embeddable":true,"href":"https:\/\/www.glittrigating.se\/index.php\/wp-json\/wp\/v2\/media\/2718"}],"wp:attachment":[{"href":"https:\/\/www.glittrigating.se\/index.php\/wp-json\/wp\/v2\/media?parent=1580"}],"wp:term":[{"taxonomy":"product_brand","embeddable":true,"href":"https:\/\/www.glittrigating.se\/index.php\/wp-json\/wp\/v2\/product_brand?post=1580"},{"taxonomy":"product_cat","embeddable":true,"href":"https:\/\/www.glittrigating.se\/index.php\/wp-json\/wp\/v2\/product_cat?post=1580"},{"taxonomy":"product_tag","embeddable":true,"href":"https:\/\/www.glittrigating.se\/index.php\/wp-json\/wp\/v2\/product_tag?post=1580"}],"curies":[{"name":"wp","href":"https:\/\/api.w.org\/{rel}","templated":true}]}}