{"id":1911,"date":"2020-03-09T16:31:35","date_gmt":"2020-03-09T16:31:35","guid":{"rendered":"https:\/\/www.glittrigating.se\/index.php\/product\/froehus-vas-med-lock-5\/"},"modified":"2026-02-02T14:45:20","modified_gmt":"2026-02-02T14:45:20","slug":"froehus-vas-med-lock-5","status":"publish","type":"product","link":"https:\/\/www.glittrigating.se\/index.php\/product\/froehus-vas-med-lock-5\/","title":{"rendered":"Fr\u00f6hus ljuslykta h\u00f6g"},"content":{"rendered":"<h3>Fr\u00f6hus ljuslykta h\u00f6g<\/h3>\n<h3>Fin att blanda med mellan, l\u00e5g el stj\u00e4rna Fr\u00f6huslykta.<\/h3>\n<h3>H\u00f6jd:9,5 cm<br \/>\nDiameter:12 cm<br \/>\nMaterial: keramik<br \/>\nFinns i 5 olika f\u00e4rger: natur, lav, \u00e5skbl\u00e5, terracotta eller dimgr\u00e5.<\/h3>\n","protected":false},"excerpt":{"rendered":"<p>Fin att blanda med mellan, l\u00e5g el stj\u00e4rna Fr\u00f6huslykta.<\/p>\n<p>H\u00f6jd:9,5 cm<br \/>\nDiameter:12 cm<br \/>\nMaterial: keramik<br \/>\nFinns i 5 olika f\u00e4rger: natur, lav, \u00e5skbl\u00e5, terracotta eller dimgr\u00e5.<\/p>\n<p>PARADISVERKSTADEN grundades 1975 av Eva och Olof Paradis, och har blivit ett v\u00e4lk\u00e4nt utflyktsm\u00e5l p\u00e5 \u00d6land med sin \u00f6ppna verkstad och gener\u00f6sa butik. P\u00e5 80-talet b\u00f6rjade ett samarbete med Slottsbodarna och Paradisverkstaden blev HOV-Leverant\u00f6r.<\/p>\n<p>KERAMIKEN TILLVERKAS mestadels i verkstaden p\u00e5 \u00d6land. Att allt gods drejas, glaseras och pensel m\u00e5las f\u00f6r hand g\u00f6r att ingen tallrik eller sk\u00e5l blir den andra lik. H\u00e4ndernas linjer efter drejningen syns i leran, vars r\u00e5a textur f\u00e5r skymta fram p\u00e5 undersidan av delarna. Alla delar \u00e4r t\u00e4nkta att anv\u00e4ndas i vardagen och g\u00e5r att diska i diskmaskin och v\u00e4rma i ugn och i mikro d\u00e5 de \u00e4r tillverkade i stengodslera.<\/p>\n","protected":false},"featured_media":5465,"template":"","meta":{"site-sidebar-layout":"default","site-content-layout":"default","ast-site-content-layout":"default","site-content-style":"default","site-sidebar-style":"default","ast-global-header-display":"","ast-banner-title-visibility":"","ast-main-header-display":"","ast-hfb-above-header-display":"","ast-hfb-below-header-display":"","ast-hfb-mobile-header-display":"","site-post-title":"","ast-breadcrumbs-content":"","ast-featured-img":"","footer-sml-layout":"","theme-transparent-header-meta":"default","adv-header-id-meta":"","stick-header-meta":"","header-above-stick-meta":"","header-main-stick-meta":"","header-below-stick-meta":"","astra-migrate-meta-layouts":"set","ast-page-background-enabled":"default","ast-page-background-meta":{"desktop":{"background-color":"var(--ast-global-color-4)","background-image":"","background-repeat":"repeat","background-position":"center center","background-size":"auto","background-attachment":"scroll","background-type":"","background-media":"","overlay-type":"","overlay-color":"","overlay-opacity":"","overlay-gradient":""},"tablet":{"background-color":"","background-image":"","background-repeat":"repeat","background-position":"center center","background-size":"auto","background-attachment":"scroll","background-type":"","background-media":"","overlay-type":"","overlay-color":"","overlay-opacity":"","overlay-gradient":""},"mobile":{"background-color":"","background-image":"","background-repeat":"repeat","background-position":"center center","background-size":"auto","background-attachment":"scroll","background-type":"","background-media":"","overlay-type":"","overlay-color":"","overlay-opacity":"","overlay-gradient":""}},"ast-content-background-meta":{"desktop":{"background-color":"var(--ast-global-color-5)","background-image":"","background-repeat":"repeat","background-position":"center center","background-size":"auto","background-attachment":"scroll","background-type":"","background-media":"","overlay-type":"","overlay-color":"","overlay-opacity":"","overlay-gradient":""},"tablet":{"background-color":"var(--ast-global-color-5)","background-image":"","background-repeat":"repeat","background-position":"center center","background-size":"auto","background-attachment":"scroll","background-type":"","background-media":"","overlay-type":"","overlay-color":"","overlay-opacity":"","overlay-gradient":""},"mobile":{"background-color":"var(--ast-global-color-5)","background-image":"","background-repeat":"repeat","background-position":"center center","background-size":"auto","background-attachment":"scroll","background-type":"","background-media":"","overlay-type":"","overlay-color":"","overlay-opacity":"","overlay-gradient":""}}},"product_brand":[],"product_cat":[96,124],"product_tag":[1230,1229,1226,200,187,1231,1220,1221,1223,1224,622,1219,1228],"class_list":{"0":"post-1911","1":"product","2":"type-product","3":"status-publish","4":"has-post-thumbnail","6":"product_cat-keramik","7":"product_cat-paradisverkstaden","8":"product_tag-askbla","9":"product_tag-dimgra","10":"product_tag-frohus","11":"product_tag-gra","12":"product_tag-gron","13":"product_tag-hog","14":"product_tag-hovleverantor","15":"product_tag-kunglig-hovleverantor","16":"product_tag-lav","17":"product_tag-ljus-gron","18":"product_tag-natur","19":"product_tag-paradisverkstaden","20":"product_tag-terracotta","21":"desktop-align-left","22":"tablet-align-left","23":"mobile-align-left","25":"first","26":"outofstock","27":"taxable","28":"shipping-taxable","29":"purchasable","30":"product-type-variable"},"jetpack_sharing_enabled":true,"_links":{"self":[{"href":"https:\/\/www.glittrigating.se\/index.php\/wp-json\/wp\/v2\/product\/1911","targetHints":{"allow":["GET"]}}],"collection":[{"href":"https:\/\/www.glittrigating.se\/index.php\/wp-json\/wp\/v2\/product"}],"about":[{"href":"https:\/\/www.glittrigating.se\/index.php\/wp-json\/wp\/v2\/types\/product"}],"wp:featuredmedia":[{"embeddable":true,"href":"https:\/\/www.glittrigating.se\/index.php\/wp-json\/wp\/v2\/media\/5465"}],"wp:attachment":[{"href":"https:\/\/www.glittrigating.se\/index.php\/wp-json\/wp\/v2\/media?parent=1911"}],"wp:term":[{"taxonomy":"product_brand","embeddable":true,"href":"https:\/\/www.glittrigating.se\/index.php\/wp-json\/wp\/v2\/product_brand?post=1911"},{"taxonomy":"product_cat","embeddable":true,"href":"https:\/\/www.glittrigating.se\/index.php\/wp-json\/wp\/v2\/product_cat?post=1911"},{"taxonomy":"product_tag","embeddable":true,"href":"https:\/\/www.glittrigating.se\/index.php\/wp-json\/wp\/v2\/product_tag?post=1911"}],"curies":[{"name":"wp","href":"https:\/\/api.w.org\/{rel}","templated":true}]}}