{"id":1936,"date":"2020-03-11T08:32:25","date_gmt":"2020-03-11T08:32:25","guid":{"rendered":"https:\/\/www.glittrigating.se\/index.php\/product\/froehus-vas-med-lock-10\/"},"modified":"2026-02-02T14:45:39","modified_gmt":"2026-02-02T14:45:39","slug":"froehus-vas-med-lock-10","status":"publish","type":"product","link":"https:\/\/www.glittrigating.se\/index.php\/product\/froehus-vas-med-lock-10\/","title":{"rendered":"Paradisverkstaden Linje Ljusfat &#8211; stort"},"content":{"rendered":"<h3>Paradisverkstaden Ljusfat Linje<\/h3>\n<h3>Stengods, drejad och m\u00e5lad f\u00f6r hand. Vit botten med f\u00e4rgade linjer. Vackert och tryggt med ljuset, kul att l\u00e4gga godsaker i fatet, tex dragerade \u00e4gg till p\u00e5sk och n\u00f6tter eller mossa till jul. Extra fin till Moas nya kollektion &#8221;AfroRut&#8221; krukor, vaser och sk\u00e5lar. Form Moa Paradis<\/h3>\n<h3>H\u00f6jd: 10 cm<br \/>\nDiameter: 25 cm<br \/>\nMaterial: keramik<\/h3>\n<h3>Finns i 6 olika utf\u00f6randen:<br \/>\nvit &amp; gr\u00e5<br \/>\nvit &amp; silver<br \/>\nvit &amp; r\u00f6d (korallr\u00f6d)<br \/>\nvit &amp; orange<br \/>\nvit &amp; gul (guldoliv)<br \/>\nvit &amp; turkos (mint)<\/h3>\n","protected":false},"excerpt":{"rendered":"<p>Paradisverkstaden Ljusfat Linje<\/p>\n<p>Stengods, drejad och m\u00e5lad f\u00f6r hand. Vit botten med f\u00e4rgade linjer. Vackert och tryggt med ljuset, kul att l\u00e4gga godsaker i fatet, tex dragerade \u00e4gg till p\u00e5sk och n\u00f6tter eller mossa till jul. Extra fin till Moas nya kollektion &#8221;AfroRut&#8221; krukor, vaser och sk\u00e5lar. Form Moa Paradis<\/p>\n<p>H\u00f6jd: 10 cm<br \/>\nDiameter: 25 cm<br \/>\nMaterial: keramik<\/p>\n<p>Finns i 6 olika utf\u00f6randen:<br \/>\nvit &amp; gr\u00e5<br \/>\nvit &amp; silver<br \/>\nvit &amp; r\u00f6d (korallr\u00f6d)<br \/>\nvit &amp; orange<br \/>\nvit &amp; gul (guldoliv)<br \/>\nvit &amp; turkos (mint)<\/p>\n<p>PARADISVERKSTADEN grundades 1975 av Eva och Olof Paradis, och har blivit ett v\u00e4lk\u00e4nt utflyktsm\u00e5l p\u00e5 \u00d6land med sin \u00f6ppna verkstad och gener\u00f6sa butik. P\u00e5 80-talet b\u00f6rjade ett samarbete med Slottsbodarna och Paradisverkstaden blev HOV-Leverant\u00f6r.<\/p>\n<p>KERAMIKEN TILLVERKAS mestadels i verkstaden p\u00e5 \u00d6land. Att allt gods drejas, glaseras och pensel m\u00e5las f\u00f6r hand g\u00f6r att ingen tallrik eller sk\u00e5l blir den andra lik. H\u00e4ndernas linjer efter drejningen syns i leran, vars r\u00e5a textur f\u00e5r skymta fram p\u00e5 undersidan av delarna. Alla delar \u00e4r t\u00e4nkta att anv\u00e4ndas i vardagen och g\u00e5r att diska i diskmaskin och v\u00e4rma i ugn och i mikro d\u00e5 de \u00e4r tillverkade i stengodslera.<\/p>\n","protected":false},"featured_media":5457,"template":"","meta":{"site-sidebar-layout":"default","site-content-layout":"default","ast-site-content-layout":"default","site-content-style":"default","site-sidebar-style":"default","ast-global-header-display":"","ast-banner-title-visibility":"","ast-main-header-display":"","ast-hfb-above-header-display":"","ast-hfb-below-header-display":"","ast-hfb-mobile-header-display":"","site-post-title":"","ast-breadcrumbs-content":"","ast-featured-img":"","footer-sml-layout":"","theme-transparent-header-meta":"default","adv-header-id-meta":"","stick-header-meta":"","header-above-stick-meta":"","header-main-stick-meta":"","header-below-stick-meta":"","astra-migrate-meta-layouts":"set","ast-page-background-enabled":"default","ast-page-background-meta":{"desktop":{"background-color":"var(--ast-global-color-4)","background-image":"","background-repeat":"repeat","background-position":"center center","background-size":"auto","background-attachment":"scroll","background-type":"","background-media":"","overlay-type":"","overlay-color":"","overlay-opacity":"","overlay-gradient":""},"tablet":{"background-color":"","background-image":"","background-repeat":"repeat","background-position":"center center","background-size":"auto","background-attachment":"scroll","background-type":"","background-media":"","overlay-type":"","overlay-color":"","overlay-opacity":"","overlay-gradient":""},"mobile":{"background-color":"","background-image":"","background-repeat":"repeat","background-position":"center center","background-size":"auto","background-attachment":"scroll","background-type":"","background-media":"","overlay-type":"","overlay-color":"","overlay-opacity":"","overlay-gradient":""}},"ast-content-background-meta":{"desktop":{"background-color":"var(--ast-global-color-5)","background-image":"","background-repeat":"repeat","background-position":"center center","background-size":"auto","background-attachment":"scroll","background-type":"","background-media":"","overlay-type":"","overlay-color":"","overlay-opacity":"","overlay-gradient":""},"tablet":{"background-color":"var(--ast-global-color-5)","background-image":"","background-repeat":"repeat","background-position":"center center","background-size":"auto","background-attachment":"scroll","background-type":"","background-media":"","overlay-type":"","overlay-color":"","overlay-opacity":"","overlay-gradient":""},"mobile":{"background-color":"var(--ast-global-color-5)","background-image":"","background-repeat":"repeat","background-position":"center center","background-size":"auto","background-attachment":"scroll","background-type":"","background-media":"","overlay-type":"","overlay-color":"","overlay-opacity":"","overlay-gradient":""}}},"product_brand":[],"product_cat":[96,124],"product_tag":[200,1236,1241,1220,1221,1234,1240,1219,668,442,287,1235,237,1239],"class_list":{"0":"post-1936","1":"product","2":"type-product","3":"status-publish","4":"has-post-thumbnail","6":"product_cat-keramik","7":"product_cat-paradisverkstaden","8":"product_tag-gra","9":"product_tag-gra-vit","10":"product_tag-gul-vit","11":"product_tag-hovleverantor","12":"product_tag-kunglig-hovleverantor","13":"product_tag-ljusfat","14":"product_tag-orange-vit","15":"product_tag-paradisverkstaden","16":"product_tag-rod-vit","17":"product_tag-rund","18":"product_tag-silver","19":"product_tag-silver-vit","20":"product_tag-svart","21":"product_tag-turkos-vit","22":"desktop-align-left","23":"tablet-align-left","24":"mobile-align-left","26":"first","27":"outofstock","28":"taxable","29":"shipping-taxable","30":"purchasable","31":"product-type-variable"},"jetpack_sharing_enabled":true,"_links":{"self":[{"href":"https:\/\/www.glittrigating.se\/index.php\/wp-json\/wp\/v2\/product\/1936","targetHints":{"allow":["GET"]}}],"collection":[{"href":"https:\/\/www.glittrigating.se\/index.php\/wp-json\/wp\/v2\/product"}],"about":[{"href":"https:\/\/www.glittrigating.se\/index.php\/wp-json\/wp\/v2\/types\/product"}],"wp:featuredmedia":[{"embeddable":true,"href":"https:\/\/www.glittrigating.se\/index.php\/wp-json\/wp\/v2\/media\/5457"}],"wp:attachment":[{"href":"https:\/\/www.glittrigating.se\/index.php\/wp-json\/wp\/v2\/media?parent=1936"}],"wp:term":[{"taxonomy":"product_brand","embeddable":true,"href":"https:\/\/www.glittrigating.se\/index.php\/wp-json\/wp\/v2\/product_brand?post=1936"},{"taxonomy":"product_cat","embeddable":true,"href":"https:\/\/www.glittrigating.se\/index.php\/wp-json\/wp\/v2\/product_cat?post=1936"},{"taxonomy":"product_tag","embeddable":true,"href":"https:\/\/www.glittrigating.se\/index.php\/wp-json\/wp\/v2\/product_tag?post=1936"}],"curies":[{"name":"wp","href":"https:\/\/api.w.org\/{rel}","templated":true}]}}