{"id":1947,"date":"2020-03-11T09:32:30","date_gmt":"2020-03-11T09:32:30","guid":{"rendered":"https:\/\/www.glittrigating.se\/index.php\/product\/froehus-vas-med-lock-14\/"},"modified":"2026-02-02T14:44:36","modified_gmt":"2026-02-02T14:44:36","slug":"froehus-vas-med-lock-14","status":"publish","type":"product","link":"https:\/\/www.glittrigating.se\/index.php\/product\/froehus-vas-med-lock-14\/","title":{"rendered":"Paradisverkstaden Atelj\u00e9 Prick \u00c4gg &#8211; litet"},"content":{"rendered":"<h3>Paradisverkstaden Atelj\u00e9 Prick \u00c4gg &#8211; litet<\/h3>\n<h3>\u00c4gget \u00e4r vackert att l\u00e4gga i ett fat med samma dekor el som en skulptur i naturen el i f\u00f6nstret.<br \/>\nPrickdekoren finns i flera f\u00e4rgst\u00e4llningar som Natur, Lav &amp; Dimgr\u00e5.<\/h3>\n<h3>H\u00f6jd: 10 cm<br \/>\nDjup: 12 cm<br \/>\nMaterial: keramik<br \/>\nF\u00e4rger: lav, gr\u00e5 &amp; natur<\/h3>\n","protected":false},"excerpt":{"rendered":"<p>Paradisverkstaden Atelj\u00e9 Prick \u00c4gg &#8211; litet<\/p>\n<p>\u00c4gget \u00e4r vackert att l\u00e4gga i ett fat med samma dekor el som en skulptur i naturen el i f\u00f6nstret.<br \/>\nPrickdekoren finns i flera f\u00e4rgst\u00e4llningar som Natur, Lav &amp; Dimgr\u00e5.<\/p>\n<p>H\u00f6jd: 10 cm<br \/>\nDjup: 12 cm<br \/>\nMaterial: keramik<br \/>\nF\u00e4rger: lav, gr\u00e5, natur eller vit<\/p>\n<p>&nbsp;<\/p>\n<p>PARADISVERKSTADEN grundades 1975 av Eva och Olof Paradis, och har blivit ett v\u00e4lk\u00e4nt utflyktsm\u00e5l p\u00e5 \u00d6land med sin \u00f6ppna verkstad och gener\u00f6sa butik. P\u00e5 80-talet b\u00f6rjade ett samarbete med Slottsbodarna och Paradisverkstaden blev HOV-Leverant\u00f6r.<\/p>\n<p>KERAMIKEN TILLVERKAS mestadels i verkstaden p\u00e5 \u00d6land. Att allt gods drejas, glaseras och pensel m\u00e5las f\u00f6r hand g\u00f6r att ingen tallrik eller sk\u00e5l blir den andra lik. H\u00e4ndernas linjer efter drejningen syns i leran, vars r\u00e5a textur f\u00e5r skymta fram p\u00e5 undersidan av delarna. Alla delar \u00e4r t\u00e4nkta att anv\u00e4ndas i vardagen och g\u00e5r att diska i diskmaskin och v\u00e4rma i ugn och i mikro d\u00e5 de \u00e4r tillverkade i stengodslera.<\/p>\n","protected":false},"featured_media":5454,"template":"","meta":{"site-sidebar-layout":"default","site-content-layout":"default","ast-site-content-layout":"default","site-content-style":"default","site-sidebar-style":"default","ast-global-header-display":"","ast-banner-title-visibility":"","ast-main-header-display":"","ast-hfb-above-header-display":"","ast-hfb-below-header-display":"","ast-hfb-mobile-header-display":"","site-post-title":"","ast-breadcrumbs-content":"","ast-featured-img":"","footer-sml-layout":"","theme-transparent-header-meta":"default","adv-header-id-meta":"","stick-header-meta":"","header-above-stick-meta":"","header-main-stick-meta":"","header-below-stick-meta":"","astra-migrate-meta-layouts":"set","ast-page-background-enabled":"default","ast-page-background-meta":{"desktop":{"background-color":"var(--ast-global-color-4)","background-image":"","background-repeat":"repeat","background-position":"center center","background-size":"auto","background-attachment":"scroll","background-type":"","background-media":"","overlay-type":"","overlay-color":"","overlay-opacity":"","overlay-gradient":""},"tablet":{"background-color":"","background-image":"","background-repeat":"repeat","background-position":"center center","background-size":"auto","background-attachment":"scroll","background-type":"","background-media":"","overlay-type":"","overlay-color":"","overlay-opacity":"","overlay-gradient":""},"mobile":{"background-color":"","background-image":"","background-repeat":"repeat","background-position":"center center","background-size":"auto","background-attachment":"scroll","background-type":"","background-media":"","overlay-type":"","overlay-color":"","overlay-opacity":"","overlay-gradient":""}},"ast-content-background-meta":{"desktop":{"background-color":"var(--ast-global-color-5)","background-image":"","background-repeat":"repeat","background-position":"center center","background-size":"auto","background-attachment":"scroll","background-type":"","background-media":"","overlay-type":"","overlay-color":"","overlay-opacity":"","overlay-gradient":""},"tablet":{"background-color":"var(--ast-global-color-5)","background-image":"","background-repeat":"repeat","background-position":"center center","background-size":"auto","background-attachment":"scroll","background-type":"","background-media":"","overlay-type":"","overlay-color":"","overlay-opacity":"","overlay-gradient":""},"mobile":{"background-color":"var(--ast-global-color-5)","background-image":"","background-repeat":"repeat","background-position":"center center","background-size":"auto","background-attachment":"scroll","background-type":"","background-media":"","overlay-type":"","overlay-color":"","overlay-opacity":"","overlay-gradient":""}}},"product_brand":[],"product_cat":[96,124],"product_tag":[1181,200,187,1220,1221,1223,1250,1251,622,557,825,1219,1248,210,1249,495],"class_list":{"0":"post-1947","1":"product","2":"type-product","3":"status-publish","4":"has-post-thumbnail","6":"product_cat-keramik","7":"product_cat-paradisverkstaden","8":"product_tag-agg","9":"product_tag-gra","10":"product_tag-gron","11":"product_tag-hovleverantor","12":"product_tag-kunglig-hovleverantor","13":"product_tag-lav","14":"product_tag-monstrad","15":"product_tag-monstrat","16":"product_tag-natur","17":"product_tag-oval","18":"product_tag-ovalt","19":"product_tag-paradisverkstaden","20":"product_tag-svarta-prickar","21":"product_tag-vit","22":"product_tag-vita-prickar","23":"product_tag-vitt","24":"desktop-align-left","25":"tablet-align-left","26":"mobile-align-left","28":"first","29":"outofstock","30":"taxable","31":"shipping-taxable","32":"purchasable","33":"product-type-variable"},"jetpack_sharing_enabled":true,"_links":{"self":[{"href":"https:\/\/www.glittrigating.se\/index.php\/wp-json\/wp\/v2\/product\/1947","targetHints":{"allow":["GET"]}}],"collection":[{"href":"https:\/\/www.glittrigating.se\/index.php\/wp-json\/wp\/v2\/product"}],"about":[{"href":"https:\/\/www.glittrigating.se\/index.php\/wp-json\/wp\/v2\/types\/product"}],"wp:featuredmedia":[{"embeddable":true,"href":"https:\/\/www.glittrigating.se\/index.php\/wp-json\/wp\/v2\/media\/5454"}],"wp:attachment":[{"href":"https:\/\/www.glittrigating.se\/index.php\/wp-json\/wp\/v2\/media?parent=1947"}],"wp:term":[{"taxonomy":"product_brand","embeddable":true,"href":"https:\/\/www.glittrigating.se\/index.php\/wp-json\/wp\/v2\/product_brand?post=1947"},{"taxonomy":"product_cat","embeddable":true,"href":"https:\/\/www.glittrigating.se\/index.php\/wp-json\/wp\/v2\/product_cat?post=1947"},{"taxonomy":"product_tag","embeddable":true,"href":"https:\/\/www.glittrigating.se\/index.php\/wp-json\/wp\/v2\/product_tag?post=1947"}],"curies":[{"name":"wp","href":"https:\/\/api.w.org\/{rel}","templated":true}]}}