{"id":2113,"date":"2021-02-16T11:49:29","date_gmt":"2021-02-16T11:49:29","guid":{"rendered":"https:\/\/www.glittrigating.se\/index.php\/product\/orrefors-carat-ljusstake-2-pack-212\/"},"modified":"2024-12-04T15:25:28","modified_gmt":"2024-12-04T15:25:28","slug":"orrefors-carat-ljusstake-2-pack-212","status":"publish","type":"product","link":"https:\/\/www.glittrigating.se\/index.php\/product\/orrefors-carat-ljusstake-2-pack-212\/","title":{"rendered":"Country Candle Medium &#8211; Fiji"},"content":{"rendered":"<h2>Country Candle Medium &#8211; Fiji<\/h2>\n<div class=\"product attribute overview caupo-prod-attributes caupo-short_description\">\n<div class=\"value\">Medium Jar med tv\u00e5 vekar ger en snabbare och mer intensiv doftspridning utan att minska p\u00e5 brinntimmarna.<br \/>\nMedium Jar passar perfekt f\u00f6r sm\u00e5 till mellanstora utrymmen. Brinntid upp till 75 timmar.<\/div>\n<div class=\"value\">\n<p>Country Candle\u2122 best\u00e5r av f\u00e4rgat paraffinvax av den typ som anv\u00e4nds i livsmedelsindustrin. Etiketterna \u00e4r l\u00e4tta ta av f\u00f6r en mer stilren look. Inneh\u00e5ller 27-50% mer doftolja \u00e4n konkurrerande varum\u00e4rken.<\/p>\n<div class=\"value\"><\/div>\n<div class=\"value\">\n<p class=\"MsoNormal\">Njut av denna blommiga fruktmedley av vattenorkid\u00e9, gr\u00f6n kokosn\u00f6t, kiwiblomma och Tahitivanilj med accenter av ananas, tempelblomma och b\u00e4rnsten.<\/p>\n<p class=\"MsoNormal\">Top- Kiwi Blossom, Mandarin, Muguet<br \/>\nMid- Frangipani, Green Coconut, Orchid, Pear<br \/>\nBase- Amber, Musk, Pineapple Nectar, Vanilla<\/p>\n<\/div>\n<\/div>\n<\/div>\n","protected":false},"excerpt":{"rendered":"<p>Country Candle\u2122 best\u00e5r av f\u00e4rgat paraffinvax av den typ som anv\u00e4nds i livsmedelsindustrin.<br \/>\nEtiketterna \u00e4r l\u00e4tta ta av f\u00f6r en mer stilren look.<br \/>\nInneh\u00e5ller 27-50% mer doftolja \u00e4n konkurrerande varum\u00e4rken.<\/p>\n<p>Njut av denna blommiga fruktmedley av vattenorkid\u00e9, gr\u00f6n kokosn\u00f6t, kiwiblomma och Tahitivanilj med accenter av ananas, tempelblomma och b\u00e4rnsten.<\/p>\n<p>Top- Kiwi Blossom, Mandarin, Muguet<br \/>\nMid- Frangipani, Green Coconut, Orchid, Pear<br \/>\nBase- Amber, Musk, Pineapple Nectar, Vanilla<\/p>\n<p><span style=\"font-size: 16px;\">Medium Jar med tv\u00e5 vekar ger en snabbare och mer intensiv doftspridning utan att minska p\u00e5 brinntimmarna &amp; <\/span><span style=\"font-size: 16px;\">passar perfekt f\u00f6r sm\u00e5 till mellanstora utrymmen.<br \/>\nBrinntid upp till 75 timmar.<\/span><\/p>\n","protected":false},"featured_media":2972,"template":"","meta":{"site-sidebar-layout":"default","site-content-layout":"default","ast-site-content-layout":"default","site-content-style":"default","site-sidebar-style":"default","ast-global-header-display":"","ast-banner-title-visibility":"","ast-main-header-display":"","ast-hfb-above-header-display":"","ast-hfb-below-header-display":"","ast-hfb-mobile-header-display":"","site-post-title":"","ast-breadcrumbs-content":"","ast-featured-img":"","footer-sml-layout":"","theme-transparent-header-meta":"default","adv-header-id-meta":"","stick-header-meta":"","header-above-stick-meta":"","header-main-stick-meta":"","header-below-stick-meta":"","astra-migrate-meta-layouts":"default","ast-page-background-enabled":"default","ast-page-background-meta":{"desktop":{"background-color":"var(--ast-global-color-4)","background-image":"","background-repeat":"repeat","background-position":"center center","background-size":"auto","background-attachment":"scroll","background-type":"","background-media":"","overlay-type":"","overlay-color":"","overlay-opacity":"","overlay-gradient":""},"tablet":{"background-color":"","background-image":"","background-repeat":"repeat","background-position":"center center","background-size":"auto","background-attachment":"scroll","background-type":"","background-media":"","overlay-type":"","overlay-color":"","overlay-opacity":"","overlay-gradient":""},"mobile":{"background-color":"","background-image":"","background-repeat":"repeat","background-position":"center center","background-size":"auto","background-attachment":"scroll","background-type":"","background-media":"","overlay-type":"","overlay-color":"","overlay-opacity":"","overlay-gradient":""}},"ast-content-background-meta":{"desktop":{"background-color":"var(--ast-global-color-5)","background-image":"","background-repeat":"repeat","background-position":"center center","background-size":"auto","background-attachment":"scroll","background-type":"","background-media":"","overlay-type":"","overlay-color":"","overlay-opacity":"","overlay-gradient":""},"tablet":{"background-color":"var(--ast-global-color-5)","background-image":"","background-repeat":"repeat","background-position":"center center","background-size":"auto","background-attachment":"scroll","background-type":"","background-media":"","overlay-type":"","overlay-color":"","overlay-opacity":"","overlay-gradient":""},"mobile":{"background-color":"var(--ast-global-color-5)","background-image":"","background-repeat":"repeat","background-position":"center center","background-size":"auto","background-attachment":"scroll","background-type":"","background-media":"","overlay-type":"","overlay-color":"","overlay-opacity":"","overlay-gradient":""}}},"product_brand":[],"product_cat":[126,118],"product_tag":[563,1348,1205,1347,559,560,1343,562,1344,561,1345,1346,901,1342],"class_list":{"0":"post-2113","1":"product","2":"type-product","3":"status-publish","4":"has-post-thumbnail","6":"product_cat-country-candle","7":"product_cat-doftljus","8":"product_tag-2-vekar","9":"product_tag-75-timmar","10":"product_tag-ananas","11":"product_tag-barnsten","12":"product_tag-country-candle","13":"product_tag-doftljus","14":"product_tag-gron-kokosnot","15":"product_tag-kittredge-family","16":"product_tag-kiwiblomma","17":"product_tag-paraffinvax","18":"product_tag-tahitivanilj","19":"product_tag-tempelblomma","20":"product_tag-vanilj","21":"product_tag-vattenorkide","22":"desktop-align-left","23":"tablet-align-left","24":"mobile-align-left","26":"first","27":"outofstock","28":"taxable","29":"shipping-taxable","30":"purchasable","31":"product-type-simple"},"jetpack_sharing_enabled":true,"_links":{"self":[{"href":"https:\/\/www.glittrigating.se\/index.php\/wp-json\/wp\/v2\/product\/2113","targetHints":{"allow":["GET"]}}],"collection":[{"href":"https:\/\/www.glittrigating.se\/index.php\/wp-json\/wp\/v2\/product"}],"about":[{"href":"https:\/\/www.glittrigating.se\/index.php\/wp-json\/wp\/v2\/types\/product"}],"wp:featuredmedia":[{"embeddable":true,"href":"https:\/\/www.glittrigating.se\/index.php\/wp-json\/wp\/v2\/media\/2972"}],"wp:attachment":[{"href":"https:\/\/www.glittrigating.se\/index.php\/wp-json\/wp\/v2\/media?parent=2113"}],"wp:term":[{"taxonomy":"product_brand","embeddable":true,"href":"https:\/\/www.glittrigating.se\/index.php\/wp-json\/wp\/v2\/product_brand?post=2113"},{"taxonomy":"product_cat","embeddable":true,"href":"https:\/\/www.glittrigating.se\/index.php\/wp-json\/wp\/v2\/product_cat?post=2113"},{"taxonomy":"product_tag","embeddable":true,"href":"https:\/\/www.glittrigating.se\/index.php\/wp-json\/wp\/v2\/product_tag?post=2113"}],"curies":[{"name":"wp","href":"https:\/\/api.w.org\/{rel}","templated":true}]}}