{"id":2142,"date":"2021-02-16T16:13:08","date_gmt":"2021-02-16T16:13:08","guid":{"rendered":"https:\/\/www.glittrigating.se\/index.php\/product\/orrefors-carat-ljusstake-2-pack-222\/"},"modified":"2025-11-27T14:20:09","modified_gmt":"2025-11-27T14:20:09","slug":"koppargubbe","status":"publish","type":"product","link":"https:\/\/www.glittrigating.se\/index.php\/product\/koppargubbe\/","title":{"rendered":"Gymnast Akrobat &#8211; kopparf\u00e4rgad"},"content":{"rendered":"","protected":false},"excerpt":{"rendered":"<p>En riktigt cool inredningsdetalj att h\u00e4nga upp p\u00e5 v\u00e4ggen eller i f\u00f6nstret.<br \/>\nMetall linan \u00e4r ca 60 cm l\u00e5ng med \u00f6gla f\u00f6r att h\u00e4nga upp p\u00e5 v\u00e4ggen<\/p>\n<p>Finns endast i utf\u00f6randet som man.<\/p>\n<p><b>S\u00e4ljes i 1-pack.<br \/>\n<\/b><\/p>\n<p><b>Material:<br \/>\n<\/b>Polystone (kompositmaterial, blandning av krossad sten och plast)<br \/>\n<b>F\u00e4rg:<br \/>\n<\/b>Koppar<br \/>\n<b>H\u00f6jd<\/b><b>:<br \/>\n<\/b>200 mm<br \/>\n<b style=\"font-style: inherit;\">L\u00e4ngd:<br \/>\n<\/b><span style=\"font-size: 16px;\">200 mm<br \/>\n<\/span><b style=\"font-style: inherit;\">Bredd:<br \/>\n<\/b><span style=\"font-size: 16px;\">180 mm<\/span><\/p>\n","protected":false},"featured_media":5413,"template":"","meta":{"site-sidebar-layout":"default","site-content-layout":"default","ast-site-content-layout":"default","site-content-style":"default","site-sidebar-style":"default","ast-global-header-display":"","ast-banner-title-visibility":"","ast-main-header-display":"","ast-hfb-above-header-display":"","ast-hfb-below-header-display":"","ast-hfb-mobile-header-display":"","site-post-title":"","ast-breadcrumbs-content":"","ast-featured-img":"","footer-sml-layout":"","theme-transparent-header-meta":"default","adv-header-id-meta":"","stick-header-meta":"","header-above-stick-meta":"","header-main-stick-meta":"","header-below-stick-meta":"","astra-migrate-meta-layouts":"set","ast-page-background-enabled":"default","ast-page-background-meta":{"desktop":{"background-color":"var(--ast-global-color-4)","background-image":"","background-repeat":"repeat","background-position":"center center","background-size":"auto","background-attachment":"scroll","background-type":"","background-media":"","overlay-type":"","overlay-color":"","overlay-opacity":"","overlay-gradient":""},"tablet":{"background-color":"","background-image":"","background-repeat":"repeat","background-position":"center center","background-size":"auto","background-attachment":"scroll","background-type":"","background-media":"","overlay-type":"","overlay-color":"","overlay-opacity":"","overlay-gradient":""},"mobile":{"background-color":"","background-image":"","background-repeat":"repeat","background-position":"center center","background-size":"auto","background-attachment":"scroll","background-type":"","background-media":"","overlay-type":"","overlay-color":"","overlay-opacity":"","overlay-gradient":""}},"ast-content-background-meta":{"desktop":{"background-color":"var(--ast-global-color-5)","background-image":"","background-repeat":"repeat","background-position":"center center","background-size":"auto","background-attachment":"scroll","background-type":"","background-media":"","overlay-type":"","overlay-color":"","overlay-opacity":"","overlay-gradient":""},"tablet":{"background-color":"var(--ast-global-color-5)","background-image":"","background-repeat":"repeat","background-position":"center center","background-size":"auto","background-attachment":"scroll","background-type":"","background-media":"","overlay-type":"","overlay-color":"","overlay-opacity":"","overlay-gradient":""},"mobile":{"background-color":"var(--ast-global-color-5)","background-image":"","background-repeat":"repeat","background-position":"center center","background-size":"auto","background-attachment":"scroll","background-type":"","background-media":"","overlay-type":"","overlay-color":"","overlay-opacity":"","overlay-gradient":""}}},"product_brand":[],"product_cat":[107,46,104],"product_tag":[1364,678,681,995,996,679,344,691],"class_list":{"0":"post-2142","1":"product","2":"type-product","3":"status-publish","4":"has-post-thumbnail","6":"product_cat-figurer","7":"product_cat-inredning","8":"product_cat-trademan","9":"product_tag-akrobat","10":"product_tag-figur","11":"product_tag-figurer","12":"product_tag-gymnast","13":"product_tag-man","14":"product_tag-polystone","15":"product_tag-ring","16":"product_tag-staty","17":"desktop-align-left","18":"tablet-align-left","19":"mobile-align-left","21":"first","22":"outofstock","23":"taxable","24":"shipping-taxable","25":"purchasable","26":"product-type-variable"},"jetpack_sharing_enabled":true,"_links":{"self":[{"href":"https:\/\/www.glittrigating.se\/index.php\/wp-json\/wp\/v2\/product\/2142","targetHints":{"allow":["GET"]}}],"collection":[{"href":"https:\/\/www.glittrigating.se\/index.php\/wp-json\/wp\/v2\/product"}],"about":[{"href":"https:\/\/www.glittrigating.se\/index.php\/wp-json\/wp\/v2\/types\/product"}],"wp:featuredmedia":[{"embeddable":true,"href":"https:\/\/www.glittrigating.se\/index.php\/wp-json\/wp\/v2\/media\/5413"}],"wp:attachment":[{"href":"https:\/\/www.glittrigating.se\/index.php\/wp-json\/wp\/v2\/media?parent=2142"}],"wp:term":[{"taxonomy":"product_brand","embeddable":true,"href":"https:\/\/www.glittrigating.se\/index.php\/wp-json\/wp\/v2\/product_brand?post=2142"},{"taxonomy":"product_cat","embeddable":true,"href":"https:\/\/www.glittrigating.se\/index.php\/wp-json\/wp\/v2\/product_cat?post=2142"},{"taxonomy":"product_tag","embeddable":true,"href":"https:\/\/www.glittrigating.se\/index.php\/wp-json\/wp\/v2\/product_tag?post=2142"}],"curies":[{"name":"wp","href":"https:\/\/api.w.org\/{rel}","templated":true}]}}