{"id":2204,"date":"2021-02-17T17:37:05","date_gmt":"2021-02-17T17:37:05","guid":{"rendered":"https:\/\/www.glittrigating.se\/index.php\/product\/bukowski-sweet-graham-29\/"},"modified":"2025-11-27T13:16:47","modified_gmt":"2025-11-27T13:16:47","slug":"bukowski-sweet-graham-29","status":"publish","type":"product","link":"https:\/\/www.glittrigating.se\/index.php\/product\/bukowski-sweet-graham-29\/","title":{"rendered":"V\u00e4rmedjur Teddy Heaters, Hund"},"content":{"rendered":"<h3 class=\"MsoNormal\">V\u00e4rmedjur Teddy Heaters, Hund<\/h3>\n<p class=\"MsoNormal\">Teddy Heaters &#8211; ett gosigt mjukdjur som ocks\u00e5 ger v\u00e4rme och trygghet. En b\u00e4sta kompis som h\u00e5ller dig varm n\u00e4r det \u00e4r kallt, mjukar upp sp\u00e4nda och v\u00e4rkande muskler och leder, \u00e4r sn\u00e4ll mot onda magar och hj\u00e4lper vid nattning. Storlek 35 cm. Tv\u00e4ttbar 40 grader. Godk\u00e4nd och CE m\u00e4rkt enligt EN71.<\/p>\n<p class=\"MsoNormal\">Har du en Teddy Heater hemma? H\u00e4r finns information hur du b\u00e4st tar hand om din Teddy Heater.<\/p>\n<p class=\"MsoNormal\">T\u00e4nk p\u00e5 att v\u00e4rmekudden ej g\u00e5r att tv\u00e4tta! Endast mjukisdjuret t\u00e5l att tv\u00e4ttas i 40\u00b0C. Mjukisdjuret \u00e4r tillverkat av 100% polyester. V\u00e4rmekudden \u00e4r fylld med 100% turmalin.<\/p>\n<p class=\"MsoNormal\">T\u00c4NK P\u00c5 DETTA &#8211; VARNINGAR<\/p>\n<p class=\"MsoNormal\">\u2022 Barns hud \u00e4r extra k\u00e4nslig mot v\u00e4rme, undvik l\u00e4ngre direktkontakt med huden f\u00f6r att undvika br\u00e4nnskador.<\/p>\n<p class=\"MsoNormal\">\u2022 Ta f\u00f6rsiktigt ut v\u00e4rmekudden efter uppv\u00e4rmningen d\u00e5 den kan vara mycket het.<\/p>\n<p class=\"MsoNormal\">\u2022 Inneh\u00e5llet i v\u00e4rmekudden skall ej f\u00f6rt\u00e4ras.<\/p>\n<p class=\"MsoNormal\">\u2022 \u00d6verhetta inte produkten.<\/p>\n<p class=\"MsoNormal\">\u2022 V\u00e4rmekudden skall endast v\u00e4rmas i mikrov\u00e5gsugn eller ugn.<\/p>\n<p class=\"MsoNormal\">\u2022 V\u00e4rm enbart v\u00e4rmekudden utan mjukisdjuret.<\/p>\n<p class=\"MsoNormal\">\u2022 Inspektera produkten med j\u00e4mna mellanrum och kontrollera att inga skador uppst\u00e5tt.<\/p>\n<p class=\"MsoNormal\">\u2022 Reng\u00f6r endast produkten enligt tillverkarens sk\u00f6tselr\u00e5d.<\/p>\n<p class=\"MsoNormal\">\u2022 Uppv\u00e4rmningen av produkten skall endast g\u00f6ras av en vuxen.<\/p>\n<p class=\"MsoNormal\">\u2022 Till\u00e5t produkten att svalna till rumstemperatur innan den \u00e5terhettas igen.<\/p>\n<p class=\"MsoNormal\">\u2022 All uppv\u00e4rmning ska ske under uppsikt och eget ansvar. V\u00e4nligen f\u00f6lj instruktionerna nedan f\u00f6r att ej v\u00e5lla skador:<\/p>\n<p class=\"MsoNormal\">\u2022 V\u00e4rm endast v\u00e4rmekudden enligt instruktionerna, ej hela mjukisdjuret.<\/p>\n<p class=\"MsoNormal\">\u2022 Efter upphettning av v\u00e4rmekudden l\u00e4gg den f\u00f6rsiktigt i mjukisdjuret och st\u00e4ng \u00f6ppningen ordentligt.<\/p>\n<p class=\"MsoNormal\">\u2022 L\u00e4gg v\u00e4rmekudden p\u00e5 ett fat (ej metall) under uppv\u00e4rmningen och se till att inneh\u00e5llet i v\u00e4rmekudden \u00e4r j\u00e4mt f\u00f6rdelat.<\/p>\n<p class=\"MsoNormal\">\u2022 F\u00f6rs\u00e4kra dig om att kudden kan rotera fritt i mikrov\u00e5gsugnen utan att fastna, f\u00f6r att undvika br\u00e4nnskador p\u00e5 produkten.<\/p>\n<p class=\"MsoNormal\">\u2022 L\u00e5t kudden svalna i 30 sekunder innan den anv\u00e4nds.<\/p>\n<p class=\"MsoNormal\">\u2022 Anv\u00e4nd max 900 W vid uppv\u00e4rmning i mikrov\u00e5gsugn.<\/p>\n<p class=\"MsoNormal\">\u2022 Om \u00f6verhettning skulle uppst\u00e5 v\u00e4nligen l\u00e5t produkten svalna till rumstemperatur och kontrollera att alla s\u00f6mmar och material \u00e4r intakta. Anv\u00e4nd ej om den \u00e4r skadad.<\/p>\n<p class=\"MsoNormal\">\u2022 Efter uppv\u00e4rmning av kudden m\u00e5ste den s\u00e4ttas in i mjukisdjuret och f\u00f6rslutas med hj\u00e4lp av kardborrebandet.<\/p>\n<p class=\"MsoNormal\">INSTRUKTIONER F\u00d6R UPPV\u00c4RMNING I MIKROV\u00c5GSUGN &amp; UGN<\/p>\n<p class=\"MsoNormal\">\u2022 V\u00e4rm v\u00e4rmekudden i 30 sekunder och kontrollera sedan temperaturen genom att f\u00f6rsiktigt k\u00e4nna p\u00e5 den.<\/p>\n<p class=\"MsoNormal\">\u2022 Forts\u00e4tt sedan att v\u00e4rma produkten i 10 sekunder i taget tills \u00f6nskad temperatur \u00e4r uppn\u00e5dd.<\/p>\n<p class=\"MsoNormal\">\u2022 F\u00f6r uppv\u00e4rmning i ugn placera v\u00e4rmekudden i mitten och f\u00f6lj temperatur och tidsrekommendationen i nedan tabell.<\/p>\n<p class=\"MsoNormal\">\u2022 L\u00e5t kudden svalna i 30 sekunder innan den anv\u00e4nds.<\/p>\n<p class=\"MsoNormal\">\u2022 Yttermaterialet kan bli fuktigt de f\u00f6rsta g\u00e5ngerna den v\u00e4rms upp.<\/p>\n<p class=\"MsoNormal\">\u2022 \u00d6nskas kylande effekt l\u00e4gg v\u00e4rmekudden i en p\u00e5se i frysen i minst en timme.<\/p>\n<h3 class=\"MsoNormal\">TEDDYKOMPANIET SKANDINAVISK DESIGN<\/h3>\n<p><span style=\"font-size: 11pt; line-height: 107%; font-family: Calibri, sans-serif;\">Teddykompaniet har designat och tillverkat gosedjur i \u00f6ver 25 \u00e5r. Verksamheten startade i B\u00e5stad i s\u00f6dra Sverige, med en id\u00e9 om att tillverka nallar med h\u00f6g kvalitet och skandinavisk design. Idag levererar dem gosedjur till barn i hela v\u00e4rlden. Men verksamheten, grundid\u00e9 och hj\u00e4rta \ufb01nns kvar i B\u00e5stad.<\/span><\/p>\n","protected":false},"excerpt":{"rendered":"<h3 class=\"MsoNormal\">V\u00e4rmedjur Teddy Heaters, Hund<\/h3>\n<p class=\"MsoNormal\">Teddy Heaters &#8211; ett gosigt mjukdjur som ocks\u00e5 ger v\u00e4rme och trygghet. En b\u00e4sta kompis som h\u00e5ller dig varm n\u00e4r det \u00e4r kallt, mjukar upp sp\u00e4nda och v\u00e4rkande muskler och leder, \u00e4r sn\u00e4ll mot onda magar och hj\u00e4lper vid nattning. Storlek 35 cm. Tv\u00e4ttbar 40 grader. Godk\u00e4nd och CE m\u00e4rkt enligt EN71.<\/p>\n<p class=\"MsoNormal\">Har du en Teddy Heater hemma? H\u00e4r finns information hur du b\u00e4st tar hand om din Teddy Heater.<\/p>\n<p class=\"MsoNormal\">T\u00e4nk p\u00e5 att v\u00e4rmekudden ej g\u00e5r att tv\u00e4tta! Endast mjukisdjuret t\u00e5l att tv\u00e4ttas i 40\u00b0C. Mjukisdjuret \u00e4r tillverkat av 100% polyester. V\u00e4rmekudden \u00e4r fylld med 100% turmalin.<\/p>\n<h5>TEDDYKOMPANIET SKANDINAVISK DESIGN<\/h5>\n<p>Teddykompaniet har designat och tillverkat gosedjur i \u00f6ver 25 \u00e5r. Verksamheten startade i B\u00e5stad i s\u00f6dra Sverige, med en id\u00e9 om att tillverka nallar med h\u00f6g kvalitet och skandinavisk design. Idag levererar dem gosedjur till barn i hela v\u00e4rlden. Men verksamheten, grundid\u00e9 och hj\u00e4rta \ufb01nns kvar i B\u00e5stad.<\/p>\n","protected":false},"featured_media":5377,"template":"","meta":{"site-sidebar-layout":"default","site-content-layout":"default","ast-site-content-layout":"default","site-content-style":"default","site-sidebar-style":"default","ast-global-header-display":"","ast-banner-title-visibility":"","ast-main-header-display":"","ast-hfb-above-header-display":"","ast-hfb-below-header-display":"","ast-hfb-mobile-header-display":"","site-post-title":"","ast-breadcrumbs-content":"","ast-featured-img":"","footer-sml-layout":"","theme-transparent-header-meta":"default","adv-header-id-meta":"","stick-header-meta":"","header-above-stick-meta":"","header-main-stick-meta":"","header-below-stick-meta":"","astra-migrate-meta-layouts":"set","ast-page-background-enabled":"default","ast-page-background-meta":{"desktop":{"background-color":"var(--ast-global-color-4)","background-image":"","background-repeat":"repeat","background-position":"center center","background-size":"auto","background-attachment":"scroll","background-type":"","background-media":"","overlay-type":"","overlay-color":"","overlay-opacity":"","overlay-gradient":""},"tablet":{"background-color":"","background-image":"","background-repeat":"repeat","background-position":"center center","background-size":"auto","background-attachment":"scroll","background-type":"","background-media":"","overlay-type":"","overlay-color":"","overlay-opacity":"","overlay-gradient":""},"mobile":{"background-color":"","background-image":"","background-repeat":"repeat","background-position":"center center","background-size":"auto","background-attachment":"scroll","background-type":"","background-media":"","overlay-type":"","overlay-color":"","overlay-opacity":"","overlay-gradient":""}},"ast-content-background-meta":{"desktop":{"background-color":"var(--ast-global-color-5)","background-image":"","background-repeat":"repeat","background-position":"center center","background-size":"auto","background-attachment":"scroll","background-type":"","background-media":"","overlay-type":"","overlay-color":"","overlay-opacity":"","overlay-gradient":""},"tablet":{"background-color":"var(--ast-global-color-5)","background-image":"","background-repeat":"repeat","background-position":"center center","background-size":"auto","background-attachment":"scroll","background-type":"","background-media":"","overlay-type":"","overlay-color":"","overlay-opacity":"","overlay-gradient":""},"mobile":{"background-color":"var(--ast-global-color-5)","background-image":"","background-repeat":"repeat","background-position":"center center","background-size":"auto","background-attachment":"scroll","background-type":"","background-media":"","overlay-type":"","overlay-color":"","overlay-opacity":"","overlay-gradient":""}}},"product_brand":[],"product_cat":[53,89],"product_tag":[1141,255,1395,457,1372,1396],"class_list":{"0":"post-2204","1":"product","2":"type-product","3":"status-publish","4":"has-post-thumbnail","6":"product_cat-gosedjur","7":"product_cat-heaters","8":"product_tag-brun","9":"product_tag-gosedjur","10":"product_tag-heaters","11":"product_tag-hund","12":"product_tag-teddykompaniet","13":"product_tag-varmedjur","14":"desktop-align-left","15":"tablet-align-left","16":"mobile-align-left","18":"first","19":"outofstock","20":"taxable","21":"shipping-taxable","22":"purchasable","23":"product-type-simple"},"jetpack_sharing_enabled":true,"_links":{"self":[{"href":"https:\/\/www.glittrigating.se\/index.php\/wp-json\/wp\/v2\/product\/2204","targetHints":{"allow":["GET"]}}],"collection":[{"href":"https:\/\/www.glittrigating.se\/index.php\/wp-json\/wp\/v2\/product"}],"about":[{"href":"https:\/\/www.glittrigating.se\/index.php\/wp-json\/wp\/v2\/types\/product"}],"wp:featuredmedia":[{"embeddable":true,"href":"https:\/\/www.glittrigating.se\/index.php\/wp-json\/wp\/v2\/media\/5377"}],"wp:attachment":[{"href":"https:\/\/www.glittrigating.se\/index.php\/wp-json\/wp\/v2\/media?parent=2204"}],"wp:term":[{"taxonomy":"product_brand","embeddable":true,"href":"https:\/\/www.glittrigating.se\/index.php\/wp-json\/wp\/v2\/product_brand?post=2204"},{"taxonomy":"product_cat","embeddable":true,"href":"https:\/\/www.glittrigating.se\/index.php\/wp-json\/wp\/v2\/product_cat?post=2204"},{"taxonomy":"product_tag","embeddable":true,"href":"https:\/\/www.glittrigating.se\/index.php\/wp-json\/wp\/v2\/product_tag?post=2204"}],"curies":[{"name":"wp","href":"https:\/\/api.w.org\/{rel}","templated":true}]}}