{"id":2215,"date":"2021-02-19T13:12:27","date_gmt":"2021-02-19T13:12:27","guid":{"rendered":"https:\/\/www.glittrigating.se\/index.php\/product\/bukowski-sweet-graham-34\/"},"modified":"2025-11-26T14:43:50","modified_gmt":"2025-11-26T14:43:50","slug":"bukowski-sweet-graham-34","status":"publish","type":"product","link":"https:\/\/www.glittrigating.se\/index.php\/product\/bukowski-sweet-graham-34\/","title":{"rendered":"Teddy Cream Vovvar, gr\u00e5"},"content":{"rendered":"","protected":false},"excerpt":{"rendered":"<p class=\"MsoNormal\">M\u00f6t det senaste tillskottet i den om\u00e5ttligt popul\u00e4ra Teddy Cream-familjen fr\u00e5n Teddykompaniet! En riktigt s\u00f6t hund i gr\u00e5 v\u00e5gig p\u00e4ls med det fina vita hj\u00e4rtat p\u00e5 magen.<\/p>\n<p class=\"MsoNormal\">Storlek: 35 cm.<br \/>\n<span style=\"font-size: 16px;\">Tv\u00e4ttbar i 40 grader.<br \/>\n<\/span>Godk\u00e4nd och CE-m\u00e4rkt enligt EN71.<\/p>\n<h5>TEDDYKOMPANIET SKANDINAVISK DESIGN<\/h5>\n<p>Teddykompaniet har designat och tillverkat gosedjur i \u00f6ver 25 \u00e5r. Verksamheten startade i B\u00e5stad i s\u00f6dra Sverige, med en id\u00e9 om att tillverka nallar med h\u00f6g kvalitet och skandinavisk design. Idag levererar dem gosedjur till barn i hela v\u00e4rlden. Men verksamheten, grundid\u00e9 och hj\u00e4rta \ufb01nns kvar i B\u00e5stad.<\/p>\n","protected":false},"featured_media":2923,"template":"","meta":{"site-sidebar-layout":"default","site-content-layout":"default","ast-site-content-layout":"default","site-content-style":"default","site-sidebar-style":"default","ast-global-header-display":"","ast-banner-title-visibility":"","ast-main-header-display":"","ast-hfb-above-header-display":"","ast-hfb-below-header-display":"","ast-hfb-mobile-header-display":"","site-post-title":"","ast-breadcrumbs-content":"","ast-featured-img":"","footer-sml-layout":"","theme-transparent-header-meta":"default","adv-header-id-meta":"","stick-header-meta":"","header-above-stick-meta":"","header-main-stick-meta":"","header-below-stick-meta":"","astra-migrate-meta-layouts":"set","ast-page-background-enabled":"default","ast-page-background-meta":{"desktop":{"background-color":"var(--ast-global-color-4)","background-image":"","background-repeat":"repeat","background-position":"center center","background-size":"auto","background-attachment":"scroll","background-type":"","background-media":"","overlay-type":"","overlay-color":"","overlay-opacity":"","overlay-gradient":""},"tablet":{"background-color":"","background-image":"","background-repeat":"repeat","background-position":"center center","background-size":"auto","background-attachment":"scroll","background-type":"","background-media":"","overlay-type":"","overlay-color":"","overlay-opacity":"","overlay-gradient":""},"mobile":{"background-color":"","background-image":"","background-repeat":"repeat","background-position":"center center","background-size":"auto","background-attachment":"scroll","background-type":"","background-media":"","overlay-type":"","overlay-color":"","overlay-opacity":"","overlay-gradient":""}},"ast-content-background-meta":{"desktop":{"background-color":"var(--ast-global-color-5)","background-image":"","background-repeat":"repeat","background-position":"center center","background-size":"auto","background-attachment":"scroll","background-type":"","background-media":"","overlay-type":"","overlay-color":"","overlay-opacity":"","overlay-gradient":""},"tablet":{"background-color":"var(--ast-global-color-5)","background-image":"","background-repeat":"repeat","background-position":"center center","background-size":"auto","background-attachment":"scroll","background-type":"","background-media":"","overlay-type":"","overlay-color":"","overlay-opacity":"","overlay-gradient":""},"mobile":{"background-color":"var(--ast-global-color-5)","background-image":"","background-repeat":"repeat","background-position":"center center","background-size":"auto","background-attachment":"scroll","background-type":"","background-media":"","overlay-type":"","overlay-color":"","overlay-opacity":"","overlay-gradient":""}}},"product_brand":[],"product_cat":[53,136],"product_tag":[1383,1382,1378,1379,1380,255,200,457,1377,1372,1381,1384,1406],"class_list":{"0":"post-2215","1":"product","2":"type-product","3":"status-publish","4":"has-post-thumbnail","6":"product_cat-gosedjur","7":"product_cat-teddykompaniet","8":"product_tag-barnsaker","9":"product_tag-dragsakra","10":"product_tag-eldsaker","11":"product_tag-flammsaker","12":"product_tag-giftfri","13":"product_tag-gosedjur","14":"product_tag-gra","15":"product_tag-hund","16":"product_tag-teddy-cream","17":"product_tag-teddykompaniet","18":"product_tag-testade-sommar","19":"product_tag-virkad-nos","20":"product_tag-vovvar","21":"desktop-align-left","22":"tablet-align-left","23":"mobile-align-left","25":"first","26":"outofstock","27":"taxable","28":"shipping-taxable","29":"purchasable","30":"product-type-simple"},"jetpack_sharing_enabled":true,"_links":{"self":[{"href":"https:\/\/www.glittrigating.se\/index.php\/wp-json\/wp\/v2\/product\/2215","targetHints":{"allow":["GET"]}}],"collection":[{"href":"https:\/\/www.glittrigating.se\/index.php\/wp-json\/wp\/v2\/product"}],"about":[{"href":"https:\/\/www.glittrigating.se\/index.php\/wp-json\/wp\/v2\/types\/product"}],"wp:featuredmedia":[{"embeddable":true,"href":"https:\/\/www.glittrigating.se\/index.php\/wp-json\/wp\/v2\/media\/2923"}],"wp:attachment":[{"href":"https:\/\/www.glittrigating.se\/index.php\/wp-json\/wp\/v2\/media?parent=2215"}],"wp:term":[{"taxonomy":"product_brand","embeddable":true,"href":"https:\/\/www.glittrigating.se\/index.php\/wp-json\/wp\/v2\/product_brand?post=2215"},{"taxonomy":"product_cat","embeddable":true,"href":"https:\/\/www.glittrigating.se\/index.php\/wp-json\/wp\/v2\/product_cat?post=2215"},{"taxonomy":"product_tag","embeddable":true,"href":"https:\/\/www.glittrigating.se\/index.php\/wp-json\/wp\/v2\/product_tag?post=2215"}],"curies":[{"name":"wp","href":"https:\/\/api.w.org\/{rel}","templated":true}]}}