{"id":2226,"date":"2021-02-19T14:59:42","date_gmt":"2021-02-19T14:59:42","guid":{"rendered":"https:\/\/www.glittrigating.se\/index.php\/product\/bukowski-sweet-graham-38\/"},"modified":"2025-11-26T14:34:03","modified_gmt":"2025-11-26T14:34:03","slug":"bukowski-sweet-graham-38","status":"publish","type":"product","link":"https:\/\/www.glittrigating.se\/index.php\/product\/bukowski-sweet-graham-38\/","title":{"rendered":"Diinglisar Nattlampa, Katt"},"content":{"rendered":"","protected":false},"excerpt":{"rendered":"<h3>Diinglisar Nattlampa, Katt<\/h3>\n<p>&nbsp;<\/p>\n<p>Mjuk och gosig nattlampa fr\u00e5n Teddykompaniet.<\/p>\n<p>N\u00e4r barnet trycker p\u00e5 magen s\u00e5 sprider ljuset en stj\u00e4rnhimmel i barnrummet och ser till s\u00e5 att inga monster eller sp\u00f6ken lurar under s\u00e4ngen. En kompis att lita p\u00e5 och som ger ett lugnande ljus n\u00e4r barnet ska sova.<\/p>\n<p>Genom att trycka en andra g\u00e5ng p\u00e5 magen s\u00e5 skiftar ljuset i tre f\u00e4rger. St\u00e4ngs av automatiskt efter 10 minuter eller direkt genom att trycka en tredje g\u00e5ng p\u00e5 magen.<\/p>\n<p>Drivs av tre stycken AA batterier (ing\u00e5r ej).<\/p>\n<p>CE godk\u00e4nd<\/p>\n<p>Godk\u00e4nd enligt EN71<\/p>\n<h6>TEDDYKOMPANIET SKANDINAVISK DESIGN<\/h6>\n<p>Teddykompaniet har designat och tillverkat gosedjur i \u00f6ver 25 \u00e5r. Verksamheten startade i B\u00e5stad i s\u00f6dra Sverige, med en id\u00e9 om att tillverka nallar med h\u00f6g kvalitet och skandinavisk design. Idag levererar dem gosedjur till barn i hela v\u00e4rlden. Men verksamheten, grundid\u00e9 och hj\u00e4rta \ufb01nns kvar i B\u00e5stad.<\/p>\n","protected":false},"featured_media":5362,"template":"","meta":{"site-sidebar-layout":"default","site-content-layout":"default","ast-site-content-layout":"default","site-content-style":"default","site-sidebar-style":"default","ast-global-header-display":"","ast-banner-title-visibility":"","ast-main-header-display":"","ast-hfb-above-header-display":"","ast-hfb-below-header-display":"","ast-hfb-mobile-header-display":"","site-post-title":"","ast-breadcrumbs-content":"","ast-featured-img":"","footer-sml-layout":"","theme-transparent-header-meta":"default","adv-header-id-meta":"","stick-header-meta":"","header-above-stick-meta":"","header-main-stick-meta":"","header-below-stick-meta":"","astra-migrate-meta-layouts":"set","ast-page-background-enabled":"default","ast-page-background-meta":{"desktop":{"background-color":"var(--ast-global-color-4)","background-image":"","background-repeat":"repeat","background-position":"center center","background-size":"auto","background-attachment":"scroll","background-type":"","background-media":"","overlay-type":"","overlay-color":"","overlay-opacity":"","overlay-gradient":""},"tablet":{"background-color":"","background-image":"","background-repeat":"repeat","background-position":"center center","background-size":"auto","background-attachment":"scroll","background-type":"","background-media":"","overlay-type":"","overlay-color":"","overlay-opacity":"","overlay-gradient":""},"mobile":{"background-color":"","background-image":"","background-repeat":"repeat","background-position":"center center","background-size":"auto","background-attachment":"scroll","background-type":"","background-media":"","overlay-type":"","overlay-color":"","overlay-opacity":"","overlay-gradient":""}},"ast-content-background-meta":{"desktop":{"background-color":"var(--ast-global-color-5)","background-image":"","background-repeat":"repeat","background-position":"center center","background-size":"auto","background-attachment":"scroll","background-type":"","background-media":"","overlay-type":"","overlay-color":"","overlay-opacity":"","overlay-gradient":""},"tablet":{"background-color":"var(--ast-global-color-5)","background-image":"","background-repeat":"repeat","background-position":"center center","background-size":"auto","background-attachment":"scroll","background-type":"","background-media":"","overlay-type":"","overlay-color":"","overlay-opacity":"","overlay-gradient":""},"mobile":{"background-color":"var(--ast-global-color-5)","background-image":"","background-repeat":"repeat","background-position":"center center","background-size":"auto","background-attachment":"scroll","background-type":"","background-media":"","overlay-type":"","overlay-color":"","overlay-opacity":"","overlay-gradient":""}}},"product_brand":[],"product_cat":[53],"product_tag":[255,1388,1407,265,180,1372],"class_list":{"0":"post-2226","1":"product","2":"type-product","3":"status-publish","4":"has-post-thumbnail","6":"product_cat-gosedjur","7":"product_tag-gosedjur","8":"product_tag-katt","9":"product_tag-nattlampa","10":"product_tag-plysch","11":"product_tag-rosa","12":"product_tag-teddykompaniet","13":"desktop-align-left","14":"tablet-align-left","15":"mobile-align-left","17":"first","18":"outofstock","19":"taxable","20":"shipping-taxable","21":"purchasable","22":"product-type-simple"},"jetpack_sharing_enabled":true,"_links":{"self":[{"href":"https:\/\/www.glittrigating.se\/index.php\/wp-json\/wp\/v2\/product\/2226","targetHints":{"allow":["GET"]}}],"collection":[{"href":"https:\/\/www.glittrigating.se\/index.php\/wp-json\/wp\/v2\/product"}],"about":[{"href":"https:\/\/www.glittrigating.se\/index.php\/wp-json\/wp\/v2\/types\/product"}],"wp:featuredmedia":[{"embeddable":true,"href":"https:\/\/www.glittrigating.se\/index.php\/wp-json\/wp\/v2\/media\/5362"}],"wp:attachment":[{"href":"https:\/\/www.glittrigating.se\/index.php\/wp-json\/wp\/v2\/media?parent=2226"}],"wp:term":[{"taxonomy":"product_brand","embeddable":true,"href":"https:\/\/www.glittrigating.se\/index.php\/wp-json\/wp\/v2\/product_brand?post=2226"},{"taxonomy":"product_cat","embeddable":true,"href":"https:\/\/www.glittrigating.se\/index.php\/wp-json\/wp\/v2\/product_cat?post=2226"},{"taxonomy":"product_tag","embeddable":true,"href":"https:\/\/www.glittrigating.se\/index.php\/wp-json\/wp\/v2\/product_tag?post=2226"}],"curies":[{"name":"wp","href":"https:\/\/api.w.org\/{rel}","templated":true}]}}