{"id":2239,"date":"2021-02-22T12:16:40","date_gmt":"2021-02-22T12:16:40","guid":{"rendered":"https:\/\/www.glittrigating.se\/index.php\/product\/bukowski-sweet-graham-43\/"},"modified":"2025-11-26T14:21:27","modified_gmt":"2025-11-26T14:21:27","slug":"bukowski-sweet-graham-43","status":"publish","type":"product","link":"https:\/\/www.glittrigating.se\/index.php\/product\/bukowski-sweet-graham-43\/","title":{"rendered":"Diinglisar filt, m\u00f6nstrad"},"content":{"rendered":"","protected":false},"excerpt":{"rendered":"<h3>Diinglisar filt, m\u00f6nstrad<\/h3>\n<p>Mjuk och gosig babyfilt fr\u00e5n Teddykompaniet som ger v\u00e4rme och trygghet p\u00e5 natten, p\u00e5 dagen vid vilan och sk\u00e4nker tr\u00f6st n\u00e4r det beh\u00f6vs. Filten \u00e4r l\u00e4tt och smidig att ha med sig och kan dessutom anv\u00e4ndas som lekmatta n\u00e4r man \u00e4r iv\u00e4g.<\/p>\n<p>Diinglisar-djuren p\u00e5 filten \u00e4r l\u00e4tta att k\u00e4nna igen, de skapar \u00e4ven m\u00f6jlighet att peka p\u00e5 dem f\u00f6r att l\u00e4ra barnet att k\u00e4nna igen de f\u00f6rsta djuren samt de olika l\u00e4tena och djurnamnen. Baksidan \u00e4r enf\u00e4rgad i samma material.<\/p>\n<p>Godk\u00e4nd och CE-m\u00e4rkt enligt EN71.<\/p>\n<p>Storlek: 75&#215;100 cm.<\/p>\n<p>Tv\u00e4ttbar 40 grader.<\/p>\n<h6>TEDDYKOMPANIET SKANDINAVISK DESIGN<\/h6>\n<p>Teddykompaniet har designat och tillverkat gosedjur i \u00f6ver 25 \u00e5r. Verksamheten startade i B\u00e5stad i s\u00f6dra Sverige, med en id\u00e9 om att tillverka nallar med h\u00f6g kvalitet och skandinavisk design. Idag levererar dem gosedjur till barn i hela v\u00e4rlden. Men verksamheten, grundid\u00e9 och hj\u00e4rta \ufb01nns kvar i B\u00e5stad.<\/p>\n","protected":false},"featured_media":5356,"template":"","meta":{"site-sidebar-layout":"default","site-content-layout":"default","ast-site-content-layout":"default","site-content-style":"default","site-sidebar-style":"default","ast-global-header-display":"","ast-banner-title-visibility":"","ast-main-header-display":"","ast-hfb-above-header-display":"","ast-hfb-below-header-display":"","ast-hfb-mobile-header-display":"","site-post-title":"","ast-breadcrumbs-content":"","ast-featured-img":"","footer-sml-layout":"","theme-transparent-header-meta":"default","adv-header-id-meta":"","stick-header-meta":"","header-above-stick-meta":"","header-main-stick-meta":"","header-below-stick-meta":"","astra-migrate-meta-layouts":"set","ast-page-background-enabled":"default","ast-page-background-meta":{"desktop":{"background-color":"var(--ast-global-color-4)","background-image":"","background-repeat":"repeat","background-position":"center center","background-size":"auto","background-attachment":"scroll","background-type":"","background-media":"","overlay-type":"","overlay-color":"","overlay-opacity":"","overlay-gradient":""},"tablet":{"background-color":"","background-image":"","background-repeat":"repeat","background-position":"center center","background-size":"auto","background-attachment":"scroll","background-type":"","background-media":"","overlay-type":"","overlay-color":"","overlay-opacity":"","overlay-gradient":""},"mobile":{"background-color":"","background-image":"","background-repeat":"repeat","background-position":"center center","background-size":"auto","background-attachment":"scroll","background-type":"","background-media":"","overlay-type":"","overlay-color":"","overlay-opacity":"","overlay-gradient":""}},"ast-content-background-meta":{"desktop":{"background-color":"var(--ast-global-color-5)","background-image":"","background-repeat":"repeat","background-position":"center center","background-size":"auto","background-attachment":"scroll","background-type":"","background-media":"","overlay-type":"","overlay-color":"","overlay-opacity":"","overlay-gradient":""},"tablet":{"background-color":"var(--ast-global-color-5)","background-image":"","background-repeat":"repeat","background-position":"center center","background-size":"auto","background-attachment":"scroll","background-type":"","background-media":"","overlay-type":"","overlay-color":"","overlay-opacity":"","overlay-gradient":""},"mobile":{"background-color":"var(--ast-global-color-5)","background-image":"","background-repeat":"repeat","background-position":"center center","background-size":"auto","background-attachment":"scroll","background-type":"","background-media":"","overlay-type":"","overlay-color":"","overlay-opacity":"","overlay-gradient":""}}},"product_brand":[],"product_cat":[53],"product_tag":[255,1385,1372],"class_list":{"0":"post-2239","1":"product","2":"type-product","3":"status-publish","4":"has-post-thumbnail","6":"product_cat-gosedjur","7":"product_tag-gosedjur","8":"product_tag-snuttefilt","9":"product_tag-teddykompaniet","10":"desktop-align-left","11":"tablet-align-left","12":"mobile-align-left","14":"first","15":"outofstock","16":"taxable","17":"shipping-taxable","18":"purchasable","19":"product-type-simple"},"jetpack_sharing_enabled":true,"_links":{"self":[{"href":"https:\/\/www.glittrigating.se\/index.php\/wp-json\/wp\/v2\/product\/2239","targetHints":{"allow":["GET"]}}],"collection":[{"href":"https:\/\/www.glittrigating.se\/index.php\/wp-json\/wp\/v2\/product"}],"about":[{"href":"https:\/\/www.glittrigating.se\/index.php\/wp-json\/wp\/v2\/types\/product"}],"wp:featuredmedia":[{"embeddable":true,"href":"https:\/\/www.glittrigating.se\/index.php\/wp-json\/wp\/v2\/media\/5356"}],"wp:attachment":[{"href":"https:\/\/www.glittrigating.se\/index.php\/wp-json\/wp\/v2\/media?parent=2239"}],"wp:term":[{"taxonomy":"product_brand","embeddable":true,"href":"https:\/\/www.glittrigating.se\/index.php\/wp-json\/wp\/v2\/product_brand?post=2239"},{"taxonomy":"product_cat","embeddable":true,"href":"https:\/\/www.glittrigating.se\/index.php\/wp-json\/wp\/v2\/product_cat?post=2239"},{"taxonomy":"product_tag","embeddable":true,"href":"https:\/\/www.glittrigating.se\/index.php\/wp-json\/wp\/v2\/product_tag?post=2239"}],"curies":[{"name":"wp","href":"https:\/\/api.w.org\/{rel}","templated":true}]}}