{"id":2248,"date":"2021-02-26T14:37:40","date_gmt":"2021-02-26T14:37:40","guid":{"rendered":"https:\/\/www.glittrigating.se\/index.php\/product\/bukowski-sweet-graham-46\/"},"modified":"2025-11-26T14:12:44","modified_gmt":"2025-11-26T14:12:44","slug":"bukowski-sweet-graham-46","status":"publish","type":"product","link":"https:\/\/www.glittrigating.se\/index.php\/product\/bukowski-sweet-graham-46\/","title":{"rendered":"Diinglisar Speldosa Kanin"},"content":{"rendered":"","protected":false},"excerpt":{"rendered":"<h3 class=\"MsoNormal\">Diinglisar Speldosa Kanin<\/h3>\n<p class=\"MsoNormal\">Diinglis speldosa &#8211; Kanin fr\u00e5n Teddykompaniet spelar en lugn melodi (Mozarts vaggvisa) f\u00f6r ditt barn vid l\u00e4ggdags. 25 cm h\u00f6g.<\/p>\n<p class=\"MsoNormal\">Diinglisar Speldosa Kanin \u00e4r en mjuk speldosa fr\u00e5n Teddykompaniet med h\u00e4nge och sn\u00f6re att dra i.<br \/>\nAlla leksaker fr\u00e5n Teddykompaniet \u00e4r barns\u00e4kra vilket inneb\u00e4r att alla s\u00f6mmar \u00e4r testade och drags\u00e4kra, och att materialen \u00e4r eld- och flams\u00e4kra samt giftfria.<br \/>\nL\u00e4ngd: 24 cm.<\/p>\n<h6>TEDDYKOMPANIET SKANDINAVISK DESIGN<\/h6>\n<p>Teddykompaniet har designat och tillverkat gosedjur i \u00f6ver 25 \u00e5r. Verksamheten startade i B\u00e5stad i s\u00f6dra Sverige, med en id\u00e9 om att tillverka nallar med h\u00f6g kvalitet och skandinavisk design. Idag levererar dem gosedjur till barn i hela v\u00e4rlden. Men verksamheten, grundid\u00e9 och hj\u00e4rta \ufb01nns kvar i B\u00e5stad.<\/p>\n<p><!-- [if gte mso 9]><xml>  <o:OfficeDocumentSettings>   <o:AllowPNG\/>  <\/o:OfficeDocumentSettings> <\/xml><![endif]--><!-- [if gte mso 9]><xml>  <w:WordDocument>   <w:View>Normal<\/w:View>   <w:Zoom>0<\/w:Zoom>   <w:TrackMoves\/>   <w:TrackFormatting\/>   <w:HyphenationZone>21<\/w:HyphenationZone>   <w:PunctuationKerning\/>   <w:ValidateAgainstSchemas\/>   <w:SaveIfXMLInvalid>false<\/w:SaveIfXMLInvalid>   <w:IgnoreMixedContent>false<\/w:IgnoreMixedContent>   <w:AlwaysShowPlaceholderText>false<\/w:AlwaysShowPlaceholderText>   <w:DoNotPromoteQF\/>   <w:LidThemeOther>SV<\/w:LidThemeOther>   <w:LidThemeAsian>X-NONE<\/w:LidThemeAsian>   <w:LidThemeComplexScript>X-NONE<\/w:LidThemeComplexScript>   <w:Compatibility>    <w:BreakWrappedTables\/>    <w:SnapToGridInCell\/>    <w:WrapTextWithPunct\/>    <w:UseAsianBreakRules\/>    <w:DontGrowAutofit\/>    <w:SplitPgBreakAndParaMark\/>    <w:EnableOpenTypeKerning\/>    <w:DontFlipMirrorIndents\/>    <w:OverrideTableStyleHps\/>   <\/w:Compatibility>   <m:mathPr>    <m:mathFont m:val=\"Cambria Math\"\/>    <m:brkBin m:val=\"before\"\/>    <m:brkBinSub m:val=\"&#45;-\"\/>    <m:smallFrac m:val=\"off\"\/>    <m:dispDef\/>    <m:lMargin m:val=\"0\"\/>    <m:rMargin m:val=\"0\"\/>    <m:defJc m:val=\"centerGroup\"\/>    <m:wrapIndent m:val=\"1440\"\/>    <m:intLim m:val=\"subSup\"\/>    <m:naryLim m:val=\"undOvr\"\/>   <\/m:mathPr><\/w:WordDocument> <\/xml><![endif]--><\/p>\n","protected":false},"featured_media":5350,"template":"","meta":{"site-sidebar-layout":"default","site-content-layout":"default","ast-site-content-layout":"default","site-content-style":"default","site-sidebar-style":"default","ast-global-header-display":"","ast-banner-title-visibility":"","ast-main-header-display":"","ast-hfb-above-header-display":"","ast-hfb-below-header-display":"","ast-hfb-mobile-header-display":"","site-post-title":"","ast-breadcrumbs-content":"","ast-featured-img":"","footer-sml-layout":"","theme-transparent-header-meta":"default","adv-header-id-meta":"","stick-header-meta":"","header-above-stick-meta":"","header-main-stick-meta":"","header-below-stick-meta":"","astra-migrate-meta-layouts":"set","ast-page-background-enabled":"default","ast-page-background-meta":{"desktop":{"background-color":"var(--ast-global-color-4)","background-image":"","background-repeat":"repeat","background-position":"center center","background-size":"auto","background-attachment":"scroll","background-type":"","background-media":"","overlay-type":"","overlay-color":"","overlay-opacity":"","overlay-gradient":""},"tablet":{"background-color":"","background-image":"","background-repeat":"repeat","background-position":"center center","background-size":"auto","background-attachment":"scroll","background-type":"","background-media":"","overlay-type":"","overlay-color":"","overlay-opacity":"","overlay-gradient":""},"mobile":{"background-color":"","background-image":"","background-repeat":"repeat","background-position":"center center","background-size":"auto","background-attachment":"scroll","background-type":"","background-media":"","overlay-type":"","overlay-color":"","overlay-opacity":"","overlay-gradient":""}},"ast-content-background-meta":{"desktop":{"background-color":"var(--ast-global-color-5)","background-image":"","background-repeat":"repeat","background-position":"center center","background-size":"auto","background-attachment":"scroll","background-type":"","background-media":"","overlay-type":"","overlay-color":"","overlay-opacity":"","overlay-gradient":""},"tablet":{"background-color":"var(--ast-global-color-5)","background-image":"","background-repeat":"repeat","background-position":"center center","background-size":"auto","background-attachment":"scroll","background-type":"","background-media":"","overlay-type":"","overlay-color":"","overlay-opacity":"","overlay-gradient":""},"mobile":{"background-color":"var(--ast-global-color-5)","background-image":"","background-repeat":"repeat","background-position":"center center","background-size":"auto","background-attachment":"scroll","background-type":"","background-media":"","overlay-type":"","overlay-color":"","overlay-opacity":"","overlay-gradient":""}}},"product_brand":[],"product_cat":[88,53],"product_tag":[234,1141,255,258,265,1401,1372,210],"class_list":{"0":"post-2248","1":"product","2":"type-product","3":"status-publish","4":"has-post-thumbnail","6":"product_cat-dinglisar","7":"product_cat-gosedjur","8":"product_tag-beige","9":"product_tag-brun","10":"product_tag-gosedjur","11":"product_tag-kanin","12":"product_tag-plysch","13":"product_tag-speldosa","14":"product_tag-teddykompaniet","15":"product_tag-vit","16":"desktop-align-left","17":"tablet-align-left","18":"mobile-align-left","20":"first","21":"instock","22":"taxable","23":"shipping-taxable","24":"purchasable","25":"product-type-simple"},"jetpack_sharing_enabled":true,"_links":{"self":[{"href":"https:\/\/www.glittrigating.se\/index.php\/wp-json\/wp\/v2\/product\/2248","targetHints":{"allow":["GET"]}}],"collection":[{"href":"https:\/\/www.glittrigating.se\/index.php\/wp-json\/wp\/v2\/product"}],"about":[{"href":"https:\/\/www.glittrigating.se\/index.php\/wp-json\/wp\/v2\/types\/product"}],"wp:featuredmedia":[{"embeddable":true,"href":"https:\/\/www.glittrigating.se\/index.php\/wp-json\/wp\/v2\/media\/5350"}],"wp:attachment":[{"href":"https:\/\/www.glittrigating.se\/index.php\/wp-json\/wp\/v2\/media?parent=2248"}],"wp:term":[{"taxonomy":"product_brand","embeddable":true,"href":"https:\/\/www.glittrigating.se\/index.php\/wp-json\/wp\/v2\/product_brand?post=2248"},{"taxonomy":"product_cat","embeddable":true,"href":"https:\/\/www.glittrigating.se\/index.php\/wp-json\/wp\/v2\/product_cat?post=2248"},{"taxonomy":"product_tag","embeddable":true,"href":"https:\/\/www.glittrigating.se\/index.php\/wp-json\/wp\/v2\/product_tag?post=2248"}],"curies":[{"name":"wp","href":"https:\/\/api.w.org\/{rel}","templated":true}]}}