{"id":2272,"date":"2021-03-19T12:13:20","date_gmt":"2021-03-19T12:13:20","guid":{"rendered":"https:\/\/www.glittrigating.se\/index.php\/product\/orrefors-carat-ljusstake-2-pack-226\/"},"modified":"2025-12-29T12:06:20","modified_gmt":"2025-12-29T12:06:20","slug":"fresh-scents-doftpasar","status":"publish","type":"product","link":"https:\/\/www.glittrigating.se\/index.php\/product\/fresh-scents-doftpasar\/","title":{"rendered":"Fresh Scents Doftp\u00e5sar"},"content":{"rendered":"<h3 class=\"MsoNormal\"><\/h3>\n<div class=\"value\"><!-- [if gte mso 9]><xml>  <o:OfficeDocumentSettings>   <o:AllowPNG\/>  <\/o:OfficeDocumentSettings> <\/xml><![endif]--><\/div>\n","protected":false},"excerpt":{"rendered":"<h5>Fresh Scents\u00a0Doftp\u00e5sar<\/h5>\n<p class=\"MsoNormal\">Skapa en h\u00e4rlig v\u00e4ldoftande k\u00e4nsla, anv\u00e4nd i flera utrymmen som t ex i badrummet, garderoben, bilen och i sk\u00e5p och l\u00e5dor.<br \/>\nEn doftp\u00e5se \u00e4r verkligen en b\u00e4rbar doftspridare, och doften sprids genom pappret. Med l\u00e5ng h\u00e5llbarhet upp till 9 m\u00e5nader.<\/p>\n<p><strong>Finns i tre olika dofter:<\/strong><\/p>\n<p><strong>Bee Happy<\/strong> &#8211; Frisk Citrus med en touch av s\u00f6t honung.<\/p>\n<p><strong>Enjoy The Little Things<\/strong> &#8211;<\/p>\n<p><strong>Sea Shells<\/strong> &#8211; Kombinerar citrusnyanser av ananas, mandarin och apelsinblomma.<\/p>\n","protected":false},"featured_media":5342,"template":"","meta":{"site-sidebar-layout":"default","site-content-layout":"default","ast-site-content-layout":"default","site-content-style":"default","site-sidebar-style":"default","ast-global-header-display":"","ast-banner-title-visibility":"","ast-main-header-display":"","ast-hfb-above-header-display":"","ast-hfb-below-header-display":"","ast-hfb-mobile-header-display":"","site-post-title":"","ast-breadcrumbs-content":"","ast-featured-img":"","footer-sml-layout":"","theme-transparent-header-meta":"default","adv-header-id-meta":"","stick-header-meta":"","header-above-stick-meta":"","header-main-stick-meta":"","header-below-stick-meta":"","astra-migrate-meta-layouts":"set","ast-page-background-enabled":"default","ast-page-background-meta":{"desktop":{"background-color":"var(--ast-global-color-4)","background-image":"","background-repeat":"repeat","background-position":"center center","background-size":"auto","background-attachment":"scroll","background-type":"","background-media":"","overlay-type":"","overlay-color":"","overlay-opacity":"","overlay-gradient":""},"tablet":{"background-color":"","background-image":"","background-repeat":"repeat","background-position":"center center","background-size":"auto","background-attachment":"scroll","background-type":"","background-media":"","overlay-type":"","overlay-color":"","overlay-opacity":"","overlay-gradient":""},"mobile":{"background-color":"","background-image":"","background-repeat":"repeat","background-position":"center center","background-size":"auto","background-attachment":"scroll","background-type":"","background-media":"","overlay-type":"","overlay-color":"","overlay-opacity":"","overlay-gradient":""}},"ast-content-background-meta":{"desktop":{"background-color":"var(--ast-global-color-5)","background-image":"","background-repeat":"repeat","background-position":"center center","background-size":"auto","background-attachment":"scroll","background-type":"","background-media":"","overlay-type":"","overlay-color":"","overlay-opacity":"","overlay-gradient":""},"tablet":{"background-color":"var(--ast-global-color-5)","background-image":"","background-repeat":"repeat","background-position":"center center","background-size":"auto","background-attachment":"scroll","background-type":"","background-media":"","overlay-type":"","overlay-color":"","overlay-opacity":"","overlay-gradient":""},"mobile":{"background-color":"var(--ast-global-color-5)","background-image":"","background-repeat":"repeat","background-position":"center center","background-size":"auto","background-attachment":"scroll","background-type":"","background-media":"","overlay-type":"","overlay-color":"","overlay-opacity":"","overlay-gradient":""}}},"product_brand":[],"product_cat":[57,120,137],"product_tag":[1205,1334,1418,1187,1307,1419,1417,1330],"class_list":{"0":"post-2272","1":"product","2":"type-product","3":"status-publish","4":"has-post-thumbnail","6":"product_cat-dofter","7":"product_cat-doftpasar","8":"product_cat-fresh-scents","9":"product_tag-ananas","10":"product_tag-apelsin","11":"product_tag-bee-happy","12":"product_tag-citrus","13":"product_tag-doftpasar","14":"product_tag-doftpase","15":"product_tag-fresh-scents","16":"product_tag-mandarin","17":"desktop-align-left","18":"tablet-align-left","19":"mobile-align-left","21":"first","22":"instock","23":"taxable","24":"shipping-taxable","25":"purchasable","26":"product-type-variable"},"jetpack_sharing_enabled":true,"_links":{"self":[{"href":"https:\/\/www.glittrigating.se\/index.php\/wp-json\/wp\/v2\/product\/2272","targetHints":{"allow":["GET"]}}],"collection":[{"href":"https:\/\/www.glittrigating.se\/index.php\/wp-json\/wp\/v2\/product"}],"about":[{"href":"https:\/\/www.glittrigating.se\/index.php\/wp-json\/wp\/v2\/types\/product"}],"wp:featuredmedia":[{"embeddable":true,"href":"https:\/\/www.glittrigating.se\/index.php\/wp-json\/wp\/v2\/media\/5342"}],"wp:attachment":[{"href":"https:\/\/www.glittrigating.se\/index.php\/wp-json\/wp\/v2\/media?parent=2272"}],"wp:term":[{"taxonomy":"product_brand","embeddable":true,"href":"https:\/\/www.glittrigating.se\/index.php\/wp-json\/wp\/v2\/product_brand?post=2272"},{"taxonomy":"product_cat","embeddable":true,"href":"https:\/\/www.glittrigating.se\/index.php\/wp-json\/wp\/v2\/product_cat?post=2272"},{"taxonomy":"product_tag","embeddable":true,"href":"https:\/\/www.glittrigating.se\/index.php\/wp-json\/wp\/v2\/product_tag?post=2272"}],"curies":[{"name":"wp","href":"https:\/\/api.w.org\/{rel}","templated":true}]}}