{"id":2329,"date":"2021-05-04T16:41:59","date_gmt":"2021-05-04T16:41:59","guid":{"rendered":"https:\/\/www.glittrigating.se\/index.php\/product\/orrefors-carat-ljusstake-2-pack-234\/"},"modified":"2024-01-15T16:03:34","modified_gmt":"2024-01-15T16:03:34","slug":"orrefors-carat-ljusstake-2-pack-234","status":"publish","type":"product","link":"https:\/\/www.glittrigating.se\/index.php\/product\/orrefors-carat-ljusstake-2-pack-234\/","title":{"rendered":"Orrefors Hunting Pizzakit"},"content":{"rendered":"<p class=\"MsoNormal\">F\u00e5 till den perfekta pizzan med detta kit fr\u00e5n Orrefors Hunting.<br \/>\nPizzastenen ser till s\u00e5 att du f\u00e5r en knaprig botten och den medf\u00f6ljande, hopf\u00e4llbara, pizzaspaden g\u00f6r hanteringen av pizzorna enkel.<br \/>\nAllt levereras i en pizzakartong.<\/p>\n<p>Storlek: Diameter pizzasten 33 cm, spade 63 cm utf\u00e4lld.<\/p>\n<div class=\"col-sm-12 col-md-6\">\n<p>&nbsp;<\/p>\n<\/div>\n<div class=\"col-sm-12 col-md-6\"><\/div>\n","protected":false},"excerpt":{"rendered":"<p>F\u00e5 till den perfekta pizzan med detta kit fr\u00e5n Orrefors Hunting.<br \/>\nPizzastenen ser till s\u00e5 att du f\u00e5r en knaprig botten och den medf\u00f6ljande, hopf\u00e4llbara, pizzaspaden g\u00f6r hanteringen av pizzorna enkel.<br \/>\nAllt levereras i en pizzakartong.<\/p>\n<p>Storlek: Diameter pizzasten 33 cm, spade 63 cm utf\u00e4lld.<\/p>\n","protected":false},"featured_media":2322,"template":"","meta":{"site-sidebar-layout":"default","site-content-layout":"default","ast-site-content-layout":"default","site-content-style":"default","site-sidebar-style":"default","ast-global-header-display":"","ast-banner-title-visibility":"","ast-main-header-display":"","ast-hfb-above-header-display":"","ast-hfb-below-header-display":"","ast-hfb-mobile-header-display":"","site-post-title":"","ast-breadcrumbs-content":"","ast-featured-img":"","footer-sml-layout":"","theme-transparent-header-meta":"default","adv-header-id-meta":"","stick-header-meta":"","header-above-stick-meta":"","header-main-stick-meta":"","header-below-stick-meta":"","astra-migrate-meta-layouts":"default","ast-page-background-enabled":"default","ast-page-background-meta":{"desktop":{"background-color":"var(--ast-global-color-4)","background-image":"","background-repeat":"repeat","background-position":"center center","background-size":"auto","background-attachment":"scroll","background-type":"","background-media":"","overlay-type":"","overlay-color":"","overlay-opacity":"","overlay-gradient":""},"tablet":{"background-color":"","background-image":"","background-repeat":"repeat","background-position":"center center","background-size":"auto","background-attachment":"scroll","background-type":"","background-media":"","overlay-type":"","overlay-color":"","overlay-opacity":"","overlay-gradient":""},"mobile":{"background-color":"","background-image":"","background-repeat":"repeat","background-position":"center center","background-size":"auto","background-attachment":"scroll","background-type":"","background-media":"","overlay-type":"","overlay-color":"","overlay-opacity":"","overlay-gradient":""}},"ast-content-background-meta":{"desktop":{"background-color":"var(--ast-global-color-5)","background-image":"","background-repeat":"repeat","background-position":"center center","background-size":"auto","background-attachment":"scroll","background-type":"","background-media":"","overlay-type":"","overlay-color":"","overlay-opacity":"","overlay-gradient":""},"tablet":{"background-color":"var(--ast-global-color-5)","background-image":"","background-repeat":"repeat","background-position":"center center","background-size":"auto","background-attachment":"scroll","background-type":"","background-media":"","overlay-type":"","overlay-color":"","overlay-opacity":"","overlay-gradient":""},"mobile":{"background-color":"var(--ast-global-color-5)","background-image":"","background-repeat":"repeat","background-position":"center center","background-size":"auto","background-attachment":"scroll","background-type":"","background-media":"","overlay-type":"","overlay-color":"","overlay-opacity":"","overlay-gradient":""}}},"product_brand":[],"product_cat":[51,95],"product_tag":[1445,706,1444,1442,1443],"class_list":{"0":"post-2329","1":"product","2":"type-product","3":"status-publish","4":"has-post-thumbnail","6":"product_cat-koek","7":"product_cat-orrefors-hunting","8":"product_tag-ihopfallbar","9":"product_tag-orrefors-hunting","10":"product_tag-pizza","11":"product_tag-pizzakit","12":"product_tag-pizzasten","13":"desktop-align-left","14":"tablet-align-left","15":"mobile-align-left","17":"first","18":"instock","19":"taxable","20":"shipping-taxable","21":"purchasable","22":"product-type-simple"},"jetpack_sharing_enabled":true,"_links":{"self":[{"href":"https:\/\/www.glittrigating.se\/index.php\/wp-json\/wp\/v2\/product\/2329","targetHints":{"allow":["GET"]}}],"collection":[{"href":"https:\/\/www.glittrigating.se\/index.php\/wp-json\/wp\/v2\/product"}],"about":[{"href":"https:\/\/www.glittrigating.se\/index.php\/wp-json\/wp\/v2\/types\/product"}],"wp:featuredmedia":[{"embeddable":true,"href":"https:\/\/www.glittrigating.se\/index.php\/wp-json\/wp\/v2\/media\/2322"}],"wp:attachment":[{"href":"https:\/\/www.glittrigating.se\/index.php\/wp-json\/wp\/v2\/media?parent=2329"}],"wp:term":[{"taxonomy":"product_brand","embeddable":true,"href":"https:\/\/www.glittrigating.se\/index.php\/wp-json\/wp\/v2\/product_brand?post=2329"},{"taxonomy":"product_cat","embeddable":true,"href":"https:\/\/www.glittrigating.se\/index.php\/wp-json\/wp\/v2\/product_cat?post=2329"},{"taxonomy":"product_tag","embeddable":true,"href":"https:\/\/www.glittrigating.se\/index.php\/wp-json\/wp\/v2\/product_tag?post=2329"}],"curies":[{"name":"wp","href":"https:\/\/api.w.org\/{rel}","templated":true}]}}