{"id":267,"date":"2019-07-10T15:11:40","date_gmt":"2019-07-10T15:11:40","guid":{"rendered":"https:\/\/www.glittrigating.se\/index.php\/product\/bukowski-sweet-graham-3\/"},"modified":"2025-12-09T13:51:22","modified_gmt":"2025-12-09T13:51:22","slug":"bukowski-sweet-graham-3","status":"publish","type":"product","link":"https:\/\/www.glittrigating.se\/index.php\/product\/bukowski-sweet-graham-3\/","title":{"rendered":"Bukowski Theodore"},"content":{"rendered":"","protected":false},"excerpt":{"rendered":"<h4>Theodore<\/h4>\n<p>Theodore \u00e4r en riktigt bra f\u00f6rsta nalle (30cm) fr\u00e5n Bukowski Design. Med texten &#8221;MY FIRST TEDDY&#8221; p\u00e5 foten \u00e4r nallen bland annat en perfekt dop present eller baby shower g\u00e5va. Nallen \u00e4r sydd i supermjukt, l\u00e5ngh\u00e5rigt plysch och har en vit rosett runt nacken.<\/p>\n<p><strong>Bukowski Design<\/strong><\/p>\n<p>Det som k\u00e4nnetecknar en nalle fr\u00e5n Bukowski Design \u00e4r att den \u00e4r handsydd, att den \u00e4r helt barns\u00e4ker och f\u00f6ljer alla europeiska s\u00e4kerhetsstandarder och att den har en Bukowski Design tygetikett insydd p\u00e5 ena foten.<\/p>\n","protected":false},"featured_media":5887,"template":"","meta":{"site-sidebar-layout":"default","site-content-layout":"default","ast-site-content-layout":"default","site-content-style":"default","site-sidebar-style":"default","ast-global-header-display":"","ast-banner-title-visibility":"","ast-main-header-display":"","ast-hfb-above-header-display":"","ast-hfb-below-header-display":"","ast-hfb-mobile-header-display":"","site-post-title":"","ast-breadcrumbs-content":"","ast-featured-img":"","footer-sml-layout":"","theme-transparent-header-meta":"default","adv-header-id-meta":"","stick-header-meta":"","header-above-stick-meta":"","header-main-stick-meta":"","header-below-stick-meta":"","astra-migrate-meta-layouts":"set","ast-page-background-enabled":"default","ast-page-background-meta":{"desktop":{"background-color":"var(--ast-global-color-4)","background-image":"","background-repeat":"repeat","background-position":"center center","background-size":"auto","background-attachment":"scroll","background-type":"","background-media":"","overlay-type":"","overlay-color":"","overlay-opacity":"","overlay-gradient":""},"tablet":{"background-color":"","background-image":"","background-repeat":"repeat","background-position":"center center","background-size":"auto","background-attachment":"scroll","background-type":"","background-media":"","overlay-type":"","overlay-color":"","overlay-opacity":"","overlay-gradient":""},"mobile":{"background-color":"","background-image":"","background-repeat":"repeat","background-position":"center center","background-size":"auto","background-attachment":"scroll","background-type":"","background-media":"","overlay-type":"","overlay-color":"","overlay-opacity":"","overlay-gradient":""}},"ast-content-background-meta":{"desktop":{"background-color":"var(--ast-global-color-5)","background-image":"","background-repeat":"repeat","background-position":"center center","background-size":"auto","background-attachment":"scroll","background-type":"","background-media":"","overlay-type":"","overlay-color":"","overlay-opacity":"","overlay-gradient":""},"tablet":{"background-color":"var(--ast-global-color-5)","background-image":"","background-repeat":"repeat","background-position":"center center","background-size":"auto","background-attachment":"scroll","background-type":"","background-media":"","overlay-type":"","overlay-color":"","overlay-opacity":"","overlay-gradient":""},"mobile":{"background-color":"var(--ast-global-color-5)","background-image":"","background-repeat":"repeat","background-position":"center center","background-size":"auto","background-attachment":"scroll","background-type":"","background-media":"","overlay-type":"","overlay-color":"","overlay-opacity":"","overlay-gradient":""}}},"product_brand":[],"product_cat":[121,53],"product_tag":[254,260,255,262,256,257,259,263],"class_list":{"0":"post-267","1":"product","2":"type-product","3":"status-publish","4":"has-post-thumbnail","6":"product_cat-bukowski","7":"product_cat-gosedjur","8":"product_tag-bukowski","9":"product_tag-bukowski-design","10":"product_tag-gosedjur","11":"product_tag-my-first-teddy","12":"product_tag-nallar","13":"product_tag-nalle","14":"product_tag-nallebjorn","15":"product_tag-theodore","16":"desktop-align-left","17":"tablet-align-left","18":"mobile-align-left","20":"first","21":"outofstock","22":"taxable","23":"shipping-taxable","24":"purchasable","25":"product-type-simple"},"jetpack_sharing_enabled":true,"_links":{"self":[{"href":"https:\/\/www.glittrigating.se\/index.php\/wp-json\/wp\/v2\/product\/267","targetHints":{"allow":["GET"]}}],"collection":[{"href":"https:\/\/www.glittrigating.se\/index.php\/wp-json\/wp\/v2\/product"}],"about":[{"href":"https:\/\/www.glittrigating.se\/index.php\/wp-json\/wp\/v2\/types\/product"}],"wp:featuredmedia":[{"embeddable":true,"href":"https:\/\/www.glittrigating.se\/index.php\/wp-json\/wp\/v2\/media\/5887"}],"wp:attachment":[{"href":"https:\/\/www.glittrigating.se\/index.php\/wp-json\/wp\/v2\/media?parent=267"}],"wp:term":[{"taxonomy":"product_brand","embeddable":true,"href":"https:\/\/www.glittrigating.se\/index.php\/wp-json\/wp\/v2\/product_brand?post=267"},{"taxonomy":"product_cat","embeddable":true,"href":"https:\/\/www.glittrigating.se\/index.php\/wp-json\/wp\/v2\/product_cat?post=267"},{"taxonomy":"product_tag","embeddable":true,"href":"https:\/\/www.glittrigating.se\/index.php\/wp-json\/wp\/v2\/product_tag?post=267"}],"curies":[{"name":"wp","href":"https:\/\/api.w.org\/{rel}","templated":true}]}}