{"id":2881,"date":"2022-02-22T17:28:06","date_gmt":"2022-02-22T17:28:06","guid":{"rendered":"https:\/\/www.glittrigating.se\/?post_type=product&#038;p=2881"},"modified":"2025-12-10T14:49:30","modified_gmt":"2025-12-10T14:49:30","slug":"orrefors-carat-ljusstake-2-pack-kopia","status":"publish","type":"product","link":"https:\/\/www.glittrigating.se\/index.php\/product\/orrefors-carat-ljusstake-2-pack-kopia\/","title":{"rendered":"Orrefors Carat Ljusstake 2-pack"},"content":{"rendered":"","protected":false},"excerpt":{"rendered":"<h4>Orrefors Carat Ljusstake 2-pack<\/h4>\n<p>Med inspiration fr\u00e5n juveler och \u00e4delstenar har Lena Bergstr\u00f6m f\u00f6rnyat den slipade kristallen med glasserien Carat. Den distinkta och unika asymmetriska slipningen speglar v\u00e5r samtid men doftar ocks\u00e5 nordisk romantik.<br \/>\nLikt slipade diamanter staplade p\u00e5 varandra glittrar dessa ljusstakar s\u00e5v\u00e4l t\u00e4nd som sl\u00e4kt. Detaljer i rostfritt ger ett elegant intryck och ljusstakarna blir vackra inredningsdetaljer i ditt hem. Ljusstakarna finns i olika storlekar och bildar tillsammans en mycket harmonisk milj\u00f6.<\/p>\n<p>Levereras i 2-pack.<\/p>\n<p><strong>Finns i tre olika utf\u00f6randen: Anthrasite, Krom eller M\u00e4ssing<\/strong><\/p>\n<div class=\"col-sm-12 col-md-6\">\n<p>Carat \u00e4r serien som med sin asymmetriska slipning speglar den moderna samtiden likav\u00e4l som nordisk romantik. Inspirationen till serien har Lena f\u00e5tt fr\u00e5n juveler och \u00e4delstenar. Lena Bergstr\u00f6m har f\u00f6rnyat den slipade kristallen och skapat en serie otroligt dekorativa inredningsdetaljer som adderar glimmer och elegans till ditt hem.<\/p>\n<p>Lena Bergstr\u00f6m \u00e4r en av Sveriges mest framg\u00e5ngsrika och prisbel\u00f6nta formgivare. Hennes k\u00e4rlek till hantverk och material har resulterat i bruksglas, servisglas, textiler, belysning, och smycken alla pr\u00e4glade av hennes energifyllda formspr\u00e5k. Hennes stil kan beskrivas som kvinnlig, manlig, mjuk, h\u00e5rd, modern och elegant p\u00e5 en och samma g\u00e5ng.<\/p>\n<\/div>\n","protected":false},"featured_media":2883,"template":"","meta":{"site-sidebar-layout":"default","site-content-layout":"default","ast-site-content-layout":"default","site-content-style":"default","site-sidebar-style":"default","ast-global-header-display":"","ast-banner-title-visibility":"","ast-main-header-display":"","ast-hfb-above-header-display":"","ast-hfb-below-header-display":"","ast-hfb-mobile-header-display":"","site-post-title":"","ast-breadcrumbs-content":"","ast-featured-img":"","footer-sml-layout":"","theme-transparent-header-meta":"default","adv-header-id-meta":"","stick-header-meta":"","header-above-stick-meta":"","header-main-stick-meta":"","header-below-stick-meta":"","astra-migrate-meta-layouts":"set","ast-page-background-enabled":"default","ast-page-background-meta":{"desktop":{"background-color":"var(--ast-global-color-4)","background-image":"","background-repeat":"repeat","background-position":"center center","background-size":"auto","background-attachment":"scroll","background-type":"","background-media":"","overlay-type":"","overlay-color":"","overlay-opacity":"","overlay-gradient":""},"tablet":{"background-color":"","background-image":"","background-repeat":"repeat","background-position":"center center","background-size":"auto","background-attachment":"scroll","background-type":"","background-media":"","overlay-type":"","overlay-color":"","overlay-opacity":"","overlay-gradient":""},"mobile":{"background-color":"","background-image":"","background-repeat":"repeat","background-position":"center center","background-size":"auto","background-attachment":"scroll","background-type":"","background-media":"","overlay-type":"","overlay-color":"","overlay-opacity":"","overlay-gradient":""}},"ast-content-background-meta":{"desktop":{"background-color":"var(--ast-global-color-5)","background-image":"","background-repeat":"repeat","background-position":"center center","background-size":"auto","background-attachment":"scroll","background-type":"","background-media":"","overlay-type":"","overlay-color":"","overlay-opacity":"","overlay-gradient":""},"tablet":{"background-color":"var(--ast-global-color-5)","background-image":"","background-repeat":"repeat","background-position":"center center","background-size":"auto","background-attachment":"scroll","background-type":"","background-media":"","overlay-type":"","overlay-color":"","overlay-opacity":"","overlay-gradient":""},"mobile":{"background-color":"var(--ast-global-color-5)","background-image":"","background-repeat":"repeat","background-position":"center center","background-size":"auto","background-attachment":"scroll","background-type":"","background-media":"","overlay-type":"","overlay-color":"","overlay-opacity":"","overlay-gradient":""}}},"product_brand":[],"product_cat":[1493,46,99,92,91],"product_tag":[150,145,146,148,147,149,152,151,153,144],"class_list":{"0":"post-2881","1":"product","2":"type-product","3":"status-publish","4":"has-post-thumbnail","6":"product_cat-carat","7":"product_cat-inredning","8":"product_cat-kristall","9":"product_cat-ljuslyktor-ljusstakar","10":"product_cat-orrefors","11":"product_tag-2-pack","12":"product_tag-carat","13":"product_tag-glas","14":"product_tag-klar","15":"product_tag-kristall","16":"product_tag-krom","17":"product_tag-ljusstakar","18":"product_tag-ljusstake","19":"product_tag-massing","20":"product_tag-orrefors","21":"desktop-align-left","22":"tablet-align-left","23":"mobile-align-left","25":"first","26":"instock","27":"taxable","28":"shipping-taxable","29":"purchasable","30":"product-type-variable"},"jetpack_sharing_enabled":true,"_links":{"self":[{"href":"https:\/\/www.glittrigating.se\/index.php\/wp-json\/wp\/v2\/product\/2881","targetHints":{"allow":["GET"]}}],"collection":[{"href":"https:\/\/www.glittrigating.se\/index.php\/wp-json\/wp\/v2\/product"}],"about":[{"href":"https:\/\/www.glittrigating.se\/index.php\/wp-json\/wp\/v2\/types\/product"}],"wp:featuredmedia":[{"embeddable":true,"href":"https:\/\/www.glittrigating.se\/index.php\/wp-json\/wp\/v2\/media\/2883"}],"wp:attachment":[{"href":"https:\/\/www.glittrigating.se\/index.php\/wp-json\/wp\/v2\/media?parent=2881"}],"wp:term":[{"taxonomy":"product_brand","embeddable":true,"href":"https:\/\/www.glittrigating.se\/index.php\/wp-json\/wp\/v2\/product_brand?post=2881"},{"taxonomy":"product_cat","embeddable":true,"href":"https:\/\/www.glittrigating.se\/index.php\/wp-json\/wp\/v2\/product_cat?post=2881"},{"taxonomy":"product_tag","embeddable":true,"href":"https:\/\/www.glittrigating.se\/index.php\/wp-json\/wp\/v2\/product_tag?post=2881"}],"curies":[{"name":"wp","href":"https:\/\/api.w.org\/{rel}","templated":true}]}}