{"id":32,"date":"2019-06-07T16:08:06","date_gmt":"2019-06-07T16:08:06","guid":{"rendered":"https:\/\/www.glittrigating.se\/index.php\/product\/orrefors-carat-klotvas-stor\/"},"modified":"2025-12-09T14:15:59","modified_gmt":"2025-12-09T14:15:59","slug":"orrefors-carat-klotvas-stor","status":"publish","type":"product","link":"https:\/\/www.glittrigating.se\/index.php\/product\/orrefors-carat-klotvas-stor\/","title":{"rendered":"Orrefors Carat klotvas stor"},"content":{"rendered":"","protected":false},"excerpt":{"rendered":"<h4>Orrefors Carat Klotvas Stor<\/h4>\n<p>Carat \u00e4r serien som med sin asymmetriska slipning speglar den moderna samtiden likav\u00e4l som nordisk romantik. Inspirationen till serien har Lena f\u00e5tt fr\u00e5n juveler och \u00e4delstenar. Lena Bergstr\u00f6m har f\u00f6rnyat den slipade kristallen och skapat en serie otroligt dekorativa inredningsdetaljer som adderar glimmer och elegans till ditt hem.<\/p>\n<p>Lena Bergstr\u00f6m \u00e4r en av Sveriges mest framg\u00e5ngsrika och prisbel\u00f6nta formgivare. Hennes k\u00e4rlek till hantverk och material har resulterat i bruksglas, servisglas, textiler, belysning, och smycken alla pr\u00e4glade av hennes energifyllda formspr\u00e5k. Hennes stil kan beskrivas som kvinnlig, manlig, mjuk, h\u00e5rd, modern och elegant p\u00e5 en och samma g\u00e5ng.<\/p>\n<p>Med inspiration fr\u00e5n juveler och \u00e4delstenar har Lena Bergstr\u00f6m f\u00f6rnyat den slipade kristallen med glasserien Carat. Den distinkta och unika asymmetriska slipningen speglar v\u00e5r samtid men doftar ocks\u00e5 nordisk romantik.<\/p>\n<div class=\"col-sm-12 col-md-6\">\n<p><b>H\u00f6jd: <\/b><br \/>\n168 mm<br \/>\n<b>L\u00e4ngd: <\/b><br \/>\n0 mm<br \/>\n<b>Bredd: <\/b><br \/>\n204 mm<br \/>\n<b>Vikt: <\/b><br \/>\n3.08 kg<\/p>\n<\/div>\n","protected":false},"featured_media":5897,"template":"","meta":{"site-sidebar-layout":"default","site-content-layout":"default","ast-site-content-layout":"default","site-content-style":"default","site-sidebar-style":"default","ast-global-header-display":"","ast-banner-title-visibility":"","ast-main-header-display":"","ast-hfb-above-header-display":"","ast-hfb-below-header-display":"","ast-hfb-mobile-header-display":"","site-post-title":"","ast-breadcrumbs-content":"","ast-featured-img":"","footer-sml-layout":"","theme-transparent-header-meta":"default","adv-header-id-meta":"","stick-header-meta":"","header-above-stick-meta":"","header-main-stick-meta":"","header-below-stick-meta":"","astra-migrate-meta-layouts":"set","ast-page-background-enabled":"default","ast-page-background-meta":{"desktop":{"background-color":"var(--ast-global-color-4)","background-image":"","background-repeat":"repeat","background-position":"center center","background-size":"auto","background-attachment":"scroll","background-type":"","background-media":"","overlay-type":"","overlay-color":"","overlay-opacity":"","overlay-gradient":""},"tablet":{"background-color":"","background-image":"","background-repeat":"repeat","background-position":"center center","background-size":"auto","background-attachment":"scroll","background-type":"","background-media":"","overlay-type":"","overlay-color":"","overlay-opacity":"","overlay-gradient":""},"mobile":{"background-color":"","background-image":"","background-repeat":"repeat","background-position":"center center","background-size":"auto","background-attachment":"scroll","background-type":"","background-media":"","overlay-type":"","overlay-color":"","overlay-opacity":"","overlay-gradient":""}},"ast-content-background-meta":{"desktop":{"background-color":"var(--ast-global-color-5)","background-image":"","background-repeat":"repeat","background-position":"center center","background-size":"auto","background-attachment":"scroll","background-type":"","background-media":"","overlay-type":"","overlay-color":"","overlay-opacity":"","overlay-gradient":""},"tablet":{"background-color":"var(--ast-global-color-5)","background-image":"","background-repeat":"repeat","background-position":"center center","background-size":"auto","background-attachment":"scroll","background-type":"","background-media":"","overlay-type":"","overlay-color":"","overlay-opacity":"","overlay-gradient":""},"mobile":{"background-color":"var(--ast-global-color-5)","background-image":"","background-repeat":"repeat","background-position":"center center","background-size":"auto","background-attachment":"scroll","background-type":"","background-media":"","overlay-type":"","overlay-color":"","overlay-opacity":"","overlay-gradient":""}}},"product_brand":[],"product_cat":[1493,46,99,91],"product_tag":[145,146,148,155,147,144,154],"class_list":{"0":"post-32","1":"product","2":"type-product","3":"status-publish","4":"has-post-thumbnail","6":"product_cat-carat","7":"product_cat-inredning","8":"product_cat-kristall","9":"product_cat-orrefors","10":"product_tag-carat","11":"product_tag-glas","12":"product_tag-klar","13":"product_tag-klotvas","14":"product_tag-kristall","15":"product_tag-orrefors","16":"product_tag-vas","17":"desktop-align-left","18":"tablet-align-left","19":"mobile-align-left","21":"first","22":"instock","23":"taxable","24":"shipping-taxable","25":"purchasable","26":"product-type-simple"},"jetpack_sharing_enabled":true,"_links":{"self":[{"href":"https:\/\/www.glittrigating.se\/index.php\/wp-json\/wp\/v2\/product\/32","targetHints":{"allow":["GET"]}}],"collection":[{"href":"https:\/\/www.glittrigating.se\/index.php\/wp-json\/wp\/v2\/product"}],"about":[{"href":"https:\/\/www.glittrigating.se\/index.php\/wp-json\/wp\/v2\/types\/product"}],"wp:featuredmedia":[{"embeddable":true,"href":"https:\/\/www.glittrigating.se\/index.php\/wp-json\/wp\/v2\/media\/5897"}],"wp:attachment":[{"href":"https:\/\/www.glittrigating.se\/index.php\/wp-json\/wp\/v2\/media?parent=32"}],"wp:term":[{"taxonomy":"product_brand","embeddable":true,"href":"https:\/\/www.glittrigating.se\/index.php\/wp-json\/wp\/v2\/product_brand?post=32"},{"taxonomy":"product_cat","embeddable":true,"href":"https:\/\/www.glittrigating.se\/index.php\/wp-json\/wp\/v2\/product_cat?post=32"},{"taxonomy":"product_tag","embeddable":true,"href":"https:\/\/www.glittrigating.se\/index.php\/wp-json\/wp\/v2\/product_tag?post=32"}],"curies":[{"name":"wp","href":"https:\/\/api.w.org\/{rel}","templated":true}]}}