{"id":3354,"date":"2023-07-04T12:53:11","date_gmt":"2023-07-04T12:53:11","guid":{"rendered":"https:\/\/www.glittrigating.se\/?post_type=product&#038;p=3354"},"modified":"2025-11-25T14:33:42","modified_gmt":"2025-11-25T14:33:42","slug":"vincents-hole-in-one","status":"publish","type":"product","link":"https:\/\/www.glittrigating.se\/index.php\/product\/vincents-hole-in-one\/","title":{"rendered":"Vincents Hole in one"},"content":{"rendered":"<div class=\"col-sm-12 col-md-6\">\n<p>&nbsp;<\/p>\n<p>&nbsp;<\/p>\n<\/div>\n","protected":false},"excerpt":{"rendered":"<div class=\"col-sm-12 col-md-8\">\n<div class=\"feature-row__item feature-row__text feature-row__text--right\">\n<p class=\"p1\">Vincent har funnits i ett antal \u00e5r men nu \u00e4r han redo att er\u00f6vra v\u00e4rlden. Vincent och Ebbas \u00e4ventyr presenteras i olika kollektioner som fylls p\u00e5 med nya produkter efterhand. Vincent \u00e4r en h\u00e5llbar r\u00e5tta s\u00e5 alla produkter \u00e4r tillverkade i Sverige med Vincents milj\u00f6t\u00e4nk, tillverkad i FSC godk\u00e4nd bj\u00f6rk.<\/p>\n<p class=\"p1\">Brickorna\u00a0\u00e4r\u00a0tillverkade av flera ark av FSC\u00ae-certifierat bj\u00f6rkfan\u00e9r som l\u00e4ggs samman f\u00f6r hand innan de pressas ihop under h\u00f6gt tryck och v\u00e4rme. Motivet skyddas av ett melaminbaserat ytskikt vilket g\u00f6r ytan slitstark och v\u00e4rmet\u00e5lig. Produkterna t\u00e5l maskindisk men ytan h\u00e5ller sig fin l\u00e4ngre om man handdiskar.<\/p>\n<p class=\"p1\">R\u00e5ttan Vincent och hans kompis Ebba \u00e4r skapade av konstn\u00e4ren Tina Lundgren, verksam i Yngsj\u00f6, Sk\u00e5ne.<br \/>\n(www.tinalundgren.com)<\/p>\n<h2 class=\"h3\"><b style=\"font-size: 16px; font-style: inherit;\">H\u00f6jd:<\/b><\/h2>\n<\/div>\n<\/div>\n<div class=\"col-sm-12 col-md-6\">\n<p>15 mm<\/p>\n<\/div>\n<div class=\"col-sm-12 col-md-6\">\n<p><b>L\u00e4ngd: <\/b><br \/>\n270 mm<\/p>\n<p><b>Bredd:<\/b><br \/>\n200 mm<\/p>\n<\/div>\n","protected":false},"featured_media":5324,"template":"","meta":{"site-sidebar-layout":"default","site-content-layout":"default","ast-site-content-layout":"default","site-content-style":"default","site-sidebar-style":"default","ast-global-header-display":"","ast-banner-title-visibility":"","ast-main-header-display":"","ast-hfb-above-header-display":"","ast-hfb-below-header-display":"","ast-hfb-mobile-header-display":"","site-post-title":"","ast-breadcrumbs-content":"","ast-featured-img":"","footer-sml-layout":"","theme-transparent-header-meta":"default","adv-header-id-meta":"","stick-header-meta":"","header-above-stick-meta":"","header-main-stick-meta":"","header-below-stick-meta":"","astra-migrate-meta-layouts":"set","ast-page-background-enabled":"default","ast-page-background-meta":{"desktop":{"background-color":"var(--ast-global-color-4)","background-image":"","background-repeat":"repeat","background-position":"center center","background-size":"auto","background-attachment":"scroll","background-type":"","background-media":"","overlay-type":"","overlay-color":"","overlay-opacity":"","overlay-gradient":""},"tablet":{"background-color":"","background-image":"","background-repeat":"repeat","background-position":"center center","background-size":"auto","background-attachment":"scroll","background-type":"","background-media":"","overlay-type":"","overlay-color":"","overlay-opacity":"","overlay-gradient":""},"mobile":{"background-color":"","background-image":"","background-repeat":"repeat","background-position":"center center","background-size":"auto","background-attachment":"scroll","background-type":"","background-media":"","overlay-type":"","overlay-color":"","overlay-opacity":"","overlay-gradient":""}},"ast-content-background-meta":{"desktop":{"background-color":"var(--ast-global-color-5)","background-image":"","background-repeat":"repeat","background-position":"center center","background-size":"auto","background-attachment":"scroll","background-type":"","background-media":"","overlay-type":"","overlay-color":"","overlay-opacity":"","overlay-gradient":""},"tablet":{"background-color":"var(--ast-global-color-5)","background-image":"","background-repeat":"repeat","background-position":"center center","background-size":"auto","background-attachment":"scroll","background-type":"","background-media":"","overlay-type":"","overlay-color":"","overlay-opacity":"","overlay-gradient":""},"mobile":{"background-color":"var(--ast-global-color-5)","background-image":"","background-repeat":"repeat","background-position":"center center","background-size":"auto","background-attachment":"scroll","background-type":"","background-media":"","overlay-type":"","overlay-color":"","overlay-opacity":"","overlay-gradient":""}}},"product_brand":[],"product_cat":[110,116,125],"product_tag":[438,439,454,455,452,453,442,443,434,440,433],"class_list":{"0":"post-3354","1":"product","2":"type-product","3":"status-publish","4":"has-post-thumbnail","6":"product_cat-brickor","7":"product_cat-brickor-inredning","8":"product_cat-vincent-ebba","9":"product_tag-bricka","10":"product_tag-brickor","11":"product_tag-ebba","12":"product_tag-ebba-och-rosorna","13":"product_tag-rosor","14":"product_tag-rosorna","15":"product_tag-rund","16":"product_tag-rund-bricka","17":"product_tag-tina-lundgren","18":"product_tag-vincent","19":"product_tag-vincent-ebba","20":"desktop-align-left","21":"tablet-align-left","22":"mobile-align-left","24":"first","25":"outofstock","26":"taxable","27":"shipping-taxable","28":"purchasable","29":"product-type-simple"},"jetpack_sharing_enabled":true,"_links":{"self":[{"href":"https:\/\/www.glittrigating.se\/index.php\/wp-json\/wp\/v2\/product\/3354","targetHints":{"allow":["GET"]}}],"collection":[{"href":"https:\/\/www.glittrigating.se\/index.php\/wp-json\/wp\/v2\/product"}],"about":[{"href":"https:\/\/www.glittrigating.se\/index.php\/wp-json\/wp\/v2\/types\/product"}],"wp:featuredmedia":[{"embeddable":true,"href":"https:\/\/www.glittrigating.se\/index.php\/wp-json\/wp\/v2\/media\/5324"}],"wp:attachment":[{"href":"https:\/\/www.glittrigating.se\/index.php\/wp-json\/wp\/v2\/media?parent=3354"}],"wp:term":[{"taxonomy":"product_brand","embeddable":true,"href":"https:\/\/www.glittrigating.se\/index.php\/wp-json\/wp\/v2\/product_brand?post=3354"},{"taxonomy":"product_cat","embeddable":true,"href":"https:\/\/www.glittrigating.se\/index.php\/wp-json\/wp\/v2\/product_cat?post=3354"},{"taxonomy":"product_tag","embeddable":true,"href":"https:\/\/www.glittrigating.se\/index.php\/wp-json\/wp\/v2\/product_tag?post=3354"}],"curies":[{"name":"wp","href":"https:\/\/api.w.org\/{rel}","templated":true}]}}