{"id":3385,"date":"2023-07-05T12:50:26","date_gmt":"2023-07-05T12:50:26","guid":{"rendered":"https:\/\/www.glittrigating.se\/?post_type=product&#038;p=3385"},"modified":"2025-11-25T13:57:20","modified_gmt":"2025-11-25T13:57:20","slug":"mynte-kanna-17-liter","status":"publish","type":"product","link":"https:\/\/www.glittrigating.se\/index.php\/product\/mynte-kanna-17-liter\/","title":{"rendered":"Mynte Kanna 1,7 liter"},"content":{"rendered":"<header>\n<h1>Mynte<\/h1>\n<\/header>\n<h2>Mynte fr\u00e5n IB laursen<\/h2>\n<p>Mynte \u00e4r en serie k\u00f6kstillbeh\u00f6r fr\u00e5n Danska Ib Laursen. Serien \u00e4r gjord av stengods av h\u00f6g kvalit\u00e9.<\/p>\n<p>Mynteserien \u00e4r mycket popul\u00e4r bland olika tv kockar och produktionsbolag, tack vara sin goda funktion och snygga design och inte minst alla vackra f\u00e4rger den finns i.<\/p>\n<p>M\u00e5tt: B: 14 H: 19 L: 21 Diskmaskins\u00e4ker, ugnss\u00e4ker och klarar microugn<\/p>\n","protected":false},"excerpt":{"rendered":"<p>Mynte \u00e4r en serie k\u00f6kstillbeh\u00f6r fr\u00e5n Danska Ib Laursen. Serien \u00e4r gjord av stengods av h\u00f6g kvalit\u00e9.<\/p>\n<p>Mynteserien \u00e4r mycket popul\u00e4r bland olika tv kockar och produktionsbolag, tack vara sin goda funktion och snygga design och inte minst alla vackra f\u00e4rger den finns i.<\/p>\n<p>M\u00e5tt: B: 14 H: 19 L: 21<br \/>\nDiskmaskins\u00e4ker, ugnss\u00e4ker och klarar microugn<\/p>\n","protected":false},"featured_media":5302,"template":"","meta":{"site-sidebar-layout":"default","site-content-layout":"default","ast-site-content-layout":"default","site-content-style":"default","site-sidebar-style":"default","ast-global-header-display":"","ast-banner-title-visibility":"","ast-main-header-display":"","ast-hfb-above-header-display":"","ast-hfb-below-header-display":"","ast-hfb-mobile-header-display":"","site-post-title":"","ast-breadcrumbs-content":"","ast-featured-img":"","footer-sml-layout":"","theme-transparent-header-meta":"default","adv-header-id-meta":"","stick-header-meta":"","header-above-stick-meta":"","header-main-stick-meta":"","header-below-stick-meta":"","astra-migrate-meta-layouts":"set","ast-page-background-enabled":"default","ast-page-background-meta":{"desktop":{"background-color":"var(--ast-global-color-4)","background-image":"","background-repeat":"repeat","background-position":"center center","background-size":"auto","background-attachment":"scroll","background-type":"","background-media":"","overlay-type":"","overlay-color":"","overlay-opacity":"","overlay-gradient":""},"tablet":{"background-color":"","background-image":"","background-repeat":"repeat","background-position":"center center","background-size":"auto","background-attachment":"scroll","background-type":"","background-media":"","overlay-type":"","overlay-color":"","overlay-opacity":"","overlay-gradient":""},"mobile":{"background-color":"","background-image":"","background-repeat":"repeat","background-position":"center center","background-size":"auto","background-attachment":"scroll","background-type":"","background-media":"","overlay-type":"","overlay-color":"","overlay-opacity":"","overlay-gradient":""}},"ast-content-background-meta":{"desktop":{"background-color":"var(--ast-global-color-5)","background-image":"","background-repeat":"repeat","background-position":"center center","background-size":"auto","background-attachment":"scroll","background-type":"","background-media":"","overlay-type":"","overlay-color":"","overlay-opacity":"","overlay-gradient":""},"tablet":{"background-color":"var(--ast-global-color-5)","background-image":"","background-repeat":"repeat","background-position":"center center","background-size":"auto","background-attachment":"scroll","background-type":"","background-media":"","overlay-type":"","overlay-color":"","overlay-opacity":"","overlay-gradient":""},"mobile":{"background-color":"var(--ast-global-color-5)","background-image":"","background-repeat":"repeat","background-position":"center center","background-size":"auto","background-attachment":"scroll","background-type":"","background-media":"","overlay-type":"","overlay-color":"","overlay-opacity":"","overlay-gradient":""}}},"product_brand":[],"product_cat":[46],"product_tag":[],"class_list":{"0":"post-3385","1":"product","2":"type-product","3":"status-publish","4":"has-post-thumbnail","6":"product_cat-inredning","7":"desktop-align-left","8":"tablet-align-left","9":"mobile-align-left","11":"first","12":"instock","13":"taxable","14":"shipping-taxable","15":"purchasable","16":"product-type-variable"},"jetpack_sharing_enabled":true,"_links":{"self":[{"href":"https:\/\/www.glittrigating.se\/index.php\/wp-json\/wp\/v2\/product\/3385","targetHints":{"allow":["GET"]}}],"collection":[{"href":"https:\/\/www.glittrigating.se\/index.php\/wp-json\/wp\/v2\/product"}],"about":[{"href":"https:\/\/www.glittrigating.se\/index.php\/wp-json\/wp\/v2\/types\/product"}],"wp:featuredmedia":[{"embeddable":true,"href":"https:\/\/www.glittrigating.se\/index.php\/wp-json\/wp\/v2\/media\/5302"}],"wp:attachment":[{"href":"https:\/\/www.glittrigating.se\/index.php\/wp-json\/wp\/v2\/media?parent=3385"}],"wp:term":[{"taxonomy":"product_brand","embeddable":true,"href":"https:\/\/www.glittrigating.se\/index.php\/wp-json\/wp\/v2\/product_brand?post=3385"},{"taxonomy":"product_cat","embeddable":true,"href":"https:\/\/www.glittrigating.se\/index.php\/wp-json\/wp\/v2\/product_cat?post=3385"},{"taxonomy":"product_tag","embeddable":true,"href":"https:\/\/www.glittrigating.se\/index.php\/wp-json\/wp\/v2\/product_tag?post=3385"}],"curies":[{"name":"wp","href":"https:\/\/api.w.org\/{rel}","templated":true}]}}