{"id":3481,"date":"2023-08-23T15:27:48","date_gmt":"2023-08-23T15:27:48","guid":{"rendered":"https:\/\/www.glittrigating.se\/?post_type=product&#038;p=3481"},"modified":"2025-11-24T14:25:11","modified_gmt":"2025-11-24T14:25:11","slug":"lord-nelson-baddset-rand","status":"publish","type":"product","link":"https:\/\/www.glittrigating.se\/index.php\/product\/lord-nelson-baddset-rand\/","title":{"rendered":"Lord Nelson B\u00e4ddset Rand"},"content":{"rendered":"","protected":false},"excerpt":{"rendered":"<section class=\"l-default-indentation pdp__detail-section ng-star-inserted\">\n<div id=\"features\">\n<div class=\"product-features__long-description\">\n<p>Lord Nelson B\u00e4ddset Rand<\/p>\n<p>Ett h\u00e4rligt klassiska b\u00e4ddset i snygga r\u00e4nder som inspirerar till det maritima livet.<\/p>\n<p>V\u00e4vt i percale som ger den mjukaste k\u00e4nslan, ett b\u00e4ddset av\u00a0h\u00f6g kvalit\u00e9.<\/p>\n<p>material: 100% bomullspercale.<\/p>\n<p class=\"includes-this\">Detta ing\u00e5r:<\/p>\n<ul>\n<li>1x P\u00e5slakan 150&#215;210 cm.<\/li>\n<li>1x \u00d6rngott 50&#215;60 cm.<\/li>\n<\/ul>\n<p class=\"includes-this-two\">Sk\u00f6tselr\u00e5d:<\/p>\n<ul>\n<li>Mild maskintv\u00e4tt vid 60 grader<\/li>\n<li>Torktumla p\u00e5 l\u00e5g temperatur<\/li>\n<\/ul>\n<div id=\"videoly-videobox-placeholder\"><\/div>\n<\/div>\n<div><\/div>\n<\/div>\n<\/section>\n<section class=\"l-bg l-bg--gray pdp__detail-section ng-star-inserted\">\n<div class=\"l-default-indentation\">\n<div id=\"specifications\"><\/div>\n<\/div>\n<\/section>\n","protected":false},"featured_media":5272,"template":"","meta":{"site-sidebar-layout":"default","site-content-layout":"default","ast-site-content-layout":"default","site-content-style":"default","site-sidebar-style":"default","ast-global-header-display":"","ast-banner-title-visibility":"","ast-main-header-display":"","ast-hfb-above-header-display":"","ast-hfb-below-header-display":"","ast-hfb-mobile-header-display":"","site-post-title":"","ast-breadcrumbs-content":"","ast-featured-img":"","footer-sml-layout":"","theme-transparent-header-meta":"default","adv-header-id-meta":"","stick-header-meta":"","header-above-stick-meta":"","header-main-stick-meta":"","header-below-stick-meta":"","astra-migrate-meta-layouts":"set","ast-page-background-enabled":"default","ast-page-background-meta":{"desktop":{"background-color":"var(--ast-global-color-4)","background-image":"","background-repeat":"repeat","background-position":"center center","background-size":"auto","background-attachment":"scroll","background-type":"","background-media":"","overlay-type":"","overlay-color":"","overlay-opacity":"","overlay-gradient":""},"tablet":{"background-color":"","background-image":"","background-repeat":"repeat","background-position":"center center","background-size":"auto","background-attachment":"scroll","background-type":"","background-media":"","overlay-type":"","overlay-color":"","overlay-opacity":"","overlay-gradient":""},"mobile":{"background-color":"","background-image":"","background-repeat":"repeat","background-position":"center center","background-size":"auto","background-attachment":"scroll","background-type":"","background-media":"","overlay-type":"","overlay-color":"","overlay-opacity":"","overlay-gradient":""}},"ast-content-background-meta":{"desktop":{"background-color":"var(--ast-global-color-5)","background-image":"","background-repeat":"repeat","background-position":"center center","background-size":"auto","background-attachment":"scroll","background-type":"","background-media":"","overlay-type":"","overlay-color":"","overlay-opacity":"","overlay-gradient":""},"tablet":{"background-color":"var(--ast-global-color-5)","background-image":"","background-repeat":"repeat","background-position":"center center","background-size":"auto","background-attachment":"scroll","background-type":"","background-media":"","overlay-type":"","overlay-color":"","overlay-opacity":"","overlay-gradient":""},"mobile":{"background-color":"var(--ast-global-color-5)","background-image":"","background-repeat":"repeat","background-position":"center center","background-size":"auto","background-attachment":"scroll","background-type":"","background-media":"","overlay-type":"","overlay-color":"","overlay-opacity":"","overlay-gradient":""}}},"product_brand":[],"product_cat":[70,111,1461,1522],"product_tag":[],"class_list":{"0":"post-3481","1":"product","2":"type-product","3":"status-publish","4":"has-post-thumbnail","6":"product_cat-baeddset","7":"product_cat-lord-nelson","8":"product_cat-okategoriserad","9":"product_cat-textil","10":"desktop-align-left","11":"tablet-align-left","12":"mobile-align-left","14":"first","15":"instock","16":"taxable","17":"shipping-taxable","18":"purchasable","19":"product-type-simple"},"jetpack_sharing_enabled":true,"_links":{"self":[{"href":"https:\/\/www.glittrigating.se\/index.php\/wp-json\/wp\/v2\/product\/3481","targetHints":{"allow":["GET"]}}],"collection":[{"href":"https:\/\/www.glittrigating.se\/index.php\/wp-json\/wp\/v2\/product"}],"about":[{"href":"https:\/\/www.glittrigating.se\/index.php\/wp-json\/wp\/v2\/types\/product"}],"wp:featuredmedia":[{"embeddable":true,"href":"https:\/\/www.glittrigating.se\/index.php\/wp-json\/wp\/v2\/media\/5272"}],"wp:attachment":[{"href":"https:\/\/www.glittrigating.se\/index.php\/wp-json\/wp\/v2\/media?parent=3481"}],"wp:term":[{"taxonomy":"product_brand","embeddable":true,"href":"https:\/\/www.glittrigating.se\/index.php\/wp-json\/wp\/v2\/product_brand?post=3481"},{"taxonomy":"product_cat","embeddable":true,"href":"https:\/\/www.glittrigating.se\/index.php\/wp-json\/wp\/v2\/product_cat?post=3481"},{"taxonomy":"product_tag","embeddable":true,"href":"https:\/\/www.glittrigating.se\/index.php\/wp-json\/wp\/v2\/product_tag?post=3481"}],"curies":[{"name":"wp","href":"https:\/\/api.w.org\/{rel}","templated":true}]}}