{"id":3564,"date":"2023-09-19T14:13:14","date_gmt":"2023-09-19T14:13:14","guid":{"rendered":"https:\/\/www.glittrigating.se\/?post_type=product&#038;p=3564"},"modified":"2025-11-21T14:36:34","modified_gmt":"2025-11-21T14:36:34","slug":"ib-laursen-ljuslykta-nyhavn-gra-hojd18cm","status":"publish","type":"product","link":"https:\/\/www.glittrigating.se\/index.php\/product\/ib-laursen-ljuslykta-nyhavn-gra-hojd18cm\/","title":{"rendered":"Ib Laursen Ljuslykta Nyhavn Ljusbl\u00e5tt med brunt tak H\u00f6jd18cm"},"content":{"rendered":"","protected":false},"excerpt":{"rendered":"<p>Ljuslykta Nyhavn &#8211; Vacker ljuslykta som \u00e4r inspirerad av ett hus i Nyhavn i K\u00f6penhamn. Ljushusen \u00e4r tillverkade i keramik och i samma h\u00e4rliga f\u00e4rger som originalhusen. S\u00e4tt ett v\u00e4rmeljus, ledljus eller batterislinga i huslyktan. Samla p\u00e5 dem och st\u00e4ll flera p\u00e5 rad i ett f\u00f6nster, p\u00e5 en hylla eller p\u00e5 ett sidobord. Vackra pastellf\u00e4rger som rosa, mintgr\u00f6nt, ljusbl\u00e5tt och gult men ocks\u00e5 vacker gr\u00f6n, svart, gr\u00e5, och vit f\u00e4rg. Superfina att ge bort i present!<\/p>\n<p>H: 18 cm<br \/>\nL: 11,7 cm<br \/>\nB: 8 cm<\/p>\n<p>&nbsp;<\/p>\n<p>&nbsp;<\/p>\n<p>&nbsp;<\/p>\n<p>&nbsp;<\/p>\n<div id=\"prodSpec\">\n<p>&nbsp;<\/p>\n<\/div>\n","protected":false},"featured_media":5242,"template":"","meta":{"site-sidebar-layout":"default","site-content-layout":"default","ast-site-content-layout":"default","site-content-style":"default","site-sidebar-style":"default","ast-global-header-display":"","ast-banner-title-visibility":"","ast-main-header-display":"","ast-hfb-above-header-display":"","ast-hfb-below-header-display":"","ast-hfb-mobile-header-display":"","site-post-title":"","ast-breadcrumbs-content":"","ast-featured-img":"","footer-sml-layout":"","theme-transparent-header-meta":"default","adv-header-id-meta":"","stick-header-meta":"","header-above-stick-meta":"","header-main-stick-meta":"","header-below-stick-meta":"","astra-migrate-meta-layouts":"set","ast-page-background-enabled":"default","ast-page-background-meta":{"desktop":{"background-color":"var(--ast-global-color-4)","background-image":"","background-repeat":"repeat","background-position":"center center","background-size":"auto","background-attachment":"scroll","background-type":"","background-media":"","overlay-type":"","overlay-color":"","overlay-opacity":"","overlay-gradient":""},"tablet":{"background-color":"","background-image":"","background-repeat":"repeat","background-position":"center center","background-size":"auto","background-attachment":"scroll","background-type":"","background-media":"","overlay-type":"","overlay-color":"","overlay-opacity":"","overlay-gradient":""},"mobile":{"background-color":"","background-image":"","background-repeat":"repeat","background-position":"center center","background-size":"auto","background-attachment":"scroll","background-type":"","background-media":"","overlay-type":"","overlay-color":"","overlay-opacity":"","overlay-gradient":""}},"ast-content-background-meta":{"desktop":{"background-color":"var(--ast-global-color-5)","background-image":"","background-repeat":"repeat","background-position":"center center","background-size":"auto","background-attachment":"scroll","background-type":"","background-media":"","overlay-type":"","overlay-color":"","overlay-opacity":"","overlay-gradient":""},"tablet":{"background-color":"var(--ast-global-color-5)","background-image":"","background-repeat":"repeat","background-position":"center center","background-size":"auto","background-attachment":"scroll","background-type":"","background-media":"","overlay-type":"","overlay-color":"","overlay-opacity":"","overlay-gradient":""},"mobile":{"background-color":"var(--ast-global-color-5)","background-image":"","background-repeat":"repeat","background-position":"center center","background-size":"auto","background-attachment":"scroll","background-type":"","background-media":"","overlay-type":"","overlay-color":"","overlay-opacity":"","overlay-gradient":""}}},"product_brand":[],"product_cat":[97,92],"product_tag":[698,985,1568,174],"class_list":{"0":"post-3564","1":"product","2":"type-product","3":"status-publish","4":"has-post-thumbnail","6":"product_cat-ib-laursen","7":"product_cat-ljuslyktor-ljusstakar","8":"product_tag-ib-laursen","9":"product_tag-keramik","10":"product_tag-keramikhus","11":"product_tag-ljuslykta","12":"desktop-align-left","13":"tablet-align-left","14":"mobile-align-left","16":"first","17":"instock","18":"taxable","19":"shipping-taxable","20":"purchasable","21":"product-type-simple"},"jetpack_sharing_enabled":true,"_links":{"self":[{"href":"https:\/\/www.glittrigating.se\/index.php\/wp-json\/wp\/v2\/product\/3564","targetHints":{"allow":["GET"]}}],"collection":[{"href":"https:\/\/www.glittrigating.se\/index.php\/wp-json\/wp\/v2\/product"}],"about":[{"href":"https:\/\/www.glittrigating.se\/index.php\/wp-json\/wp\/v2\/types\/product"}],"wp:featuredmedia":[{"embeddable":true,"href":"https:\/\/www.glittrigating.se\/index.php\/wp-json\/wp\/v2\/media\/5242"}],"wp:attachment":[{"href":"https:\/\/www.glittrigating.se\/index.php\/wp-json\/wp\/v2\/media?parent=3564"}],"wp:term":[{"taxonomy":"product_brand","embeddable":true,"href":"https:\/\/www.glittrigating.se\/index.php\/wp-json\/wp\/v2\/product_brand?post=3564"},{"taxonomy":"product_cat","embeddable":true,"href":"https:\/\/www.glittrigating.se\/index.php\/wp-json\/wp\/v2\/product_cat?post=3564"},{"taxonomy":"product_tag","embeddable":true,"href":"https:\/\/www.glittrigating.se\/index.php\/wp-json\/wp\/v2\/product_tag?post=3564"}],"curies":[{"name":"wp","href":"https:\/\/api.w.org\/{rel}","templated":true}]}}