{"id":3762,"date":"2024-09-04T12:55:00","date_gmt":"2024-09-04T12:55:00","guid":{"rendered":"https:\/\/www.glittrigating.se\/?post_type=product&#038;p=3762"},"modified":"2025-11-21T13:45:06","modified_gmt":"2025-11-21T13:45:06","slug":"ib-laursen-ljuslykta-nyhavn-turkos-hojd-185cm","status":"publish","type":"product","link":"https:\/\/www.glittrigating.se\/index.php\/product\/ib-laursen-ljuslykta-nyhavn-turkos-hojd-185cm\/","title":{"rendered":"Ib Laursen Ljuslykta Nyhavn Turkos h\u00f6jd: 18,5cm"},"content":{"rendered":"","protected":false},"excerpt":{"rendered":"<p>Ljuslykta Nyhavn\u00a0 &#8211; Vacker ljuslykta som \u00e4r inspirerad av ett hus i K\u00f6penhamn . Ljushusen \u00e4r tillverkade i keramik och i samma h\u00e4rliga f\u00e4rger som originalhusen. S\u00e4tt ett v\u00e4rmeljus, ledljus eller batterislinga i huslyktan. Samla p\u00e5 dem och st\u00e4ll flera p\u00e5 rad i ett f\u00f6nster, p\u00e5 en hylla eller p\u00e5 ett sidobord. Vackra f\u00e4rger som rosa, gr\u00f6nt, ljusbl\u00e5tt, turkos , gult\u00a0 och vacker gr\u00f6n f\u00e4rg. Superfina att ge bort i present!<\/p>\n<p>Bredd: 11 cm \/ H\u00f6jd: 18,5 cm \/ L\u00e4ngd: 8 cm<\/p>\n<p>&nbsp;<\/p>\n<div id=\"prodSpec\">\n<p>&nbsp;<\/p>\n<\/div>\n","protected":false},"featured_media":5216,"template":"","meta":{"site-sidebar-layout":"default","site-content-layout":"default","ast-site-content-layout":"default","site-content-style":"default","site-sidebar-style":"default","ast-global-header-display":"","ast-banner-title-visibility":"","ast-main-header-display":"","ast-hfb-above-header-display":"","ast-hfb-below-header-display":"","ast-hfb-mobile-header-display":"","site-post-title":"","ast-breadcrumbs-content":"","ast-featured-img":"","footer-sml-layout":"","theme-transparent-header-meta":"default","adv-header-id-meta":"","stick-header-meta":"","header-above-stick-meta":"","header-main-stick-meta":"","header-below-stick-meta":"","astra-migrate-meta-layouts":"set","ast-page-background-enabled":"default","ast-page-background-meta":{"desktop":{"background-color":"var(--ast-global-color-4)","background-image":"","background-repeat":"repeat","background-position":"center center","background-size":"auto","background-attachment":"scroll","background-type":"","background-media":"","overlay-type":"","overlay-color":"","overlay-opacity":"","overlay-gradient":""},"tablet":{"background-color":"","background-image":"","background-repeat":"repeat","background-position":"center center","background-size":"auto","background-attachment":"scroll","background-type":"","background-media":"","overlay-type":"","overlay-color":"","overlay-opacity":"","overlay-gradient":""},"mobile":{"background-color":"","background-image":"","background-repeat":"repeat","background-position":"center center","background-size":"auto","background-attachment":"scroll","background-type":"","background-media":"","overlay-type":"","overlay-color":"","overlay-opacity":"","overlay-gradient":""}},"ast-content-background-meta":{"desktop":{"background-color":"var(--ast-global-color-5)","background-image":"","background-repeat":"repeat","background-position":"center center","background-size":"auto","background-attachment":"scroll","background-type":"","background-media":"","overlay-type":"","overlay-color":"","overlay-opacity":"","overlay-gradient":""},"tablet":{"background-color":"var(--ast-global-color-5)","background-image":"","background-repeat":"repeat","background-position":"center center","background-size":"auto","background-attachment":"scroll","background-type":"","background-media":"","overlay-type":"","overlay-color":"","overlay-opacity":"","overlay-gradient":""},"mobile":{"background-color":"var(--ast-global-color-5)","background-image":"","background-repeat":"repeat","background-position":"center center","background-size":"auto","background-attachment":"scroll","background-type":"","background-media":"","overlay-type":"","overlay-color":"","overlay-opacity":"","overlay-gradient":""}}},"product_brand":[],"product_cat":[97,92],"product_tag":[],"class_list":{"0":"post-3762","1":"product","2":"type-product","3":"status-publish","4":"has-post-thumbnail","6":"product_cat-ib-laursen","7":"product_cat-ljuslyktor-ljusstakar","8":"desktop-align-left","9":"tablet-align-left","10":"mobile-align-left","12":"first","13":"instock","14":"taxable","15":"shipping-taxable","16":"purchasable","17":"product-type-simple"},"jetpack_sharing_enabled":true,"_links":{"self":[{"href":"https:\/\/www.glittrigating.se\/index.php\/wp-json\/wp\/v2\/product\/3762","targetHints":{"allow":["GET"]}}],"collection":[{"href":"https:\/\/www.glittrigating.se\/index.php\/wp-json\/wp\/v2\/product"}],"about":[{"href":"https:\/\/www.glittrigating.se\/index.php\/wp-json\/wp\/v2\/types\/product"}],"wp:featuredmedia":[{"embeddable":true,"href":"https:\/\/www.glittrigating.se\/index.php\/wp-json\/wp\/v2\/media\/5216"}],"wp:attachment":[{"href":"https:\/\/www.glittrigating.se\/index.php\/wp-json\/wp\/v2\/media?parent=3762"}],"wp:term":[{"taxonomy":"product_brand","embeddable":true,"href":"https:\/\/www.glittrigating.se\/index.php\/wp-json\/wp\/v2\/product_brand?post=3762"},{"taxonomy":"product_cat","embeddable":true,"href":"https:\/\/www.glittrigating.se\/index.php\/wp-json\/wp\/v2\/product_cat?post=3762"},{"taxonomy":"product_tag","embeddable":true,"href":"https:\/\/www.glittrigating.se\/index.php\/wp-json\/wp\/v2\/product_tag?post=3762"}],"curies":[{"name":"wp","href":"https:\/\/api.w.org\/{rel}","templated":true}]}}