{"id":3882,"date":"2025-02-25T16:19:54","date_gmt":"2025-02-25T16:19:54","guid":{"rendered":"https:\/\/www.glittrigating.se\/?post_type=product&#038;p=3882"},"modified":"2025-11-20T14:10:50","modified_gmt":"2025-11-20T14:10:50","slug":"country-candle-jar-large-mango-nectar","status":"publish","type":"product","link":"https:\/\/www.glittrigating.se\/index.php\/product\/country-candle-jar-large-mango-nectar\/","title":{"rendered":"Country Candle Jar Large Mango Nectar"},"content":{"rendered":"<div class=\"product-single__description rte\">\n<p>Country Candle Jar Large med tv\u00e5 vekar ger en snabbare och mer intensiv doftspridning utan att minska p\u00e5 brinntimmarna. Large Jar passar perfekt f\u00f6r mellanstora till lite st\u00f6rre utrymmen. Brinntid upp till 150 timmar.<\/p>\n<p>Country Candle\u2122 best\u00e5r av f\u00e4rgat paraffinvax av den typ som anv\u00e4nds i livsmedelsindustrin. Etiketterna \u00e4r l\u00e4tta ta av f\u00f6r en mer stilren look. Inneh\u00e5ller 27-50% mer doftolja \u00e4n konkurrerande varum\u00e4rken.<\/p>\n<p>Burkens klassiska siluett \u00e4r lika popul\u00e4r idag som den var f\u00f6r \u00f6ver 40 \u00e5r sedan och \u00e4r ett signum f\u00f6r ljus fr\u00e5n Kittredge familjen.<\/p>\n<p>Mango Nectar<br \/>\nS\u00f6t mjuk och smidig, yuzu med gardenia, kr\u00e4mig kokosmj\u00f6lk och vanilj ger extra piff till l\u00e4cker mangonektar, ananas och aprikos blandning.<\/p>\n<p>Top: Yuzu, Apricot<br \/>\nMid: Mango, Green Leaves, Gardenia, Pineapple<br \/>\nBase: Coconut Milk, Vanilla, Musk<\/p>\n<\/div>\n<div class=\"product-form product-form-product-template product-form-border hidedropdown\">\n<div class=\"product-action clearfix\">\n<div class=\"product-action clearfix\">\n<div class=\"product-form__item--quantity\">\n<div class=\"wrapQtyBtn\">\n<div class=\"qtyField\"><i id=\"antal_minus_products\" class=\"icon an an-minus\" aria-hidden=\"true\"><\/i><input id=\"antal\" class=\"product-form__input qty\" max=\"4096\" min=\"1\" name=\"antal\" step=\"1\" type=\"text\" value=\"1\" \/><i id=\"antal_plus_product\" class=\"icon an an-plus\" aria-hidden=\"true\"><\/i><\/div>\n<\/div>\n<\/div>\n<div id=\"div_add_to_varukorg\" class=\"product-form__item--submit\"><a id=\"btn_add_to_varukorg\" class=\"btn open-addtocart-popup product-form__cart-submit\" href=\"https:\/\/www.houseofmansson.com\/produkt\/2\/CC-0089-000740\/doftljus-country-candle-stor-mango-nectar#open-addtocart-popup\">L\u00e4gg i varukorg<\/a><\/div>\n<\/div>\n<\/div>\n<div class=\"infolinks d-flex flex-wrap align-items-center px-0 mb-0\"><\/div>\n<\/div>\n","protected":false},"excerpt":{"rendered":"<p>Mango Nectar<br \/>\nS\u00f6t mjuk och smidig, yuzu med gardenia, kr\u00e4mig kokosmj\u00f6lk och vanilj ger extra piff till l\u00e4cker mangonektar, ananas och aprikos blandning.<\/p>\n<p>Country Candle Jar Large med tv\u00e5 vekar ger en snabbare och mer intensiv doftspridning utan att minska p\u00e5 brinntimmarna. Large Jar passar perfekt f\u00f6r mellanstora till lite st\u00f6rre utrymmen. Brinntid upp till 150 timmar.<\/p>\n<p>Top: Yuzu, Apricot<br \/>\nMid: Mango, Green Leaves, Gardenia, Pineapple<br \/>\nBase: Coconut Milk, Vanilla, Musk<\/p>\n","protected":false},"featured_media":5189,"template":"","meta":{"site-sidebar-layout":"default","site-content-layout":"default","ast-site-content-layout":"default","site-content-style":"default","site-sidebar-style":"default","ast-global-header-display":"","ast-banner-title-visibility":"","ast-main-header-display":"","ast-hfb-above-header-display":"","ast-hfb-below-header-display":"","ast-hfb-mobile-header-display":"","site-post-title":"","ast-breadcrumbs-content":"","ast-featured-img":"","footer-sml-layout":"","theme-transparent-header-meta":"default","adv-header-id-meta":"","stick-header-meta":"","header-above-stick-meta":"","header-main-stick-meta":"","header-below-stick-meta":"","astra-migrate-meta-layouts":"set","ast-page-background-enabled":"default","ast-page-background-meta":{"desktop":{"background-color":"var(--ast-global-color-4)","background-image":"","background-repeat":"repeat","background-position":"center center","background-size":"auto","background-attachment":"scroll","background-type":"","background-media":"","overlay-type":"","overlay-color":"","overlay-opacity":"","overlay-gradient":""},"tablet":{"background-color":"","background-image":"","background-repeat":"repeat","background-position":"center center","background-size":"auto","background-attachment":"scroll","background-type":"","background-media":"","overlay-type":"","overlay-color":"","overlay-opacity":"","overlay-gradient":""},"mobile":{"background-color":"","background-image":"","background-repeat":"repeat","background-position":"center center","background-size":"auto","background-attachment":"scroll","background-type":"","background-media":"","overlay-type":"","overlay-color":"","overlay-opacity":"","overlay-gradient":""}},"ast-content-background-meta":{"desktop":{"background-color":"var(--ast-global-color-5)","background-image":"","background-repeat":"repeat","background-position":"center center","background-size":"auto","background-attachment":"scroll","background-type":"","background-media":"","overlay-type":"","overlay-color":"","overlay-opacity":"","overlay-gradient":""},"tablet":{"background-color":"var(--ast-global-color-5)","background-image":"","background-repeat":"repeat","background-position":"center center","background-size":"auto","background-attachment":"scroll","background-type":"","background-media":"","overlay-type":"","overlay-color":"","overlay-opacity":"","overlay-gradient":""},"mobile":{"background-color":"var(--ast-global-color-5)","background-image":"","background-repeat":"repeat","background-position":"center center","background-size":"auto","background-attachment":"scroll","background-type":"","background-media":"","overlay-type":"","overlay-color":"","overlay-opacity":"","overlay-gradient":""}}},"product_brand":[],"product_cat":[118],"product_tag":[],"class_list":{"0":"post-3882","1":"product","2":"type-product","3":"status-publish","4":"has-post-thumbnail","6":"product_cat-doftljus","7":"desktop-align-left","8":"tablet-align-left","9":"mobile-align-left","11":"first","12":"instock","13":"taxable","14":"shipping-taxable","15":"purchasable","16":"product-type-simple"},"jetpack_sharing_enabled":true,"_links":{"self":[{"href":"https:\/\/www.glittrigating.se\/index.php\/wp-json\/wp\/v2\/product\/3882","targetHints":{"allow":["GET"]}}],"collection":[{"href":"https:\/\/www.glittrigating.se\/index.php\/wp-json\/wp\/v2\/product"}],"about":[{"href":"https:\/\/www.glittrigating.se\/index.php\/wp-json\/wp\/v2\/types\/product"}],"wp:featuredmedia":[{"embeddable":true,"href":"https:\/\/www.glittrigating.se\/index.php\/wp-json\/wp\/v2\/media\/5189"}],"wp:attachment":[{"href":"https:\/\/www.glittrigating.se\/index.php\/wp-json\/wp\/v2\/media?parent=3882"}],"wp:term":[{"taxonomy":"product_brand","embeddable":true,"href":"https:\/\/www.glittrigating.se\/index.php\/wp-json\/wp\/v2\/product_brand?post=3882"},{"taxonomy":"product_cat","embeddable":true,"href":"https:\/\/www.glittrigating.se\/index.php\/wp-json\/wp\/v2\/product_cat?post=3882"},{"taxonomy":"product_tag","embeddable":true,"href":"https:\/\/www.glittrigating.se\/index.php\/wp-json\/wp\/v2\/product_tag?post=3882"}],"curies":[{"name":"wp","href":"https:\/\/api.w.org\/{rel}","templated":true}]}}