{"id":3890,"date":"2025-02-26T10:13:45","date_gmt":"2025-02-26T10:13:45","guid":{"rendered":"https:\/\/www.glittrigating.se\/?post_type=product&#038;p=3890"},"modified":"2025-11-20T14:07:04","modified_gmt":"2025-11-20T14:07:04","slug":"country-candle-large-jar-spiral-aloe","status":"publish","type":"product","link":"https:\/\/www.glittrigating.se\/index.php\/product\/country-candle-large-jar-spiral-aloe\/","title":{"rendered":"Country Candle Large Jar- Spiral Aloe"},"content":{"rendered":"<div class=\"product-single__description rte\">\n<p><a href=\"https:\/\/www.houseofmansson.com\/doftljus\">Country Large Jar<\/a>\u00a0med tv\u00e5 vekar ger en snabbare och mer intensiv doftspridning utan att minska p\u00e5 brinntimmarna. Large Jar passar perfekt f\u00f6r mellanstora till lite st\u00f6rre utrymmen. Brinntid upp till 150 timmar.<\/p>\n<p>Country Candle\u2122 best\u00e5r av f\u00e4rgat paraffinvax av den typ som anv\u00e4nds i livsmedelsindustrin. Etiketterna \u00e4r l\u00e4tta ta av f\u00f6r en mer stilren look. Inneh\u00e5ller 27-50% mer doftolja \u00e4n konkurrerande varum\u00e4rken.<\/p>\n<p>Burkens klassiska siluett \u00e4r lika popul\u00e4r idag som den var f\u00f6r \u00f6ver 40 \u00e5r sedan och \u00e4r ett signum f\u00f6r ljus fr\u00e5n Kittredge familjen.<\/p>\n<p>Spiral Aloe<br \/>\nTop-Green, marine\/watery, Citrus\/ fresh<br \/>\nMid-rose, water flowers, white flowers<br \/>\nBase-Woody, Musky, Amber<\/p>\n<p>En friskt gr\u00f6n och sval upplevelse av aloe med b\u00e5de len blommig k\u00e4nsla, tr\u00e4iga noter och mysk.<\/p>\n<\/div>\n<div class=\"product-form product-form-product-template product-form-border hidedropdown\">\n<div class=\"product-action clearfix\">\n<div class=\"product-action clearfix\">\n<div class=\"product-form__item--quantity\">\n<div class=\"wrapQtyBtn\">\n<div class=\"qtyField\"><\/div>\n<\/div>\n<\/div>\n<\/div>\n<\/div>\n<\/div>\n","protected":false},"excerpt":{"rendered":"<div class=\"product-single__description rte\">\n<p><a href=\"https:\/\/www.houseofmansson.com\/doftljus\">Country Large Jar<\/a>\u00a0med tv\u00e5 vekar ger en snabbare och mer intensiv doftspridning utan att minska p\u00e5 brinntimmarna. Large Jar passar perfekt f\u00f6r mellanstora till lite st\u00f6rre utrymmen. Brinntid upp till 150 timmar.<\/p>\n<p>Country Candle\u2122 best\u00e5r av f\u00e4rgat paraffinvax av den typ som anv\u00e4nds i livsmedelsindustrin. Etiketterna \u00e4r l\u00e4tta ta av f\u00f6r en mer stilren look. Inneh\u00e5ller 27-50% mer doftolja \u00e4n konkurrerande varum\u00e4rken.<\/p>\n<p>Burkens klassiska siluett \u00e4r lika popul\u00e4r idag som den var f\u00f6r \u00f6ver 40 \u00e5r sedan och \u00e4r ett signum f\u00f6r ljus fr\u00e5n Kittredge familjen.<\/p>\n<p>Spiral Aloe<br \/>\nTop-Green, marine\/watery, Citrus\/ fresh<br \/>\nMid-rose, water flowers, white flowers<br \/>\nBase-Woody, Musky, Amber<\/p>\n<p>En friskt gr\u00f6n och sval upplevelse av aloe med b\u00e5de len blommig k\u00e4nsla, tr\u00e4iga noter och mysk.<\/p>\n<\/div>\n<div class=\"product-form product-form-product-template product-form-border hidedropdown\">\n<div class=\"product-action clearfix\">\n<div class=\"product-action clearfix\">\n<div class=\"product-form__item--quantity\">\n<div class=\"wrapQtyBtn\">\n<div class=\"qtyField\"><\/div>\n<\/div>\n<\/div>\n<\/div>\n<\/div>\n<div class=\"infolinks d-flex flex-wrap align-items-center px-0 mb-0\"><\/div>\n<\/div>\n","protected":false},"featured_media":5187,"template":"","meta":{"site-sidebar-layout":"default","site-content-layout":"default","ast-site-content-layout":"default","site-content-style":"default","site-sidebar-style":"default","ast-global-header-display":"","ast-banner-title-visibility":"","ast-main-header-display":"","ast-hfb-above-header-display":"","ast-hfb-below-header-display":"","ast-hfb-mobile-header-display":"","site-post-title":"","ast-breadcrumbs-content":"","ast-featured-img":"","footer-sml-layout":"","theme-transparent-header-meta":"default","adv-header-id-meta":"","stick-header-meta":"","header-above-stick-meta":"","header-main-stick-meta":"","header-below-stick-meta":"","astra-migrate-meta-layouts":"set","ast-page-background-enabled":"default","ast-page-background-meta":{"desktop":{"background-color":"var(--ast-global-color-4)","background-image":"","background-repeat":"repeat","background-position":"center center","background-size":"auto","background-attachment":"scroll","background-type":"","background-media":"","overlay-type":"","overlay-color":"","overlay-opacity":"","overlay-gradient":""},"tablet":{"background-color":"","background-image":"","background-repeat":"repeat","background-position":"center center","background-size":"auto","background-attachment":"scroll","background-type":"","background-media":"","overlay-type":"","overlay-color":"","overlay-opacity":"","overlay-gradient":""},"mobile":{"background-color":"","background-image":"","background-repeat":"repeat","background-position":"center center","background-size":"auto","background-attachment":"scroll","background-type":"","background-media":"","overlay-type":"","overlay-color":"","overlay-opacity":"","overlay-gradient":""}},"ast-content-background-meta":{"desktop":{"background-color":"var(--ast-global-color-5)","background-image":"","background-repeat":"repeat","background-position":"center center","background-size":"auto","background-attachment":"scroll","background-type":"","background-media":"","overlay-type":"","overlay-color":"","overlay-opacity":"","overlay-gradient":""},"tablet":{"background-color":"var(--ast-global-color-5)","background-image":"","background-repeat":"repeat","background-position":"center center","background-size":"auto","background-attachment":"scroll","background-type":"","background-media":"","overlay-type":"","overlay-color":"","overlay-opacity":"","overlay-gradient":""},"mobile":{"background-color":"var(--ast-global-color-5)","background-image":"","background-repeat":"repeat","background-position":"center center","background-size":"auto","background-attachment":"scroll","background-type":"","background-media":"","overlay-type":"","overlay-color":"","overlay-opacity":"","overlay-gradient":""}}},"product_brand":[],"product_cat":[126,118],"product_tag":[],"class_list":{"0":"post-3890","1":"product","2":"type-product","3":"status-publish","4":"has-post-thumbnail","6":"product_cat-country-candle","7":"product_cat-doftljus","8":"desktop-align-left","9":"tablet-align-left","10":"mobile-align-left","12":"first","13":"instock","14":"taxable","15":"shipping-taxable","16":"purchasable","17":"product-type-simple"},"jetpack_sharing_enabled":true,"_links":{"self":[{"href":"https:\/\/www.glittrigating.se\/index.php\/wp-json\/wp\/v2\/product\/3890","targetHints":{"allow":["GET"]}}],"collection":[{"href":"https:\/\/www.glittrigating.se\/index.php\/wp-json\/wp\/v2\/product"}],"about":[{"href":"https:\/\/www.glittrigating.se\/index.php\/wp-json\/wp\/v2\/types\/product"}],"wp:featuredmedia":[{"embeddable":true,"href":"https:\/\/www.glittrigating.se\/index.php\/wp-json\/wp\/v2\/media\/5187"}],"wp:attachment":[{"href":"https:\/\/www.glittrigating.se\/index.php\/wp-json\/wp\/v2\/media?parent=3890"}],"wp:term":[{"taxonomy":"product_brand","embeddable":true,"href":"https:\/\/www.glittrigating.se\/index.php\/wp-json\/wp\/v2\/product_brand?post=3890"},{"taxonomy":"product_cat","embeddable":true,"href":"https:\/\/www.glittrigating.se\/index.php\/wp-json\/wp\/v2\/product_cat?post=3890"},{"taxonomy":"product_tag","embeddable":true,"href":"https:\/\/www.glittrigating.se\/index.php\/wp-json\/wp\/v2\/product_tag?post=3890"}],"curies":[{"name":"wp","href":"https:\/\/api.w.org\/{rel}","templated":true}]}}