{"id":3954,"date":"2025-04-08T11:00:25","date_gmt":"2025-04-08T11:00:25","guid":{"rendered":"https:\/\/www.glittrigating.se\/?post_type=product&#038;p=3954"},"modified":"2025-11-20T13:35:47","modified_gmt":"2025-11-20T13:35:47","slug":"syster-p-halsband-iggy-silver","status":"publish","type":"product","link":"https:\/\/www.glittrigating.se\/index.php\/product\/syster-p-halsband-iggy-silver\/","title":{"rendered":"Syster P  Halsband Iggy Silver"},"content":{"rendered":"","protected":false},"excerpt":{"rendered":"<p>Syster P skapar moderna, tidl\u00f6sa smycken 100% \u00e5tervunnet silver med genuin k\u00e4nsla f\u00f6r hantverk.<\/p>\n<ul>\n<li>100 % \u00e5tervunnet sterlingsilver<\/li>\n<li>18 karats guldpl\u00e4tering<\/li>\n<li>handgjorda smycken<\/li>\n<li>stenarna som anv\u00e4nds \u00e4r \u00e4kta \u00e4delstenar i vackra f\u00e4rger eller kubiska<\/li>\n<\/ul>\n<p>Ett enkelt men elegant halsband som \u00e4r designat f\u00f6r att ge en gnistrande detalj till varje outfits. Det n\u00e4tta halsbandet har en berlock med en infattad, avsmalnande baguetteslipad kubisk zirkon.Ett enkelt men elegant halsband som \u00e4r designat f\u00f6r att ge en gnistrande detalj till varje outfits. Det n\u00e4tta halsbandet har en berlock med en infattad, avsmalnande baguetteslipad kubisk zirkon.<\/p>\n<ul>\n<li>Justerbar l\u00e4ngd: 40-44cm<\/li>\n<li>Berlockens m\u00e5tt: 5,6&#215;3,8mm<\/li>\n<\/ul>\n<p>Iggy Collection, som ocks\u00e5 inneh\u00e5ller matchande ring och \u00f6rh\u00e4ngen, \u00e4r perfekt f\u00f6r alla som \u00e4lskar tidl\u00f6s och genomt\u00e4nkt design.<\/p>\n","protected":false},"featured_media":5162,"template":"","meta":{"site-sidebar-layout":"default","site-content-layout":"default","ast-site-content-layout":"default","site-content-style":"default","site-sidebar-style":"default","ast-global-header-display":"","ast-banner-title-visibility":"","ast-main-header-display":"","ast-hfb-above-header-display":"","ast-hfb-below-header-display":"","ast-hfb-mobile-header-display":"","site-post-title":"","ast-breadcrumbs-content":"","ast-featured-img":"","footer-sml-layout":"","theme-transparent-header-meta":"default","adv-header-id-meta":"","stick-header-meta":"","header-above-stick-meta":"","header-main-stick-meta":"","header-below-stick-meta":"","astra-migrate-meta-layouts":"set","ast-page-background-enabled":"default","ast-page-background-meta":{"desktop":{"background-color":"var(--ast-global-color-4)","background-image":"","background-repeat":"repeat","background-position":"center center","background-size":"auto","background-attachment":"scroll","background-type":"","background-media":"","overlay-type":"","overlay-color":"","overlay-opacity":"","overlay-gradient":""},"tablet":{"background-color":"","background-image":"","background-repeat":"repeat","background-position":"center center","background-size":"auto","background-attachment":"scroll","background-type":"","background-media":"","overlay-type":"","overlay-color":"","overlay-opacity":"","overlay-gradient":""},"mobile":{"background-color":"","background-image":"","background-repeat":"repeat","background-position":"center center","background-size":"auto","background-attachment":"scroll","background-type":"","background-media":"","overlay-type":"","overlay-color":"","overlay-opacity":"","overlay-gradient":""}},"ast-content-background-meta":{"desktop":{"background-color":"var(--ast-global-color-5)","background-image":"","background-repeat":"repeat","background-position":"center center","background-size":"auto","background-attachment":"scroll","background-type":"","background-media":"","overlay-type":"","overlay-color":"","overlay-opacity":"","overlay-gradient":""},"tablet":{"background-color":"var(--ast-global-color-5)","background-image":"","background-repeat":"repeat","background-position":"center center","background-size":"auto","background-attachment":"scroll","background-type":"","background-media":"","overlay-type":"","overlay-color":"","overlay-opacity":"","overlay-gradient":""},"mobile":{"background-color":"var(--ast-global-color-5)","background-image":"","background-repeat":"repeat","background-position":"center center","background-size":"auto","background-attachment":"scroll","background-type":"","background-media":"","overlay-type":"","overlay-color":"","overlay-opacity":"","overlay-gradient":""}}},"product_brand":[],"product_cat":[60,47,1547],"product_tag":[],"class_list":{"0":"post-3954","1":"product","2":"type-product","3":"status-publish","4":"has-post-thumbnail","6":"product_cat-halsband","7":"product_cat-smycken","8":"product_cat-systerp","9":"desktop-align-left","10":"tablet-align-left","11":"mobile-align-left","13":"first","14":"instock","15":"taxable","16":"shipping-taxable","17":"purchasable","18":"product-type-simple"},"jetpack_sharing_enabled":true,"_links":{"self":[{"href":"https:\/\/www.glittrigating.se\/index.php\/wp-json\/wp\/v2\/product\/3954","targetHints":{"allow":["GET"]}}],"collection":[{"href":"https:\/\/www.glittrigating.se\/index.php\/wp-json\/wp\/v2\/product"}],"about":[{"href":"https:\/\/www.glittrigating.se\/index.php\/wp-json\/wp\/v2\/types\/product"}],"wp:featuredmedia":[{"embeddable":true,"href":"https:\/\/www.glittrigating.se\/index.php\/wp-json\/wp\/v2\/media\/5162"}],"wp:attachment":[{"href":"https:\/\/www.glittrigating.se\/index.php\/wp-json\/wp\/v2\/media?parent=3954"}],"wp:term":[{"taxonomy":"product_brand","embeddable":true,"href":"https:\/\/www.glittrigating.se\/index.php\/wp-json\/wp\/v2\/product_brand?post=3954"},{"taxonomy":"product_cat","embeddable":true,"href":"https:\/\/www.glittrigating.se\/index.php\/wp-json\/wp\/v2\/product_cat?post=3954"},{"taxonomy":"product_tag","embeddable":true,"href":"https:\/\/www.glittrigating.se\/index.php\/wp-json\/wp\/v2\/product_tag?post=3954"}],"curies":[{"name":"wp","href":"https:\/\/api.w.org\/{rel}","templated":true}]}}