{"id":4197,"date":"2025-06-11T08:53:43","date_gmt":"2025-06-11T08:53:43","guid":{"rendered":"https:\/\/www.glittrigating.se\/?post_type=product&#038;p=4197"},"modified":"2025-11-14T14:32:25","modified_gmt":"2025-11-14T14:32:25","slug":"jabadabado-bakset","status":"publish","type":"product","link":"https:\/\/www.glittrigating.se\/index.php\/product\/jabadabado-bakset\/","title":{"rendered":"Jabadabado Bakset"},"content":{"rendered":"","protected":false},"excerpt":{"rendered":"<p>Jabadabado \u00e4r ett svenskt designf\u00f6retag som skapar och s\u00e4ljer tr\u00e4leksaker, babyartiklar och inredning f\u00f6r barnrum.<\/p>\n<p>Jabadabado \u00e4r k\u00e4nt f\u00f6r sin h\u00f6ga kvalitet och innovativa design. Med ett fokus p\u00e5 att skapa lekfulla och funktionella produkter str\u00e4var Jabadabado efter att inspirera kreativitet och gl\u00e4dje i vardagen.<\/p>\n<p>JaBaDaBaDo Bakset \u00e4r ett gulligt och roligt bakset till den lilla bagaren. Allting kommer i en s\u00f6t v\u00e4ska i papp med m\u00f6nster av goda bakverk p\u00e5. V\u00e4skan fungerar som f\u00f6rvaring till bakgrejerna n\u00e4r de inte anv\u00e4nds eller som en v\u00e4ska eller f\u00f6rvaring i barnrummet. Baksetet inneh\u00e5ller 13 olika delar och det kommer en kavel, en visp, formar, en bakpl\u00e5t och mycket annat kul som beh\u00f6vs till baket. Barnet kan anv\u00e4nda sina egna redskap f\u00f6r att baka en god kaka att bjuda p\u00e5. Muffinspl\u00e5ten kan anv\u00e4ndas i en riktig ugn och barnen kan vara med och se hur det bakas i ugnen samtidigt som en ljuvlig doft av nybakat sprider sig.<\/p>\n<p>Inneh\u00e5ll: 1 v\u00e4ska, 1 bakduk, 1 br\u00f6dkavel, 1 ballongvisp, 1 muffinspl\u00e5t, 1 sk\u00e5l i metall, 1 br\u00f6dpensel, 1 tr\u00e4slev, 1 br\u00f6dsporre, 3 pepparkaksformar och 24 muffinsformar.<\/p>\n<p>Rekommenderas ej till barn under 3 \u00e5r!<\/p>\n","protected":false},"featured_media":5021,"template":"","meta":{"site-sidebar-layout":"default","site-content-layout":"default","ast-site-content-layout":"default","site-content-style":"default","site-sidebar-style":"default","ast-global-header-display":"","ast-banner-title-visibility":"","ast-main-header-display":"","ast-hfb-above-header-display":"","ast-hfb-below-header-display":"","ast-hfb-mobile-header-display":"","site-post-title":"","ast-breadcrumbs-content":"","ast-featured-img":"","footer-sml-layout":"","theme-transparent-header-meta":"default","adv-header-id-meta":"","stick-header-meta":"","header-above-stick-meta":"","header-main-stick-meta":"","header-below-stick-meta":"","astra-migrate-meta-layouts":"set","ast-page-background-enabled":"default","ast-page-background-meta":{"desktop":{"background-color":"var(--ast-global-color-4)","background-image":"","background-repeat":"repeat","background-position":"center center","background-size":"auto","background-attachment":"scroll","background-type":"","background-media":"","overlay-type":"","overlay-color":"","overlay-opacity":"","overlay-gradient":""},"tablet":{"background-color":"","background-image":"","background-repeat":"repeat","background-position":"center center","background-size":"auto","background-attachment":"scroll","background-type":"","background-media":"","overlay-type":"","overlay-color":"","overlay-opacity":"","overlay-gradient":""},"mobile":{"background-color":"","background-image":"","background-repeat":"repeat","background-position":"center center","background-size":"auto","background-attachment":"scroll","background-type":"","background-media":"","overlay-type":"","overlay-color":"","overlay-opacity":"","overlay-gradient":""}},"ast-content-background-meta":{"desktop":{"background-color":"var(--ast-global-color-5)","background-image":"","background-repeat":"repeat","background-position":"center center","background-size":"auto","background-attachment":"scroll","background-type":"","background-media":"","overlay-type":"","overlay-color":"","overlay-opacity":"","overlay-gradient":""},"tablet":{"background-color":"var(--ast-global-color-5)","background-image":"","background-repeat":"repeat","background-position":"center center","background-size":"auto","background-attachment":"scroll","background-type":"","background-media":"","overlay-type":"","overlay-color":"","overlay-opacity":"","overlay-gradient":""},"mobile":{"background-color":"var(--ast-global-color-5)","background-image":"","background-repeat":"repeat","background-position":"center center","background-size":"auto","background-attachment":"scroll","background-type":"","background-media":"","overlay-type":"","overlay-color":"","overlay-opacity":"","overlay-gradient":""}}},"product_brand":[],"product_cat":[54],"product_tag":[],"class_list":{"0":"post-4197","1":"product","2":"type-product","3":"status-publish","4":"has-post-thumbnail","6":"product_cat-leksaker","7":"desktop-align-left","8":"tablet-align-left","9":"mobile-align-left","11":"first","12":"instock","13":"taxable","14":"shipping-taxable","15":"purchasable","16":"product-type-simple"},"jetpack_sharing_enabled":true,"_links":{"self":[{"href":"https:\/\/www.glittrigating.se\/index.php\/wp-json\/wp\/v2\/product\/4197","targetHints":{"allow":["GET"]}}],"collection":[{"href":"https:\/\/www.glittrigating.se\/index.php\/wp-json\/wp\/v2\/product"}],"about":[{"href":"https:\/\/www.glittrigating.se\/index.php\/wp-json\/wp\/v2\/types\/product"}],"wp:featuredmedia":[{"embeddable":true,"href":"https:\/\/www.glittrigating.se\/index.php\/wp-json\/wp\/v2\/media\/5021"}],"wp:attachment":[{"href":"https:\/\/www.glittrigating.se\/index.php\/wp-json\/wp\/v2\/media?parent=4197"}],"wp:term":[{"taxonomy":"product_brand","embeddable":true,"href":"https:\/\/www.glittrigating.se\/index.php\/wp-json\/wp\/v2\/product_brand?post=4197"},{"taxonomy":"product_cat","embeddable":true,"href":"https:\/\/www.glittrigating.se\/index.php\/wp-json\/wp\/v2\/product_cat?post=4197"},{"taxonomy":"product_tag","embeddable":true,"href":"https:\/\/www.glittrigating.se\/index.php\/wp-json\/wp\/v2\/product_tag?post=4197"}],"curies":[{"name":"wp","href":"https:\/\/api.w.org\/{rel}","templated":true}]}}