{"id":4217,"date":"2025-06-17T09:21:19","date_gmt":"2025-06-17T09:21:19","guid":{"rendered":"https:\/\/www.glittrigating.se\/?post_type=product&#038;p=4217"},"modified":"2025-11-14T14:08:55","modified_gmt":"2025-11-14T14:08:55","slug":"jabadabado-verktygsbalte","status":"publish","type":"product","link":"https:\/\/www.glittrigating.se\/index.php\/product\/jabadabado-verktygsbalte\/","title":{"rendered":"Jabadabado Verktygsb\u00e4lte"},"content":{"rendered":"","protected":false},"excerpt":{"rendered":"<p>Jabadabado \u00e4r ett svenskt designf\u00f6retag som skapar och s\u00e4ljer tr\u00e4leksaker, babyartiklar och inredning f\u00f6r barnrum.<\/p>\n<p>Tufft snickarb\u00e4lte f\u00f6r den lilla snickaren. Nu kan du vara med och hj\u00e4lpa till hemma n\u00e4r det ska spikas och bankas. Med detta praktiska snickarb\u00e4lte har du allt du beh\u00f6ver f\u00f6r att kunna bygga precis vad du vill.\u00a0Ett barns f\u00f6rsta snickarb\u00e4lte \u00e4r alltid lite extra sp\u00e4nnande att f\u00e5.\u00a0Med rej\u00e4la vertyg och ett riktigt b\u00e4lte som sitter snyggt och bra runt den lilla midjan k\u00e4nner barnet sig som en riktigt liten snickare. Snickarb\u00e4ltet inneh\u00e5ller allt som beh\u00f6vs f\u00f6r att kunna fixa och dona i hemmet.<\/p>\n<p>Setet inneh\u00e5ller: 1 justerbart b\u00e4lte i rej\u00e4lt tyg med sp\u00e4nne i plast-1 ficka,4 h\u00e5llare till verktygen<\/p>\n<ul>\n<li>1 s\u00e5g<\/li>\n<li>1 hammare<\/li>\n<li>1 skiftnyckel<\/li>\n<li>1 skuvmejsel<\/li>\n<li>2 bultar<\/li>\n<li>2 skruvar<\/li>\n<li>1 skruvplatta.<\/li>\n<li>Tv\u00e4ttr\u00e5d:yt-tv\u00e4tt med svamp<\/li>\n<\/ul>\n<p>\u00c5lder: Fr\u00e5n 3 \u00e5r<br \/>\nMaterial: Tr\u00e4<br \/>\nF\u00f6rpackning: 19 x 7 x 28 cm<br \/>\nM\u00e5tt: 60 x 12 cm<\/p>\n<p>&nbsp;<\/p>\n","protected":false},"featured_media":5011,"template":"","meta":{"site-sidebar-layout":"default","site-content-layout":"default","ast-site-content-layout":"default","site-content-style":"default","site-sidebar-style":"default","ast-global-header-display":"","ast-banner-title-visibility":"","ast-main-header-display":"","ast-hfb-above-header-display":"","ast-hfb-below-header-display":"","ast-hfb-mobile-header-display":"","site-post-title":"","ast-breadcrumbs-content":"","ast-featured-img":"","footer-sml-layout":"","theme-transparent-header-meta":"default","adv-header-id-meta":"","stick-header-meta":"","header-above-stick-meta":"","header-main-stick-meta":"","header-below-stick-meta":"","astra-migrate-meta-layouts":"set","ast-page-background-enabled":"default","ast-page-background-meta":{"desktop":{"background-color":"var(--ast-global-color-4)","background-image":"","background-repeat":"repeat","background-position":"center center","background-size":"auto","background-attachment":"scroll","background-type":"","background-media":"","overlay-type":"","overlay-color":"","overlay-opacity":"","overlay-gradient":""},"tablet":{"background-color":"","background-image":"","background-repeat":"repeat","background-position":"center center","background-size":"auto","background-attachment":"scroll","background-type":"","background-media":"","overlay-type":"","overlay-color":"","overlay-opacity":"","overlay-gradient":""},"mobile":{"background-color":"","background-image":"","background-repeat":"repeat","background-position":"center center","background-size":"auto","background-attachment":"scroll","background-type":"","background-media":"","overlay-type":"","overlay-color":"","overlay-opacity":"","overlay-gradient":""}},"ast-content-background-meta":{"desktop":{"background-color":"var(--ast-global-color-5)","background-image":"","background-repeat":"repeat","background-position":"center center","background-size":"auto","background-attachment":"scroll","background-type":"","background-media":"","overlay-type":"","overlay-color":"","overlay-opacity":"","overlay-gradient":""},"tablet":{"background-color":"var(--ast-global-color-5)","background-image":"","background-repeat":"repeat","background-position":"center center","background-size":"auto","background-attachment":"scroll","background-type":"","background-media":"","overlay-type":"","overlay-color":"","overlay-opacity":"","overlay-gradient":""},"mobile":{"background-color":"var(--ast-global-color-5)","background-image":"","background-repeat":"repeat","background-position":"center center","background-size":"auto","background-attachment":"scroll","background-type":"","background-media":"","overlay-type":"","overlay-color":"","overlay-opacity":"","overlay-gradient":""}}},"product_brand":[],"product_cat":[54],"product_tag":[],"class_list":{"0":"post-4217","1":"product","2":"type-product","3":"status-publish","4":"has-post-thumbnail","6":"product_cat-leksaker","7":"desktop-align-left","8":"tablet-align-left","9":"mobile-align-left","11":"first","12":"outofstock","13":"taxable","14":"shipping-taxable","15":"purchasable","16":"product-type-simple"},"jetpack_sharing_enabled":true,"_links":{"self":[{"href":"https:\/\/www.glittrigating.se\/index.php\/wp-json\/wp\/v2\/product\/4217","targetHints":{"allow":["GET"]}}],"collection":[{"href":"https:\/\/www.glittrigating.se\/index.php\/wp-json\/wp\/v2\/product"}],"about":[{"href":"https:\/\/www.glittrigating.se\/index.php\/wp-json\/wp\/v2\/types\/product"}],"wp:featuredmedia":[{"embeddable":true,"href":"https:\/\/www.glittrigating.se\/index.php\/wp-json\/wp\/v2\/media\/5011"}],"wp:attachment":[{"href":"https:\/\/www.glittrigating.se\/index.php\/wp-json\/wp\/v2\/media?parent=4217"}],"wp:term":[{"taxonomy":"product_brand","embeddable":true,"href":"https:\/\/www.glittrigating.se\/index.php\/wp-json\/wp\/v2\/product_brand?post=4217"},{"taxonomy":"product_cat","embeddable":true,"href":"https:\/\/www.glittrigating.se\/index.php\/wp-json\/wp\/v2\/product_cat?post=4217"},{"taxonomy":"product_tag","embeddable":true,"href":"https:\/\/www.glittrigating.se\/index.php\/wp-json\/wp\/v2\/product_tag?post=4217"}],"curies":[{"name":"wp","href":"https:\/\/api.w.org\/{rel}","templated":true}]}}