{"id":4228,"date":"2025-06-17T13:06:51","date_gmt":"2025-06-17T13:06:51","guid":{"rendered":"https:\/\/www.glittrigating.se\/?post_type=product&#038;p=4228"},"modified":"2025-11-25T11:41:19","modified_gmt":"2025-11-25T11:41:19","slug":"jabadabado-bultbrada","status":"publish","type":"product","link":"https:\/\/www.glittrigating.se\/index.php\/product\/jabadabado-bultbrada\/","title":{"rendered":"Jabadabado Bultbr\u00e4da"},"content":{"rendered":"","protected":false},"excerpt":{"rendered":"<p>Jabadabado \u00e4r ett svenskt designf\u00f6retag som skapar och s\u00e4ljer tr\u00e4leksaker, babyartiklar och inredning f\u00f6r barnrum.<\/p>\n<p>Denna underbara leksak \u00e4r tillverkad i tr\u00e4 och har smakfulla f\u00e4rger som lockar till lek och \u00e4ventyr. Med bultbr\u00e4dan kan sm\u00e5 barn banka och hamra s\u00e5 mycket de vill, samtidigt som de tr\u00e4nar sin koordination och motorik p\u00e5 ett roligt s\u00e4tt.<\/p>\n<p>Genom att leka med bultbr\u00e4dan utvecklar ditt barn sin finmotorik och \u00f6var upp sin hand-\u00f6ga-koordination, vilket \u00e4r viktiga f\u00e4rdigheter f\u00f6r deras framtida utveckling.<\/p>\n<p>Dessutom \u00e4r denna leksak tillverkad i tr\u00e4, vilket g\u00f6r den h\u00e5llbar och h\u00e5llbar f\u00f6r l\u00e5ngvarig anv\u00e4ndning. Med sina smakfulla f\u00e4rger och s\u00f6ta figuren Bunny blir den en fin inredningsdetalj i barnrummet n\u00e4r den inte anv\u00e4nds.<\/p>\n<ul>\n<li>Produktm\u00e5tt: 22 x 11 x 12 cm<\/li>\n<li>F\u00f6rpackningsm\u00e5tt: 23 x 14 x 12 cm<\/li>\n<li>Material: Mdf, teawood, abs silikon<\/li>\n<li>S\u00e4kerhet: Testad och godk\u00e4nd enligt europeisk standard<\/li>\n<li>Fr\u00e5n 18 m\u00e5nader<\/li>\n<\/ul>\n<p>&nbsp;<\/p>\n","protected":false},"featured_media":5006,"template":"","meta":{"site-sidebar-layout":"default","site-content-layout":"default","ast-site-content-layout":"default","site-content-style":"default","site-sidebar-style":"default","ast-global-header-display":"","ast-banner-title-visibility":"","ast-main-header-display":"","ast-hfb-above-header-display":"","ast-hfb-below-header-display":"","ast-hfb-mobile-header-display":"","site-post-title":"","ast-breadcrumbs-content":"","ast-featured-img":"","footer-sml-layout":"","theme-transparent-header-meta":"default","adv-header-id-meta":"","stick-header-meta":"","header-above-stick-meta":"","header-main-stick-meta":"","header-below-stick-meta":"","astra-migrate-meta-layouts":"set","ast-page-background-enabled":"default","ast-page-background-meta":{"desktop":{"background-color":"var(--ast-global-color-4)","background-image":"","background-repeat":"repeat","background-position":"center center","background-size":"auto","background-attachment":"scroll","background-type":"","background-media":"","overlay-type":"","overlay-color":"","overlay-opacity":"","overlay-gradient":""},"tablet":{"background-color":"","background-image":"","background-repeat":"repeat","background-position":"center center","background-size":"auto","background-attachment":"scroll","background-type":"","background-media":"","overlay-type":"","overlay-color":"","overlay-opacity":"","overlay-gradient":""},"mobile":{"background-color":"","background-image":"","background-repeat":"repeat","background-position":"center center","background-size":"auto","background-attachment":"scroll","background-type":"","background-media":"","overlay-type":"","overlay-color":"","overlay-opacity":"","overlay-gradient":""}},"ast-content-background-meta":{"desktop":{"background-color":"var(--ast-global-color-5)","background-image":"","background-repeat":"repeat","background-position":"center center","background-size":"auto","background-attachment":"scroll","background-type":"","background-media":"","overlay-type":"","overlay-color":"","overlay-opacity":"","overlay-gradient":""},"tablet":{"background-color":"var(--ast-global-color-5)","background-image":"","background-repeat":"repeat","background-position":"center center","background-size":"auto","background-attachment":"scroll","background-type":"","background-media":"","overlay-type":"","overlay-color":"","overlay-opacity":"","overlay-gradient":""},"mobile":{"background-color":"var(--ast-global-color-5)","background-image":"","background-repeat":"repeat","background-position":"center center","background-size":"auto","background-attachment":"scroll","background-type":"","background-media":"","overlay-type":"","overlay-color":"","overlay-opacity":"","overlay-gradient":""}}},"product_brand":[],"product_cat":[54],"product_tag":[],"class_list":{"0":"post-4228","1":"product","2":"type-product","3":"status-publish","4":"has-post-thumbnail","6":"product_cat-leksaker","7":"desktop-align-left","8":"tablet-align-left","9":"mobile-align-left","11":"first","12":"instock","13":"taxable","14":"shipping-taxable","15":"purchasable","16":"product-type-simple"},"jetpack_sharing_enabled":true,"_links":{"self":[{"href":"https:\/\/www.glittrigating.se\/index.php\/wp-json\/wp\/v2\/product\/4228","targetHints":{"allow":["GET"]}}],"collection":[{"href":"https:\/\/www.glittrigating.se\/index.php\/wp-json\/wp\/v2\/product"}],"about":[{"href":"https:\/\/www.glittrigating.se\/index.php\/wp-json\/wp\/v2\/types\/product"}],"wp:featuredmedia":[{"embeddable":true,"href":"https:\/\/www.glittrigating.se\/index.php\/wp-json\/wp\/v2\/media\/5006"}],"wp:attachment":[{"href":"https:\/\/www.glittrigating.se\/index.php\/wp-json\/wp\/v2\/media?parent=4228"}],"wp:term":[{"taxonomy":"product_brand","embeddable":true,"href":"https:\/\/www.glittrigating.se\/index.php\/wp-json\/wp\/v2\/product_brand?post=4228"},{"taxonomy":"product_cat","embeddable":true,"href":"https:\/\/www.glittrigating.se\/index.php\/wp-json\/wp\/v2\/product_cat?post=4228"},{"taxonomy":"product_tag","embeddable":true,"href":"https:\/\/www.glittrigating.se\/index.php\/wp-json\/wp\/v2\/product_tag?post=4228"}],"curies":[{"name":"wp","href":"https:\/\/api.w.org\/{rel}","templated":true}]}}