{"id":4261,"date":"2025-06-25T08:34:26","date_gmt":"2025-06-25T08:34:26","guid":{"rendered":"https:\/\/www.glittrigating.se\/?post_type=product&#038;p=4261"},"modified":"2025-11-13T14:34:03","modified_gmt":"2025-11-13T14:34:03","slug":"kosta-boda-skulptur-gabba-gabba-hey-black","status":"publish","type":"product","link":"https:\/\/www.glittrigating.se\/index.php\/product\/kosta-boda-skulptur-gabba-gabba-hey-black\/","title":{"rendered":"Kosta Boda Skulptur Gabba Gabba Hey Black"},"content":{"rendered":"","protected":false},"excerpt":{"rendered":"<p>My Wide Life skulptur fr\u00e5n Kosta Boda med en handgjord design i munbl\u00e5st kristall som omedelbart drar till sig uppm\u00e4rksamheten.<\/p>\n<div class=\"css-ae1b0h\">Designer<\/div>\n<div class=\"css-1sp3jtb\">\n<p><span class=\"css-lbcv1j\">Ludvig L\u00f6fgren<\/span><\/p>\n<div id=\"product_information_1\" class=\"product_information css-10lwljr\">\n<section class=\"css-1dkmndk\">\n<section>\n<div id=\"panel-pdp-information-characteristics\" class=\"Accordion-group open\" role=\"tabpanel\" aria-labelledby=\"tab-pdp-information-characteristics\">\n<div class=\"Tab-panel\">\n<div>\n<div class=\"css-mty1fy\">\n<ul class=\"css-1c6gp0r\">\n<li class=\"css-y11wr6\">\n<div class=\"css-ae1b0h\">F\u00e4rg<\/div>\n<div class=\"css-1sp3jtb\"><span class=\"css-lbcv1j\">Svart<\/span><\/div>\n<\/li>\n<li class=\"css-y11wr6\">\n<div class=\"css-ae1b0h\">Material<\/div>\n<div class=\"css-1sp3jtb\"><span class=\"css-lbcv1j\">Munbl\u00e5st glas<\/span><\/div>\n<\/li>\n<li class=\"css-y11wr6\">\n<div class=\"css-ae1b0h\">Bredd<\/div>\n<div class=\"css-1sp3jtb\"><span class=\"css-lbcv1j\">8 cm<\/span><\/div>\n<\/li>\n<li class=\"css-y11wr6\">\n<div class=\"css-ae1b0h\">H\u00f6jd<\/div>\n<div class=\"css-1sp3jtb\"><span class=\"css-lbcv1j\">12 cm<\/span><\/div>\n<\/li>\n<\/ul>\n<div class=\"css-13nghsn\"><\/div>\n<\/div>\n<\/div>\n<\/div>\n<\/div>\n<\/section>\n<\/section>\n<\/div>\n<div id=\"algolia_recommend_1\" class=\"related_products css-13xfqp5\">\n<section id=\"AlogliaContainerRD_12\" class=\"css-zm791r\">\n<div class=\"css-xo2wwh\">\n<div class=\"css-9v1u6g\"><\/div>\n<\/div>\n<\/section>\n<\/div>\n<\/div>\n<p>&nbsp;<\/p>\n","protected":false},"featured_media":4991,"template":"","meta":{"site-sidebar-layout":"default","site-content-layout":"default","ast-site-content-layout":"default","site-content-style":"default","site-sidebar-style":"default","ast-global-header-display":"","ast-banner-title-visibility":"","ast-main-header-display":"","ast-hfb-above-header-display":"","ast-hfb-below-header-display":"","ast-hfb-mobile-header-display":"","site-post-title":"","ast-breadcrumbs-content":"","ast-featured-img":"","footer-sml-layout":"","theme-transparent-header-meta":"default","adv-header-id-meta":"","stick-header-meta":"","header-above-stick-meta":"","header-main-stick-meta":"","header-below-stick-meta":"","astra-migrate-meta-layouts":"set","ast-page-background-enabled":"default","ast-page-background-meta":{"desktop":{"background-color":"var(--ast-global-color-4)","background-image":"","background-repeat":"repeat","background-position":"center center","background-size":"auto","background-attachment":"scroll","background-type":"","background-media":"","overlay-type":"","overlay-color":"","overlay-opacity":"","overlay-gradient":""},"tablet":{"background-color":"","background-image":"","background-repeat":"repeat","background-position":"center center","background-size":"auto","background-attachment":"scroll","background-type":"","background-media":"","overlay-type":"","overlay-color":"","overlay-opacity":"","overlay-gradient":""},"mobile":{"background-color":"","background-image":"","background-repeat":"repeat","background-position":"center center","background-size":"auto","background-attachment":"scroll","background-type":"","background-media":"","overlay-type":"","overlay-color":"","overlay-opacity":"","overlay-gradient":""}},"ast-content-background-meta":{"desktop":{"background-color":"var(--ast-global-color-5)","background-image":"","background-repeat":"repeat","background-position":"center center","background-size":"auto","background-attachment":"scroll","background-type":"","background-media":"","overlay-type":"","overlay-color":"","overlay-opacity":"","overlay-gradient":""},"tablet":{"background-color":"var(--ast-global-color-5)","background-image":"","background-repeat":"repeat","background-position":"center center","background-size":"auto","background-attachment":"scroll","background-type":"","background-media":"","overlay-type":"","overlay-color":"","overlay-opacity":"","overlay-gradient":""},"mobile":{"background-color":"var(--ast-global-color-5)","background-image":"","background-repeat":"repeat","background-position":"center center","background-size":"auto","background-attachment":"scroll","background-type":"","background-media":"","overlay-type":"","overlay-color":"","overlay-opacity":"","overlay-gradient":""}}},"product_brand":[],"product_cat":[107,46,66],"product_tag":[159],"class_list":{"0":"post-4261","1":"product","2":"type-product","3":"status-publish","4":"has-post-thumbnail","6":"product_cat-figurer","7":"product_cat-inredning","8":"product_cat-kosta-boda","9":"product_tag-kosta-boda","10":"desktop-align-left","11":"tablet-align-left","12":"mobile-align-left","14":"first","15":"instock","16":"taxable","17":"shipping-taxable","18":"purchasable","19":"product-type-simple"},"jetpack_sharing_enabled":true,"_links":{"self":[{"href":"https:\/\/www.glittrigating.se\/index.php\/wp-json\/wp\/v2\/product\/4261","targetHints":{"allow":["GET"]}}],"collection":[{"href":"https:\/\/www.glittrigating.se\/index.php\/wp-json\/wp\/v2\/product"}],"about":[{"href":"https:\/\/www.glittrigating.se\/index.php\/wp-json\/wp\/v2\/types\/product"}],"wp:featuredmedia":[{"embeddable":true,"href":"https:\/\/www.glittrigating.se\/index.php\/wp-json\/wp\/v2\/media\/4991"}],"wp:attachment":[{"href":"https:\/\/www.glittrigating.se\/index.php\/wp-json\/wp\/v2\/media?parent=4261"}],"wp:term":[{"taxonomy":"product_brand","embeddable":true,"href":"https:\/\/www.glittrigating.se\/index.php\/wp-json\/wp\/v2\/product_brand?post=4261"},{"taxonomy":"product_cat","embeddable":true,"href":"https:\/\/www.glittrigating.se\/index.php\/wp-json\/wp\/v2\/product_cat?post=4261"},{"taxonomy":"product_tag","embeddable":true,"href":"https:\/\/www.glittrigating.se\/index.php\/wp-json\/wp\/v2\/product_tag?post=4261"}],"curies":[{"name":"wp","href":"https:\/\/api.w.org\/{rel}","templated":true}]}}