{"id":4265,"date":"2025-06-25T09:01:21","date_gmt":"2025-06-25T09:01:21","guid":{"rendered":"https:\/\/www.glittrigating.se\/?post_type=product&#038;p=4265"},"modified":"2025-11-13T14:28:07","modified_gmt":"2025-11-13T14:28:07","slug":"kosta-boda-viva-glaskanna-3l","status":"publish","type":"product","link":"https:\/\/www.glittrigating.se\/index.php\/product\/kosta-boda-viva-glaskanna-3l\/","title":{"rendered":"Kosta Boda Viva Glaskanna 3l"},"content":{"rendered":"","protected":false},"excerpt":{"rendered":"<p>Viva kanna 3 L fr\u00e5n Kosta Boda \u00e4r en elegant kanna i stilren design av Matti Klenell. Med en gener\u00f6s kapacitet p\u00e5 3 liter \u00e4r den perfekt f\u00f6r servering av vatten, saft eller vin. En tidl\u00f6s del av Viva-serien som bjuder in till sociala stunder och vackra dukningar.<\/p>\n<h3 class=\"gv cj mu\">M\u00e5tt<\/h3>\n<ul class=\"k de e5 e6 e7 aq ar ab e8 e9 ea\">\n<li class=\"mv br d0 mw am eh mx my mz i\"><span class=\"j8\">L\u00e4ngd (cm)<\/span><span class=\"je n0\">23<\/span><\/li>\n<li class=\"mv br d0 mw am eh mx my mz i\"><span class=\"j8\">Bredd (cm)<\/span><span class=\"je n0\">15,5<\/span><\/li>\n<li class=\"mv br d0 mw am eh mx my mz i\"><span class=\"j8\">H\u00f6jd (cm)<\/span><span class=\"je n0\">25,3<\/span><\/li>\n<li class=\"mv br d0 mw am eh mx my mz i\"><span class=\"j8\">Kapacitet (L)<\/span><span class=\"je n0\">3<\/span><\/li>\n<li class=\"mv br d0 mw am eh mx my mz i\"><span class=\"j8\">Designer <\/span><span class=\"je n0\"><a class=\"af ag a9 ah ai a\" href=\"https:\/\/www.nordicnest.se\/designers\/matti-klenell\/\" data-spa-link=\"true\">Matti Klenell<\/a><\/span><\/li>\n<li><span class=\"j8\">Sk\u00f6tselr\u00e5d <\/span><span class=\"je n0\">T\u00e5l maskindisk<\/span><\/li>\n<\/ul>\n","protected":false},"featured_media":4988,"template":"","meta":{"site-sidebar-layout":"default","site-content-layout":"default","ast-site-content-layout":"default","site-content-style":"default","site-sidebar-style":"default","ast-global-header-display":"","ast-banner-title-visibility":"","ast-main-header-display":"","ast-hfb-above-header-display":"","ast-hfb-below-header-display":"","ast-hfb-mobile-header-display":"","site-post-title":"","ast-breadcrumbs-content":"","ast-featured-img":"","footer-sml-layout":"","theme-transparent-header-meta":"default","adv-header-id-meta":"","stick-header-meta":"","header-above-stick-meta":"","header-main-stick-meta":"","header-below-stick-meta":"","astra-migrate-meta-layouts":"set","ast-page-background-enabled":"default","ast-page-background-meta":{"desktop":{"background-color":"var(--ast-global-color-4)","background-image":"","background-repeat":"repeat","background-position":"center center","background-size":"auto","background-attachment":"scroll","background-type":"","background-media":"","overlay-type":"","overlay-color":"","overlay-opacity":"","overlay-gradient":""},"tablet":{"background-color":"","background-image":"","background-repeat":"repeat","background-position":"center center","background-size":"auto","background-attachment":"scroll","background-type":"","background-media":"","overlay-type":"","overlay-color":"","overlay-opacity":"","overlay-gradient":""},"mobile":{"background-color":"","background-image":"","background-repeat":"repeat","background-position":"center center","background-size":"auto","background-attachment":"scroll","background-type":"","background-media":"","overlay-type":"","overlay-color":"","overlay-opacity":"","overlay-gradient":""}},"ast-content-background-meta":{"desktop":{"background-color":"var(--ast-global-color-5)","background-image":"","background-repeat":"repeat","background-position":"center center","background-size":"auto","background-attachment":"scroll","background-type":"","background-media":"","overlay-type":"","overlay-color":"","overlay-opacity":"","overlay-gradient":""},"tablet":{"background-color":"var(--ast-global-color-5)","background-image":"","background-repeat":"repeat","background-position":"center center","background-size":"auto","background-attachment":"scroll","background-type":"","background-media":"","overlay-type":"","overlay-color":"","overlay-opacity":"","overlay-gradient":""},"mobile":{"background-color":"var(--ast-global-color-5)","background-image":"","background-repeat":"repeat","background-position":"center center","background-size":"auto","background-attachment":"scroll","background-type":"","background-media":"","overlay-type":"","overlay-color":"","overlay-opacity":"","overlay-gradient":""}}},"product_brand":[],"product_cat":[1524,46,66],"product_tag":[],"class_list":{"0":"post-4265","1":"product","2":"type-product","3":"status-publish","4":"has-post-thumbnail","6":"product_cat-glasokristall","7":"product_cat-inredning","8":"product_cat-kosta-boda","9":"desktop-align-left","10":"tablet-align-left","11":"mobile-align-left","13":"first","14":"instock","15":"taxable","16":"shipping-taxable","17":"purchasable","18":"product-type-simple"},"jetpack_sharing_enabled":true,"_links":{"self":[{"href":"https:\/\/www.glittrigating.se\/index.php\/wp-json\/wp\/v2\/product\/4265","targetHints":{"allow":["GET"]}}],"collection":[{"href":"https:\/\/www.glittrigating.se\/index.php\/wp-json\/wp\/v2\/product"}],"about":[{"href":"https:\/\/www.glittrigating.se\/index.php\/wp-json\/wp\/v2\/types\/product"}],"wp:featuredmedia":[{"embeddable":true,"href":"https:\/\/www.glittrigating.se\/index.php\/wp-json\/wp\/v2\/media\/4988"}],"wp:attachment":[{"href":"https:\/\/www.glittrigating.se\/index.php\/wp-json\/wp\/v2\/media?parent=4265"}],"wp:term":[{"taxonomy":"product_brand","embeddable":true,"href":"https:\/\/www.glittrigating.se\/index.php\/wp-json\/wp\/v2\/product_brand?post=4265"},{"taxonomy":"product_cat","embeddable":true,"href":"https:\/\/www.glittrigating.se\/index.php\/wp-json\/wp\/v2\/product_cat?post=4265"},{"taxonomy":"product_tag","embeddable":true,"href":"https:\/\/www.glittrigating.se\/index.php\/wp-json\/wp\/v2\/product_tag?post=4265"}],"curies":[{"name":"wp","href":"https:\/\/api.w.org\/{rel}","templated":true}]}}