{"id":4271,"date":"2025-06-25T09:09:55","date_gmt":"2025-06-25T09:09:55","guid":{"rendered":"https:\/\/www.glittrigating.se\/?post_type=product&#038;p=4271"},"modified":"2025-11-13T14:23:25","modified_gmt":"2025-11-13T14:23:25","slug":"kosta-boda-viva-highball-2-pack","status":"publish","type":"product","link":"https:\/\/www.glittrigating.se\/index.php\/product\/kosta-boda-viva-highball-2-pack\/","title":{"rendered":"Kosta Boda Viva Highball 2-pack"},"content":{"rendered":"","protected":false},"excerpt":{"rendered":"<p>Viva highball glas 31 cl 2-pack fr\u00e5n Kosta Boda \u00e4r tv\u00e5 stilrena glas designade av Matti Klenell. Perfekta f\u00f6r vatten, juice eller longdrinks, dessa glas f\u00f6renar funktion och elegans. En sj\u00e4lvklar del av varje dukning, oavsett om det \u00e4r vardag eller fest.<\/p>\n<h3 class=\"gv cj mc\">M\u00e5tt<\/h3>\n<ul class=\"k de e5 e6 e7 aq ar ab e8 e9 ea\">\n<li class=\"md br d0 me am eh mf mg mh i\"><span class=\"ii\">Diameter (cm)<\/span><span class=\"io mi\">6,4<\/span><\/li>\n<li class=\"md br d0 me am eh mf mg mh i\"><span class=\"ii\">H\u00f6jd (cm)<\/span><span class=\"io mi\">15,3<\/span><\/li>\n<li class=\"md br d0 me am eh mf mg mh i\"><span class=\"ii\">Kapacitet (cl)<\/span><span class=\"io mi\">31<\/span><\/li>\n<li>T\u00e5l maskindisk<\/li>\n<\/ul>\n","protected":false},"featured_media":4986,"template":"","meta":{"site-sidebar-layout":"default","site-content-layout":"default","ast-site-content-layout":"default","site-content-style":"default","site-sidebar-style":"default","ast-global-header-display":"","ast-banner-title-visibility":"","ast-main-header-display":"","ast-hfb-above-header-display":"","ast-hfb-below-header-display":"","ast-hfb-mobile-header-display":"","site-post-title":"","ast-breadcrumbs-content":"","ast-featured-img":"","footer-sml-layout":"","theme-transparent-header-meta":"default","adv-header-id-meta":"","stick-header-meta":"","header-above-stick-meta":"","header-main-stick-meta":"","header-below-stick-meta":"","astra-migrate-meta-layouts":"set","ast-page-background-enabled":"default","ast-page-background-meta":{"desktop":{"background-color":"var(--ast-global-color-4)","background-image":"","background-repeat":"repeat","background-position":"center center","background-size":"auto","background-attachment":"scroll","background-type":"","background-media":"","overlay-type":"","overlay-color":"","overlay-opacity":"","overlay-gradient":""},"tablet":{"background-color":"","background-image":"","background-repeat":"repeat","background-position":"center center","background-size":"auto","background-attachment":"scroll","background-type":"","background-media":"","overlay-type":"","overlay-color":"","overlay-opacity":"","overlay-gradient":""},"mobile":{"background-color":"","background-image":"","background-repeat":"repeat","background-position":"center center","background-size":"auto","background-attachment":"scroll","background-type":"","background-media":"","overlay-type":"","overlay-color":"","overlay-opacity":"","overlay-gradient":""}},"ast-content-background-meta":{"desktop":{"background-color":"var(--ast-global-color-5)","background-image":"","background-repeat":"repeat","background-position":"center center","background-size":"auto","background-attachment":"scroll","background-type":"","background-media":"","overlay-type":"","overlay-color":"","overlay-opacity":"","overlay-gradient":""},"tablet":{"background-color":"var(--ast-global-color-5)","background-image":"","background-repeat":"repeat","background-position":"center center","background-size":"auto","background-attachment":"scroll","background-type":"","background-media":"","overlay-type":"","overlay-color":"","overlay-opacity":"","overlay-gradient":""},"mobile":{"background-color":"var(--ast-global-color-5)","background-image":"","background-repeat":"repeat","background-position":"center center","background-size":"auto","background-attachment":"scroll","background-type":"","background-media":"","overlay-type":"","overlay-color":"","overlay-opacity":"","overlay-gradient":""}}},"product_brand":[],"product_cat":[101,1524,46,66],"product_tag":[],"class_list":{"0":"post-4271","1":"product","2":"type-product","3":"status-publish","4":"has-post-thumbnail","6":"product_cat-designglas","7":"product_cat-glasokristall","8":"product_cat-inredning","9":"product_cat-kosta-boda","10":"desktop-align-left","11":"tablet-align-left","12":"mobile-align-left","14":"first","15":"instock","16":"taxable","17":"shipping-taxable","18":"purchasable","19":"product-type-simple"},"jetpack_sharing_enabled":true,"_links":{"self":[{"href":"https:\/\/www.glittrigating.se\/index.php\/wp-json\/wp\/v2\/product\/4271","targetHints":{"allow":["GET"]}}],"collection":[{"href":"https:\/\/www.glittrigating.se\/index.php\/wp-json\/wp\/v2\/product"}],"about":[{"href":"https:\/\/www.glittrigating.se\/index.php\/wp-json\/wp\/v2\/types\/product"}],"wp:featuredmedia":[{"embeddable":true,"href":"https:\/\/www.glittrigating.se\/index.php\/wp-json\/wp\/v2\/media\/4986"}],"wp:attachment":[{"href":"https:\/\/www.glittrigating.se\/index.php\/wp-json\/wp\/v2\/media?parent=4271"}],"wp:term":[{"taxonomy":"product_brand","embeddable":true,"href":"https:\/\/www.glittrigating.se\/index.php\/wp-json\/wp\/v2\/product_brand?post=4271"},{"taxonomy":"product_cat","embeddable":true,"href":"https:\/\/www.glittrigating.se\/index.php\/wp-json\/wp\/v2\/product_cat?post=4271"},{"taxonomy":"product_tag","embeddable":true,"href":"https:\/\/www.glittrigating.se\/index.php\/wp-json\/wp\/v2\/product_tag?post=4271"}],"curies":[{"name":"wp","href":"https:\/\/api.w.org\/{rel}","templated":true}]}}