{"id":4284,"date":"2025-06-30T13:04:29","date_gmt":"2025-06-30T13:04:29","guid":{"rendered":"https:\/\/www.glittrigating.se\/?post_type=product&#038;p=4284"},"modified":"2025-11-17T15:02:56","modified_gmt":"2025-11-17T15:02:56","slug":"orrefors-carat-double-old-fashioned-2-pack","status":"publish","type":"product","link":"https:\/\/www.glittrigating.se\/index.php\/product\/orrefors-carat-double-old-fashioned-2-pack\/","title":{"rendered":"Orrefors Carat Double Old Fashioned 2-pack"},"content":{"rendered":"","protected":false},"excerpt":{"rendered":"<p>Med inspiration fr\u00e5n juveler och \u00e4delstenar har Lena Bergstr\u00f6m f\u00f6rnyat den slipade kristallen med glasserien Carat. Den distinkta och unika asymmetriska slipningen speglar v\u00e5r samtid men doftar ocks\u00e5 nordisk romantik.<br \/>\n<span style=\"font-size: 16px;\">Lena Bergstr\u00f6m \u00e4r en av Sveriges mest framg\u00e5ngsrika och prisbel\u00f6nta formgivare. Hennes k\u00e4rlek till hantverk och material har resulterat i bruksglas, servisglas, textiler, belysning, och smycken alla pr\u00e4glade av hennes energifyllda formspr\u00e5k. Hennes stil kan beskrivas som kvinnlig, manlig, mjuk, h\u00e5rd, modern och elegant p\u00e5 en och samma g\u00e5ng.<\/span><\/p>\n<ul class=\"space-y-1 mt-4 \">\n<li class=\"text-sm flex items-center\">Volym: 28 cl<\/li>\n<li class=\"text-sm flex items-center\">Diskmaskinss\u00e4ker<\/li>\n<li>H\u00f6jd: 9,3 cm<\/li>\n<li>Bredd: 8,2 cm<\/li>\n<\/ul>\n<p>&nbsp;<\/p>\n<p><span style=\"font-size: 16px;\"><span data-template-id=\"2019\">\u00a0 \u00a0<\/span><\/span><\/p>\n<p>&nbsp;<\/p>\n<p>&nbsp;<\/p>\n<p>&nbsp;<\/p>\n","protected":false},"featured_media":4979,"template":"","meta":{"site-sidebar-layout":"default","site-content-layout":"default","ast-site-content-layout":"default","site-content-style":"default","site-sidebar-style":"default","ast-global-header-display":"","ast-banner-title-visibility":"","ast-main-header-display":"","ast-hfb-above-header-display":"","ast-hfb-below-header-display":"","ast-hfb-mobile-header-display":"","site-post-title":"","ast-breadcrumbs-content":"","ast-featured-img":"","footer-sml-layout":"","theme-transparent-header-meta":"default","adv-header-id-meta":"","stick-header-meta":"","header-above-stick-meta":"","header-main-stick-meta":"","header-below-stick-meta":"","astra-migrate-meta-layouts":"set","ast-page-background-enabled":"default","ast-page-background-meta":{"desktop":{"background-color":"var(--ast-global-color-4)","background-image":"","background-repeat":"repeat","background-position":"center center","background-size":"auto","background-attachment":"scroll","background-type":"","background-media":"","overlay-type":"","overlay-color":"","overlay-opacity":"","overlay-gradient":""},"tablet":{"background-color":"","background-image":"","background-repeat":"repeat","background-position":"center center","background-size":"auto","background-attachment":"scroll","background-type":"","background-media":"","overlay-type":"","overlay-color":"","overlay-opacity":"","overlay-gradient":""},"mobile":{"background-color":"","background-image":"","background-repeat":"repeat","background-position":"center center","background-size":"auto","background-attachment":"scroll","background-type":"","background-media":"","overlay-type":"","overlay-color":"","overlay-opacity":"","overlay-gradient":""}},"ast-content-background-meta":{"desktop":{"background-color":"var(--ast-global-color-5)","background-image":"","background-repeat":"repeat","background-position":"center center","background-size":"auto","background-attachment":"scroll","background-type":"","background-media":"","overlay-type":"","overlay-color":"","overlay-opacity":"","overlay-gradient":""},"tablet":{"background-color":"var(--ast-global-color-5)","background-image":"","background-repeat":"repeat","background-position":"center center","background-size":"auto","background-attachment":"scroll","background-type":"","background-media":"","overlay-type":"","overlay-color":"","overlay-opacity":"","overlay-gradient":""},"mobile":{"background-color":"var(--ast-global-color-5)","background-image":"","background-repeat":"repeat","background-position":"center center","background-size":"auto","background-attachment":"scroll","background-type":"","background-media":"","overlay-type":"","overlay-color":"","overlay-opacity":"","overlay-gradient":""}}},"product_brand":[],"product_cat":[1493,101,1524,46,99,91],"product_tag":[150,146,148,147,144],"class_list":{"0":"post-4284","1":"product","2":"type-product","3":"status-publish","4":"has-post-thumbnail","6":"product_cat-carat","7":"product_cat-designglas","8":"product_cat-glasokristall","9":"product_cat-inredning","10":"product_cat-kristall","11":"product_cat-orrefors","12":"product_tag-2-pack","13":"product_tag-glas","14":"product_tag-klar","15":"product_tag-kristall","16":"product_tag-orrefors","17":"desktop-align-left","18":"tablet-align-left","19":"mobile-align-left","21":"first","22":"instock","23":"taxable","24":"shipping-taxable","25":"purchasable","26":"product-type-simple"},"jetpack_sharing_enabled":true,"_links":{"self":[{"href":"https:\/\/www.glittrigating.se\/index.php\/wp-json\/wp\/v2\/product\/4284","targetHints":{"allow":["GET"]}}],"collection":[{"href":"https:\/\/www.glittrigating.se\/index.php\/wp-json\/wp\/v2\/product"}],"about":[{"href":"https:\/\/www.glittrigating.se\/index.php\/wp-json\/wp\/v2\/types\/product"}],"wp:featuredmedia":[{"embeddable":true,"href":"https:\/\/www.glittrigating.se\/index.php\/wp-json\/wp\/v2\/media\/4979"}],"wp:attachment":[{"href":"https:\/\/www.glittrigating.se\/index.php\/wp-json\/wp\/v2\/media?parent=4284"}],"wp:term":[{"taxonomy":"product_brand","embeddable":true,"href":"https:\/\/www.glittrigating.se\/index.php\/wp-json\/wp\/v2\/product_brand?post=4284"},{"taxonomy":"product_cat","embeddable":true,"href":"https:\/\/www.glittrigating.se\/index.php\/wp-json\/wp\/v2\/product_cat?post=4284"},{"taxonomy":"product_tag","embeddable":true,"href":"https:\/\/www.glittrigating.se\/index.php\/wp-json\/wp\/v2\/product_tag?post=4284"}],"curies":[{"name":"wp","href":"https:\/\/api.w.org\/{rel}","templated":true}]}}