{"id":4337,"date":"2025-07-08T10:10:04","date_gmt":"2025-07-08T10:10:04","guid":{"rendered":"https:\/\/www.glittrigating.se\/?post_type=product&#038;p=4337"},"modified":"2025-07-08T10:14:09","modified_gmt":"2025-07-08T10:14:09","slug":"naasgransgarden-take-a-chance-on-me-skal-bubble-i-love-it-o11-2cm","status":"publish","type":"product","link":"https:\/\/www.glittrigating.se\/index.php\/product\/naasgransgarden-take-a-chance-on-me-skal-bubble-i-love-it-o11-2cm\/","title":{"rendered":"N\u00e4\u00e4sgr\u00e4nsg\u00e5rden Take a chance on me Sk\u00e5l Bubble I love it \u00d811.2cm"},"content":{"rendered":"","protected":false},"excerpt":{"rendered":"<p>V\u00e5ra kollektioner \u00e4r exklusivt framtagna f\u00f6r N\u00e4\u00e4sgr\u00e4nsg\u00e5rden vilket g\u00f6r dem alla unika, f\u00f6r oss \u00e4r original design viktigt. Samtliga bruksf\u00f6rem\u00e5l och prydnadsfigurer \u00e4r handm\u00e5lade vilket ger en variation och en \u00e4kta hantverksk\u00e4nsla. Med r\u00e4tt sk\u00f6tsel kommer v\u00e5ra produkter att sk\u00e4nka gl\u00e4dje under m\u00e5nga \u00e5r, v\u00e5ra produkter st\u00e5r f\u00f6r unik design av god kvalitet.<\/p>\n<p>En hj\u00e4rtformad sk\u00e5l med budskapet \u201dI love it\u201d, perfekt till b\u00e5de servering och f\u00f6rvaring. Varje sk\u00e5l har ett silverf\u00e4rgat metallsmycke med designerns signatur p\u00e5. Hela serien \u00e4r handgjord och bubbelm\u00f6nstret skiljer sig mellan produkterna, detta skapar b\u00e5de en lekfullhet och en k\u00e4nsla av ett genuint hantverk.<\/p>\n<p>Med Bubble f\u00f6rvandlas det dukade bordet till en varm och inspirerande plats f\u00f6r alla tillf\u00e4llen hela \u00e5ret om. Avvikelser mellan bild och produkt kan f\u00f6rekomma.<\/p>\n<p>Design: Ruth Vetter<\/p>\n","protected":false},"featured_media":4338,"template":"","meta":{"site-sidebar-layout":"default","site-content-layout":"default","ast-site-content-layout":"default","site-content-style":"default","site-sidebar-style":"default","ast-global-header-display":"","ast-banner-title-visibility":"","ast-main-header-display":"","ast-hfb-above-header-display":"","ast-hfb-below-header-display":"","ast-hfb-mobile-header-display":"","site-post-title":"","ast-breadcrumbs-content":"","ast-featured-img":"","footer-sml-layout":"","theme-transparent-header-meta":"default","adv-header-id-meta":"","stick-header-meta":"","header-above-stick-meta":"","header-main-stick-meta":"","header-below-stick-meta":"","astra-migrate-meta-layouts":"default","ast-page-background-enabled":"default","ast-page-background-meta":{"desktop":{"background-color":"var(--ast-global-color-4)","background-image":"","background-repeat":"repeat","background-position":"center center","background-size":"auto","background-attachment":"scroll","background-type":"","background-media":"","overlay-type":"","overlay-color":"","overlay-opacity":"","overlay-gradient":""},"tablet":{"background-color":"","background-image":"","background-repeat":"repeat","background-position":"center center","background-size":"auto","background-attachment":"scroll","background-type":"","background-media":"","overlay-type":"","overlay-color":"","overlay-opacity":"","overlay-gradient":""},"mobile":{"background-color":"","background-image":"","background-repeat":"repeat","background-position":"center center","background-size":"auto","background-attachment":"scroll","background-type":"","background-media":"","overlay-type":"","overlay-color":"","overlay-opacity":"","overlay-gradient":""}},"ast-content-background-meta":{"desktop":{"background-color":"var(--ast-global-color-5)","background-image":"","background-repeat":"repeat","background-position":"center center","background-size":"auto","background-attachment":"scroll","background-type":"","background-media":"","overlay-type":"","overlay-color":"","overlay-opacity":"","overlay-gradient":""},"tablet":{"background-color":"var(--ast-global-color-5)","background-image":"","background-repeat":"repeat","background-position":"center center","background-size":"auto","background-attachment":"scroll","background-type":"","background-media":"","overlay-type":"","overlay-color":"","overlay-opacity":"","overlay-gradient":""},"mobile":{"background-color":"var(--ast-global-color-5)","background-image":"","background-repeat":"repeat","background-position":"center center","background-size":"auto","background-attachment":"scroll","background-type":"","background-media":"","overlay-type":"","overlay-color":"","overlay-opacity":"","overlay-gradient":""}}},"product_brand":[],"product_cat":[107,46,96],"product_tag":[],"class_list":{"0":"post-4337","1":"product","2":"type-product","3":"status-publish","4":"has-post-thumbnail","6":"product_cat-figurer","7":"product_cat-inredning","8":"product_cat-keramik","9":"desktop-align-left","10":"tablet-align-left","11":"mobile-align-left","13":"first","14":"instock","15":"taxable","16":"shipping-taxable","17":"purchasable","18":"product-type-simple"},"jetpack_sharing_enabled":true,"_links":{"self":[{"href":"https:\/\/www.glittrigating.se\/index.php\/wp-json\/wp\/v2\/product\/4337","targetHints":{"allow":["GET"]}}],"collection":[{"href":"https:\/\/www.glittrigating.se\/index.php\/wp-json\/wp\/v2\/product"}],"about":[{"href":"https:\/\/www.glittrigating.se\/index.php\/wp-json\/wp\/v2\/types\/product"}],"wp:featuredmedia":[{"embeddable":true,"href":"https:\/\/www.glittrigating.se\/index.php\/wp-json\/wp\/v2\/media\/4338"}],"wp:attachment":[{"href":"https:\/\/www.glittrigating.se\/index.php\/wp-json\/wp\/v2\/media?parent=4337"}],"wp:term":[{"taxonomy":"product_brand","embeddable":true,"href":"https:\/\/www.glittrigating.se\/index.php\/wp-json\/wp\/v2\/product_brand?post=4337"},{"taxonomy":"product_cat","embeddable":true,"href":"https:\/\/www.glittrigating.se\/index.php\/wp-json\/wp\/v2\/product_cat?post=4337"},{"taxonomy":"product_tag","embeddable":true,"href":"https:\/\/www.glittrigating.se\/index.php\/wp-json\/wp\/v2\/product_tag?post=4337"}],"curies":[{"name":"wp","href":"https:\/\/api.w.org\/{rel}","templated":true}]}}