{"id":4379,"date":"2025-07-15T10:12:34","date_gmt":"2025-07-15T10:12:34","guid":{"rendered":"https:\/\/www.glittrigating.se\/?post_type=product&#038;p=4379"},"modified":"2025-08-12T08:56:46","modified_gmt":"2025-08-12T08:56:46","slug":"naasgransgarden-tygkasse-hund-42x48x10-cm","status":"publish","type":"product","link":"https:\/\/www.glittrigating.se\/index.php\/product\/naasgransgarden-tygkasse-hund-42x48x10-cm\/","title":{"rendered":"N\u00e4\u00e4sgr\u00e4nsg\u00e5rden Tygkasse Hund 42x48x10 cm"},"content":{"rendered":"","protected":false},"excerpt":{"rendered":"<p>V\u00e5ra kollektioner \u00e4r exklusivt framtagna f\u00f6r N\u00e4\u00e4sgr\u00e4nsg\u00e5rden vilket g\u00f6r dem alla unika, f\u00f6r oss \u00e4r original design viktigt. Samtliga bruksf\u00f6rem\u00e5l och prydnadsfigurer \u00e4r handm\u00e5lade vilket ger en variation och en \u00e4kta hantverksk\u00e4nsla. Med r\u00e4tt sk\u00f6tsel kommer v\u00e5ra produkter att sk\u00e4nka gl\u00e4dje under m\u00e5nga \u00e5r, v\u00e5ra produkter st\u00e5r f\u00f6r unik design av god kvalitet.<\/p>\n<p>Praktisk och stilren tygkasse med vackert djurmotiv av\u00a0<a href=\"https:\/\/kamixa.se\/varumarken\/naasgransgarden\/naasgransgarden-camilla-stahl\/\"><strong>Camilla St\u00e5hl<\/strong>.<\/a> Finns i flera varianter hund, h\u00e4st, katt och \u00e4lg och matchas med porslin i samma design. Tillverkad i slitstark bomull, perfekt f\u00f6r shopping och vardagsbruk.<\/p>\n<p><strong>M\u00e5tt:\u00a0<\/strong>42x48x10 cm<br \/>\n<strong>Material:<\/strong>\u00a0Bomull<br \/>\n<strong>Designer:<\/strong>\u00a0Camilla St\u00e5hl<\/p>\n<p>&nbsp;<\/p>\n<p>&nbsp;<\/p>\n<p>&nbsp;<\/p>\n<p>&nbsp;<\/p>\n","protected":false},"featured_media":4380,"template":"","meta":{"site-sidebar-layout":"default","site-content-layout":"default","ast-site-content-layout":"default","site-content-style":"default","site-sidebar-style":"default","ast-global-header-display":"","ast-banner-title-visibility":"","ast-main-header-display":"","ast-hfb-above-header-display":"","ast-hfb-below-header-display":"","ast-hfb-mobile-header-display":"","site-post-title":"","ast-breadcrumbs-content":"","ast-featured-img":"","footer-sml-layout":"","theme-transparent-header-meta":"default","adv-header-id-meta":"","stick-header-meta":"","header-above-stick-meta":"","header-main-stick-meta":"","header-below-stick-meta":"","astra-migrate-meta-layouts":"default","ast-page-background-enabled":"default","ast-page-background-meta":{"desktop":{"background-color":"var(--ast-global-color-4)","background-image":"","background-repeat":"repeat","background-position":"center center","background-size":"auto","background-attachment":"scroll","background-type":"","background-media":"","overlay-type":"","overlay-color":"","overlay-opacity":"","overlay-gradient":""},"tablet":{"background-color":"","background-image":"","background-repeat":"repeat","background-position":"center center","background-size":"auto","background-attachment":"scroll","background-type":"","background-media":"","overlay-type":"","overlay-color":"","overlay-opacity":"","overlay-gradient":""},"mobile":{"background-color":"","background-image":"","background-repeat":"repeat","background-position":"center center","background-size":"auto","background-attachment":"scroll","background-type":"","background-media":"","overlay-type":"","overlay-color":"","overlay-opacity":"","overlay-gradient":""}},"ast-content-background-meta":{"desktop":{"background-color":"var(--ast-global-color-5)","background-image":"","background-repeat":"repeat","background-position":"center center","background-size":"auto","background-attachment":"scroll","background-type":"","background-media":"","overlay-type":"","overlay-color":"","overlay-opacity":"","overlay-gradient":""},"tablet":{"background-color":"var(--ast-global-color-5)","background-image":"","background-repeat":"repeat","background-position":"center center","background-size":"auto","background-attachment":"scroll","background-type":"","background-media":"","overlay-type":"","overlay-color":"","overlay-opacity":"","overlay-gradient":""},"mobile":{"background-color":"var(--ast-global-color-5)","background-image":"","background-repeat":"repeat","background-position":"center center","background-size":"auto","background-attachment":"scroll","background-type":"","background-media":"","overlay-type":"","overlay-color":"","overlay-opacity":"","overlay-gradient":""}}},"product_brand":[],"product_cat":[107,1522],"product_tag":[],"class_list":{"0":"post-4379","1":"product","2":"type-product","3":"status-publish","4":"has-post-thumbnail","6":"product_cat-figurer","7":"product_cat-textil","8":"desktop-align-left","9":"tablet-align-left","10":"mobile-align-left","12":"first","13":"instock","14":"taxable","15":"shipping-taxable","16":"purchasable","17":"product-type-simple"},"jetpack_sharing_enabled":true,"_links":{"self":[{"href":"https:\/\/www.glittrigating.se\/index.php\/wp-json\/wp\/v2\/product\/4379","targetHints":{"allow":["GET"]}}],"collection":[{"href":"https:\/\/www.glittrigating.se\/index.php\/wp-json\/wp\/v2\/product"}],"about":[{"href":"https:\/\/www.glittrigating.se\/index.php\/wp-json\/wp\/v2\/types\/product"}],"wp:featuredmedia":[{"embeddable":true,"href":"https:\/\/www.glittrigating.se\/index.php\/wp-json\/wp\/v2\/media\/4380"}],"wp:attachment":[{"href":"https:\/\/www.glittrigating.se\/index.php\/wp-json\/wp\/v2\/media?parent=4379"}],"wp:term":[{"taxonomy":"product_brand","embeddable":true,"href":"https:\/\/www.glittrigating.se\/index.php\/wp-json\/wp\/v2\/product_brand?post=4379"},{"taxonomy":"product_cat","embeddable":true,"href":"https:\/\/www.glittrigating.se\/index.php\/wp-json\/wp\/v2\/product_cat?post=4379"},{"taxonomy":"product_tag","embeddable":true,"href":"https:\/\/www.glittrigating.se\/index.php\/wp-json\/wp\/v2\/product_tag?post=4379"}],"curies":[{"name":"wp","href":"https:\/\/api.w.org\/{rel}","templated":true}]}}