{"id":4394,"date":"2025-07-16T08:58:17","date_gmt":"2025-07-16T08:58:17","guid":{"rendered":"https:\/\/www.glittrigating.se\/?post_type=product&#038;p=4394"},"modified":"2025-11-12T14:07:34","modified_gmt":"2025-11-12T14:07:34","slug":"naasgransgarden-viola-bla-h-19cm","status":"publish","type":"product","link":"https:\/\/www.glittrigating.se\/index.php\/product\/naasgransgarden-viola-bla-h-19cm\/","title":{"rendered":"N\u00e4\u00e4sgr\u00e4nsg\u00e5rden Viola, bl\u00e5 H.19cm"},"content":{"rendered":"","protected":false},"excerpt":{"rendered":"<p>V\u00e5ra kollektioner \u00e4r exklusivt framtagna f\u00f6r N\u00e4\u00e4sgr\u00e4nsg\u00e5rden vilket g\u00f6r dem alla unika, f\u00f6r oss \u00e4r original design viktigt. Samtliga bruksf\u00f6rem\u00e5l och prydnadsfigurer \u00e4r handm\u00e5lade vilket ger en variation och en \u00e4kta hantverksk\u00e4nsla. Med r\u00e4tt sk\u00f6tsel kommer v\u00e5ra produkter att sk\u00e4nka gl\u00e4dje under m\u00e5nga \u00e5r, v\u00e5ra produkter st\u00e5r f\u00f6r unik design av god kvalitet.<\/p>\n<p>L\u00e5t oss presentera Viola, en glass i solen \u00e4r det b\u00e4sta hon vet!<\/p>\n<p>Ett s\u00e4llskap med glada damer \u00e4r p\u00e5 v\u00e4g till stranden, det pratas och skrattas h\u00f6gt. Solen st\u00e5r h\u00f6gt p\u00e5 himlen och ljudet fr\u00e5n havets v\u00e5gor kommer n\u00e4rmare. Solglas\u00f6gon, solhattar, glass och l\u00e5nga bad med b\u00e4sta v\u00e4nnerna \u00e4r det b\u00e4sta livet kan erbjuda. Alla baddamer \u00e4r handm\u00e5lade, med glassiga pastellf\u00e4rger och med en blank yta passar de in hos de flesta.<\/p>\n<p>Design: Camilla St\u00e5hl<\/p>\n<p>&nbsp;<\/p>\n<p>&nbsp;<\/p>\n<p>&nbsp;<\/p>\n<p>&nbsp;<\/p>\n<p>&nbsp;<\/p>\n","protected":false},"featured_media":4942,"template":"","meta":{"site-sidebar-layout":"default","site-content-layout":"default","ast-site-content-layout":"default","site-content-style":"default","site-sidebar-style":"default","ast-global-header-display":"","ast-banner-title-visibility":"","ast-main-header-display":"","ast-hfb-above-header-display":"","ast-hfb-below-header-display":"","ast-hfb-mobile-header-display":"","site-post-title":"","ast-breadcrumbs-content":"","ast-featured-img":"","footer-sml-layout":"","theme-transparent-header-meta":"default","adv-header-id-meta":"","stick-header-meta":"","header-above-stick-meta":"","header-main-stick-meta":"","header-below-stick-meta":"","astra-migrate-meta-layouts":"set","ast-page-background-enabled":"default","ast-page-background-meta":{"desktop":{"background-color":"var(--ast-global-color-4)","background-image":"","background-repeat":"repeat","background-position":"center center","background-size":"auto","background-attachment":"scroll","background-type":"","background-media":"","overlay-type":"","overlay-color":"","overlay-opacity":"","overlay-gradient":""},"tablet":{"background-color":"","background-image":"","background-repeat":"repeat","background-position":"center center","background-size":"auto","background-attachment":"scroll","background-type":"","background-media":"","overlay-type":"","overlay-color":"","overlay-opacity":"","overlay-gradient":""},"mobile":{"background-color":"","background-image":"","background-repeat":"repeat","background-position":"center center","background-size":"auto","background-attachment":"scroll","background-type":"","background-media":"","overlay-type":"","overlay-color":"","overlay-opacity":"","overlay-gradient":""}},"ast-content-background-meta":{"desktop":{"background-color":"var(--ast-global-color-5)","background-image":"","background-repeat":"repeat","background-position":"center center","background-size":"auto","background-attachment":"scroll","background-type":"","background-media":"","overlay-type":"","overlay-color":"","overlay-opacity":"","overlay-gradient":""},"tablet":{"background-color":"var(--ast-global-color-5)","background-image":"","background-repeat":"repeat","background-position":"center center","background-size":"auto","background-attachment":"scroll","background-type":"","background-media":"","overlay-type":"","overlay-color":"","overlay-opacity":"","overlay-gradient":""},"mobile":{"background-color":"var(--ast-global-color-5)","background-image":"","background-repeat":"repeat","background-position":"center center","background-size":"auto","background-attachment":"scroll","background-type":"","background-media":"","overlay-type":"","overlay-color":"","overlay-opacity":"","overlay-gradient":""}}},"product_brand":[],"product_cat":[107,46],"product_tag":[],"class_list":{"0":"post-4394","1":"product","2":"type-product","3":"status-publish","4":"has-post-thumbnail","6":"product_cat-figurer","7":"product_cat-inredning","8":"desktop-align-left","9":"tablet-align-left","10":"mobile-align-left","12":"first","13":"instock","14":"taxable","15":"shipping-taxable","16":"purchasable","17":"product-type-simple"},"jetpack_sharing_enabled":true,"_links":{"self":[{"href":"https:\/\/www.glittrigating.se\/index.php\/wp-json\/wp\/v2\/product\/4394","targetHints":{"allow":["GET"]}}],"collection":[{"href":"https:\/\/www.glittrigating.se\/index.php\/wp-json\/wp\/v2\/product"}],"about":[{"href":"https:\/\/www.glittrigating.se\/index.php\/wp-json\/wp\/v2\/types\/product"}],"wp:featuredmedia":[{"embeddable":true,"href":"https:\/\/www.glittrigating.se\/index.php\/wp-json\/wp\/v2\/media\/4942"}],"wp:attachment":[{"href":"https:\/\/www.glittrigating.se\/index.php\/wp-json\/wp\/v2\/media?parent=4394"}],"wp:term":[{"taxonomy":"product_brand","embeddable":true,"href":"https:\/\/www.glittrigating.se\/index.php\/wp-json\/wp\/v2\/product_brand?post=4394"},{"taxonomy":"product_cat","embeddable":true,"href":"https:\/\/www.glittrigating.se\/index.php\/wp-json\/wp\/v2\/product_cat?post=4394"},{"taxonomy":"product_tag","embeddable":true,"href":"https:\/\/www.glittrigating.se\/index.php\/wp-json\/wp\/v2\/product_tag?post=4394"}],"curies":[{"name":"wp","href":"https:\/\/api.w.org\/{rel}","templated":true}]}}