{"id":4447,"date":"2025-08-19T09:46:26","date_gmt":"2025-08-19T09:46:26","guid":{"rendered":"https:\/\/www.glittrigating.se\/?post_type=product&#038;p=4447"},"modified":"2025-11-12T13:39:15","modified_gmt":"2025-11-12T13:39:15","slug":"kosta-boda-pagod-vas-rod","status":"publish","type":"product","link":"https:\/\/www.glittrigating.se\/index.php\/product\/kosta-boda-pagod-vas-rod\/","title":{"rendered":"Kosta Boda Pagod Vas R\u00f6d"},"content":{"rendered":"","protected":false},"excerpt":{"rendered":"<p>Pagod vas 25,5 cm fr\u00e5n Kosta Boda \u00e4r en vas tillverkad i lagerf\u00e4rgat glas, t\u00e4ckt med ett skyddande h\u00f6lje klarglas och formgiven av Anne Nilsson. Ur f\u00f6reningen mellan fantastisk design och funktionalitet reser sig Kosta Bodas Pagod, en kollektion av eleganta vaser som f\u00f6r tankarna till 60-talet. Med en design gjord f\u00f6r att ge snittblommor ett vackert uttryck har de munbl\u00e5sta vaserna en tydlig funktion och tar buketten till nya h\u00f6jder.<\/p>\n<ul class=\"k de e5 e6 e7 aq ar ab e8 e9 ea\">\n<li class=\"nl br d0 nm am eh nn no np i\"><span class=\"jx\">Diameter (cm)<\/span><span class=\"k2 nq\">13,5<\/span><\/li>\n<li class=\"nl br d0 nm am eh nn no np i\"><span class=\"jx\">H\u00f6jd (cm)<\/span><span class=\"k2 nq\">25,5<\/span><\/li>\n<li class=\"nl br d0 nm am eh nn no np i\"><span class=\"k2 nq\"><span class=\"jx\">Designer <\/span><a class=\"af ag a9 ah ai a\" href=\"https:\/\/www.nordicnest.se\/sok\/?designers=Anne+Nilsson&amp;onlyproducts=true\" data-spa-link=\"true\">Anne Nilsson<\/a><\/span><\/li>\n<\/ul>\n","protected":false},"featured_media":4927,"template":"","meta":{"site-sidebar-layout":"default","site-content-layout":"default","ast-site-content-layout":"default","site-content-style":"default","site-sidebar-style":"default","ast-global-header-display":"","ast-banner-title-visibility":"","ast-main-header-display":"","ast-hfb-above-header-display":"","ast-hfb-below-header-display":"","ast-hfb-mobile-header-display":"","site-post-title":"","ast-breadcrumbs-content":"","ast-featured-img":"","footer-sml-layout":"","theme-transparent-header-meta":"default","adv-header-id-meta":"","stick-header-meta":"","header-above-stick-meta":"","header-main-stick-meta":"","header-below-stick-meta":"","astra-migrate-meta-layouts":"set","ast-page-background-enabled":"default","ast-page-background-meta":{"desktop":{"background-color":"var(--ast-global-color-4)","background-image":"","background-repeat":"repeat","background-position":"center center","background-size":"auto","background-attachment":"scroll","background-type":"","background-media":"","overlay-type":"","overlay-color":"","overlay-opacity":"","overlay-gradient":""},"tablet":{"background-color":"","background-image":"","background-repeat":"repeat","background-position":"center center","background-size":"auto","background-attachment":"scroll","background-type":"","background-media":"","overlay-type":"","overlay-color":"","overlay-opacity":"","overlay-gradient":""},"mobile":{"background-color":"","background-image":"","background-repeat":"repeat","background-position":"center center","background-size":"auto","background-attachment":"scroll","background-type":"","background-media":"","overlay-type":"","overlay-color":"","overlay-opacity":"","overlay-gradient":""}},"ast-content-background-meta":{"desktop":{"background-color":"var(--ast-global-color-5)","background-image":"","background-repeat":"repeat","background-position":"center center","background-size":"auto","background-attachment":"scroll","background-type":"","background-media":"","overlay-type":"","overlay-color":"","overlay-opacity":"","overlay-gradient":""},"tablet":{"background-color":"var(--ast-global-color-5)","background-image":"","background-repeat":"repeat","background-position":"center center","background-size":"auto","background-attachment":"scroll","background-type":"","background-media":"","overlay-type":"","overlay-color":"","overlay-opacity":"","overlay-gradient":""},"mobile":{"background-color":"var(--ast-global-color-5)","background-image":"","background-repeat":"repeat","background-position":"center center","background-size":"auto","background-attachment":"scroll","background-type":"","background-media":"","overlay-type":"","overlay-color":"","overlay-opacity":"","overlay-gradient":""}}},"product_brand":[],"product_cat":[101,1524,46,66],"product_tag":[],"class_list":{"0":"post-4447","1":"product","2":"type-product","3":"status-publish","4":"has-post-thumbnail","6":"product_cat-designglas","7":"product_cat-glasokristall","8":"product_cat-inredning","9":"product_cat-kosta-boda","10":"desktop-align-left","11":"tablet-align-left","12":"mobile-align-left","14":"first","15":"instock","16":"taxable","17":"shipping-taxable","18":"purchasable","19":"product-type-simple"},"jetpack_sharing_enabled":true,"_links":{"self":[{"href":"https:\/\/www.glittrigating.se\/index.php\/wp-json\/wp\/v2\/product\/4447","targetHints":{"allow":["GET"]}}],"collection":[{"href":"https:\/\/www.glittrigating.se\/index.php\/wp-json\/wp\/v2\/product"}],"about":[{"href":"https:\/\/www.glittrigating.se\/index.php\/wp-json\/wp\/v2\/types\/product"}],"wp:featuredmedia":[{"embeddable":true,"href":"https:\/\/www.glittrigating.se\/index.php\/wp-json\/wp\/v2\/media\/4927"}],"wp:attachment":[{"href":"https:\/\/www.glittrigating.se\/index.php\/wp-json\/wp\/v2\/media?parent=4447"}],"wp:term":[{"taxonomy":"product_brand","embeddable":true,"href":"https:\/\/www.glittrigating.se\/index.php\/wp-json\/wp\/v2\/product_brand?post=4447"},{"taxonomy":"product_cat","embeddable":true,"href":"https:\/\/www.glittrigating.se\/index.php\/wp-json\/wp\/v2\/product_cat?post=4447"},{"taxonomy":"product_tag","embeddable":true,"href":"https:\/\/www.glittrigating.se\/index.php\/wp-json\/wp\/v2\/product_tag?post=4447"}],"curies":[{"name":"wp","href":"https:\/\/api.w.org\/{rel}","templated":true}]}}