{"id":4471,"date":"2025-08-20T09:53:16","date_gmt":"2025-08-20T09:53:16","guid":{"rendered":"https:\/\/www.glittrigating.se\/?post_type=product&#038;p=4471"},"modified":"2025-11-12T13:15:13","modified_gmt":"2025-11-12T13:15:13","slug":"thg-ljuslykta-stigbygel-massing-liten","status":"publish","type":"product","link":"https:\/\/www.glittrigating.se\/index.php\/product\/thg-ljuslykta-stigbygel-massing-liten\/","title":{"rendered":"THG Ljuslykta Stigbygel m\u00e4ssing liten"},"content":{"rendered":"","protected":false},"excerpt":{"rendered":"<p>V\u00e4lkommen till THG &#8211; din p\u00e5litliga inrednings partner. Vi \u00e4r ett G\u00f6teborgsbaserat f\u00f6retag som specialiserar oss p\u00e5 att leverera h\u00f6gkvalitativa produkter f\u00f6r hem och tr\u00e4dg\u00e5rd. V\u00e5ra unika och handgjorda inredningsartiklar \u00e4r noggrant tillverkade i Indien, med en kombination av traditionellt hantverk och modern design. Uppt\u00e4ck en v\u00e4rld av stil och kvalitet med THG.<\/p>\n<div class=\"product__description rte quick-add-hidden\">\n<p>Ljuslykta\/vas med stigbygel och med lykta i glas.<\/p>\n<p>Storlek: H18 cm, B12 cm<\/p>\n<p>Material: Aluminium\/glas<\/p>\n<p>F\u00e4rg: m\u00e4ssing<\/p>\n<p>&nbsp;<\/p>\n<\/div>\n","protected":false},"featured_media":4917,"template":"","meta":{"site-sidebar-layout":"default","site-content-layout":"default","ast-site-content-layout":"default","site-content-style":"default","site-sidebar-style":"default","ast-global-header-display":"","ast-banner-title-visibility":"","ast-main-header-display":"","ast-hfb-above-header-display":"","ast-hfb-below-header-display":"","ast-hfb-mobile-header-display":"","site-post-title":"","ast-breadcrumbs-content":"","ast-featured-img":"","footer-sml-layout":"","theme-transparent-header-meta":"default","adv-header-id-meta":"","stick-header-meta":"","header-above-stick-meta":"","header-main-stick-meta":"","header-below-stick-meta":"","astra-migrate-meta-layouts":"set","ast-page-background-enabled":"default","ast-page-background-meta":{"desktop":{"background-color":"var(--ast-global-color-4)","background-image":"","background-repeat":"repeat","background-position":"center center","background-size":"auto","background-attachment":"scroll","background-type":"","background-media":"","overlay-type":"","overlay-color":"","overlay-opacity":"","overlay-gradient":""},"tablet":{"background-color":"","background-image":"","background-repeat":"repeat","background-position":"center center","background-size":"auto","background-attachment":"scroll","background-type":"","background-media":"","overlay-type":"","overlay-color":"","overlay-opacity":"","overlay-gradient":""},"mobile":{"background-color":"","background-image":"","background-repeat":"repeat","background-position":"center center","background-size":"auto","background-attachment":"scroll","background-type":"","background-media":"","overlay-type":"","overlay-color":"","overlay-opacity":"","overlay-gradient":""}},"ast-content-background-meta":{"desktop":{"background-color":"var(--ast-global-color-5)","background-image":"","background-repeat":"repeat","background-position":"center center","background-size":"auto","background-attachment":"scroll","background-type":"","background-media":"","overlay-type":"","overlay-color":"","overlay-opacity":"","overlay-gradient":""},"tablet":{"background-color":"var(--ast-global-color-5)","background-image":"","background-repeat":"repeat","background-position":"center center","background-size":"auto","background-attachment":"scroll","background-type":"","background-media":"","overlay-type":"","overlay-color":"","overlay-opacity":"","overlay-gradient":""},"mobile":{"background-color":"var(--ast-global-color-5)","background-image":"","background-repeat":"repeat","background-position":"center center","background-size":"auto","background-attachment":"scroll","background-type":"","background-media":"","overlay-type":"","overlay-color":"","overlay-opacity":"","overlay-gradient":""}}},"product_brand":[],"product_cat":[114,46,92,56,106],"product_tag":[],"class_list":{"0":"post-4471","1":"product","2":"type-product","3":"status-publish","4":"has-post-thumbnail","6":"product_cat-gott-blandat","7":"product_cat-inredning","8":"product_cat-ljuslyktor-ljusstakar","9":"product_cat-ovrigt","10":"product_cat-thg","11":"desktop-align-left","12":"tablet-align-left","13":"mobile-align-left","15":"first","16":"instock","17":"taxable","18":"shipping-taxable","19":"purchasable","20":"product-type-simple"},"jetpack_sharing_enabled":true,"_links":{"self":[{"href":"https:\/\/www.glittrigating.se\/index.php\/wp-json\/wp\/v2\/product\/4471","targetHints":{"allow":["GET"]}}],"collection":[{"href":"https:\/\/www.glittrigating.se\/index.php\/wp-json\/wp\/v2\/product"}],"about":[{"href":"https:\/\/www.glittrigating.se\/index.php\/wp-json\/wp\/v2\/types\/product"}],"wp:featuredmedia":[{"embeddable":true,"href":"https:\/\/www.glittrigating.se\/index.php\/wp-json\/wp\/v2\/media\/4917"}],"wp:attachment":[{"href":"https:\/\/www.glittrigating.se\/index.php\/wp-json\/wp\/v2\/media?parent=4471"}],"wp:term":[{"taxonomy":"product_brand","embeddable":true,"href":"https:\/\/www.glittrigating.se\/index.php\/wp-json\/wp\/v2\/product_brand?post=4471"},{"taxonomy":"product_cat","embeddable":true,"href":"https:\/\/www.glittrigating.se\/index.php\/wp-json\/wp\/v2\/product_cat?post=4471"},{"taxonomy":"product_tag","embeddable":true,"href":"https:\/\/www.glittrigating.se\/index.php\/wp-json\/wp\/v2\/product_tag?post=4471"}],"curies":[{"name":"wp","href":"https:\/\/api.w.org\/{rel}","templated":true}]}}