{"id":4487,"date":"2025-08-25T10:32:56","date_gmt":"2025-08-25T10:32:56","guid":{"rendered":"https:\/\/www.glittrigating.se\/?post_type=product&#038;p=4487"},"modified":"2025-11-11T14:40:10","modified_gmt":"2025-11-11T14:40:10","slug":"naasgransgarden-midsommarstang","status":"publish","type":"product","link":"https:\/\/www.glittrigating.se\/index.php\/product\/naasgransgarden-midsommarstang\/","title":{"rendered":"N\u00e4\u00e4sgr\u00e4nsg\u00e5rden Midsommarst\u00e5ng"},"content":{"rendered":"","protected":false},"excerpt":{"rendered":"<p>V\u00e5ra kollektioner \u00e4r exklusivt framtagna f\u00f6r N\u00e4\u00e4sgr\u00e4nsg\u00e5rden vilket g\u00f6r dem alla unika, f\u00f6r oss \u00e4r original design viktigt. Samtliga bruksf\u00f6rem\u00e5l och prydnadsfigurer \u00e4r handm\u00e5lade vilket ger en variation och en \u00e4kta hantverksk\u00e4nsla. Med r\u00e4tt sk\u00f6tsel kommer v\u00e5ra produkter att sk\u00e4nka gl\u00e4dje under m\u00e5nga \u00e5r, v\u00e5ra produkter st\u00e5r f\u00f6r unik design av god kvalitet.<\/p>\n<p>Denna midsommarst\u00e5ng \u00e4r perfekt att s\u00e4tta framtill midsommar.<br \/>\nPlacera g\u00e4rna st\u00e5ngen p\u00e5 rumsbordet, f\u00f6nsterbr\u00e4den eller matsalsbordet. Passar utm\u00e4rkt att dekorera med.<br \/>\nDenna dekoration \u00e4r skapad av formgivare Camilla St\u00e5hl<\/p>\n<p>Storlek: 26,5 cm<br \/>\nMaterial: polyresin<\/p>\n","protected":false},"featured_media":4912,"template":"","meta":{"site-sidebar-layout":"default","site-content-layout":"default","ast-site-content-layout":"default","site-content-style":"default","site-sidebar-style":"default","ast-global-header-display":"","ast-banner-title-visibility":"","ast-main-header-display":"","ast-hfb-above-header-display":"","ast-hfb-below-header-display":"","ast-hfb-mobile-header-display":"","site-post-title":"","ast-breadcrumbs-content":"","ast-featured-img":"","footer-sml-layout":"","theme-transparent-header-meta":"default","adv-header-id-meta":"","stick-header-meta":"","header-above-stick-meta":"","header-main-stick-meta":"","header-below-stick-meta":"","astra-migrate-meta-layouts":"set","ast-page-background-enabled":"default","ast-page-background-meta":{"desktop":{"background-color":"var(--ast-global-color-4)","background-image":"","background-repeat":"repeat","background-position":"center center","background-size":"auto","background-attachment":"scroll","background-type":"","background-media":"","overlay-type":"","overlay-color":"","overlay-opacity":"","overlay-gradient":""},"tablet":{"background-color":"","background-image":"","background-repeat":"repeat","background-position":"center center","background-size":"auto","background-attachment":"scroll","background-type":"","background-media":"","overlay-type":"","overlay-color":"","overlay-opacity":"","overlay-gradient":""},"mobile":{"background-color":"","background-image":"","background-repeat":"repeat","background-position":"center center","background-size":"auto","background-attachment":"scroll","background-type":"","background-media":"","overlay-type":"","overlay-color":"","overlay-opacity":"","overlay-gradient":""}},"ast-content-background-meta":{"desktop":{"background-color":"var(--ast-global-color-5)","background-image":"","background-repeat":"repeat","background-position":"center center","background-size":"auto","background-attachment":"scroll","background-type":"","background-media":"","overlay-type":"","overlay-color":"","overlay-opacity":"","overlay-gradient":""},"tablet":{"background-color":"var(--ast-global-color-5)","background-image":"","background-repeat":"repeat","background-position":"center center","background-size":"auto","background-attachment":"scroll","background-type":"","background-media":"","overlay-type":"","overlay-color":"","overlay-opacity":"","overlay-gradient":""},"mobile":{"background-color":"var(--ast-global-color-5)","background-image":"","background-repeat":"repeat","background-position":"center center","background-size":"auto","background-attachment":"scroll","background-type":"","background-media":"","overlay-type":"","overlay-color":"","overlay-opacity":"","overlay-gradient":""}}},"product_brand":[],"product_cat":[107,46,96,74],"product_tag":[],"class_list":{"0":"post-4487","1":"product","2":"type-product","3":"status-publish","4":"has-post-thumbnail","6":"product_cat-figurer","7":"product_cat-inredning","8":"product_cat-keramik","9":"product_cat-muggar","10":"desktop-align-left","11":"tablet-align-left","12":"mobile-align-left","14":"first","15":"instock","16":"taxable","17":"shipping-taxable","18":"purchasable","19":"product-type-simple"},"jetpack_sharing_enabled":true,"_links":{"self":[{"href":"https:\/\/www.glittrigating.se\/index.php\/wp-json\/wp\/v2\/product\/4487","targetHints":{"allow":["GET"]}}],"collection":[{"href":"https:\/\/www.glittrigating.se\/index.php\/wp-json\/wp\/v2\/product"}],"about":[{"href":"https:\/\/www.glittrigating.se\/index.php\/wp-json\/wp\/v2\/types\/product"}],"wp:featuredmedia":[{"embeddable":true,"href":"https:\/\/www.glittrigating.se\/index.php\/wp-json\/wp\/v2\/media\/4912"}],"wp:attachment":[{"href":"https:\/\/www.glittrigating.se\/index.php\/wp-json\/wp\/v2\/media?parent=4487"}],"wp:term":[{"taxonomy":"product_brand","embeddable":true,"href":"https:\/\/www.glittrigating.se\/index.php\/wp-json\/wp\/v2\/product_brand?post=4487"},{"taxonomy":"product_cat","embeddable":true,"href":"https:\/\/www.glittrigating.se\/index.php\/wp-json\/wp\/v2\/product_cat?post=4487"},{"taxonomy":"product_tag","embeddable":true,"href":"https:\/\/www.glittrigating.se\/index.php\/wp-json\/wp\/v2\/product_tag?post=4487"}],"curies":[{"name":"wp","href":"https:\/\/api.w.org\/{rel}","templated":true}]}}