{"id":4514,"date":"2025-08-27T11:59:10","date_gmt":"2025-08-27T11:59:10","guid":{"rendered":"https:\/\/www.glittrigating.se\/?post_type=product&#038;p=4514"},"modified":"2026-04-20T12:43:59","modified_gmt":"2026-04-20T12:43:59","slug":"kosta-linnewafveri-baddset-liverpool-gra","status":"publish","type":"product","link":"https:\/\/www.glittrigating.se\/index.php\/product\/kosta-linnewafveri-baddset-liverpool-gra\/","title":{"rendered":"Kosta Linnew\u00e4fveri B\u00e4ddset Liverpool"},"content":{"rendered":"","protected":false},"excerpt":{"rendered":"<h5>Kosta Linnew\u00e4fveri<\/h5>\n<p>B\u00e4ddset Liverpool Satin \u00e4r ett vackert och lyxigt b\u00e4ddset av en exklusiv satinkvalitet. Liverpool \u00e4r enf\u00e4rgat med smala, lodr\u00e4ta r\u00e4nder som ger ett fint lyster och en dekorativ kontrast. \u00d6rngottet har en extra touch av vingar runt om kanterna som ramar in kudden p\u00e5 ett snyggt s\u00e4tt. B\u00e4ddsetet blir ett underbart val till den som vill lyxa till vardagen och l\u00e4gga till ett nytt b\u00e4ddset i samlingen!<\/p>\n<p><strong>P\u00e5slakan<br \/>\n<\/strong>150&#215;210 cm<\/p>\n<p><strong>\u00d6rngott<\/strong><br \/>\n50&#215;60 cm<\/p>\n<p><strong>Material<\/strong><br \/>\n100 % Bomull<br \/>\nOEKO-TEX<\/p>\n<p><strong>Tv\u00e4ttr\u00e5d<br \/>\n<\/strong>Maskintv\u00e4tt 60\u00b0.<br \/>\nEj blekmedel.<br \/>\nTorktumla p\u00e5 normal temperatur.<br \/>\nStrykning till\u00e5ten h\u00f6gsta temperatur 150\u00b0.<br \/>\nTv\u00e4ttas separat de f\u00f6rsta g\u00e5ngerna.<\/p>\n<p><strong>Finns i 3 olika f\u00e4rger:<\/strong><br \/>\nGr\u00e5<br \/>\nMarin<br \/>\nVit<\/p>\n","protected":false},"featured_media":4887,"template":"","meta":{"site-sidebar-layout":"default","site-content-layout":"default","ast-site-content-layout":"default","site-content-style":"default","site-sidebar-style":"default","ast-global-header-display":"","ast-banner-title-visibility":"","ast-main-header-display":"","ast-hfb-above-header-display":"","ast-hfb-below-header-display":"","ast-hfb-mobile-header-display":"","site-post-title":"","ast-breadcrumbs-content":"","ast-featured-img":"","footer-sml-layout":"","theme-transparent-header-meta":"default","adv-header-id-meta":"","stick-header-meta":"","header-above-stick-meta":"","header-main-stick-meta":"","header-below-stick-meta":"","astra-migrate-meta-layouts":"set","ast-page-background-enabled":"default","ast-page-background-meta":{"desktop":{"background-color":"var(--ast-global-color-4)","background-image":"","background-repeat":"repeat","background-position":"center center","background-size":"auto","background-attachment":"scroll","background-type":"","background-media":"","overlay-type":"","overlay-color":"","overlay-opacity":"","overlay-gradient":""},"tablet":{"background-color":"","background-image":"","background-repeat":"repeat","background-position":"center center","background-size":"auto","background-attachment":"scroll","background-type":"","background-media":"","overlay-type":"","overlay-color":"","overlay-opacity":"","overlay-gradient":""},"mobile":{"background-color":"","background-image":"","background-repeat":"repeat","background-position":"center center","background-size":"auto","background-attachment":"scroll","background-type":"","background-media":"","overlay-type":"","overlay-color":"","overlay-opacity":"","overlay-gradient":""}},"ast-content-background-meta":{"desktop":{"background-color":"var(--ast-global-color-5)","background-image":"","background-repeat":"repeat","background-position":"center center","background-size":"auto","background-attachment":"scroll","background-type":"","background-media":"","overlay-type":"","overlay-color":"","overlay-opacity":"","overlay-gradient":""},"tablet":{"background-color":"var(--ast-global-color-5)","background-image":"","background-repeat":"repeat","background-position":"center center","background-size":"auto","background-attachment":"scroll","background-type":"","background-media":"","overlay-type":"","overlay-color":"","overlay-opacity":"","overlay-gradient":""},"mobile":{"background-color":"var(--ast-global-color-5)","background-image":"","background-repeat":"repeat","background-position":"center center","background-size":"auto","background-attachment":"scroll","background-type":"","background-media":"","overlay-type":"","overlay-color":"","overlay-opacity":"","overlay-gradient":""}}},"product_brand":[],"product_cat":[70,113],"product_tag":[399,486,487,488,489,485],"class_list":{"0":"post-4514","1":"product","2":"type-product","3":"status-publish","4":"has-post-thumbnail","6":"product_cat-baeddset","7":"product_cat-kosta-linnewaefveri","8":"product_tag-1-pack","9":"product_tag-bomull","10":"product_tag-kosta-linnewafveri","11":"product_tag-orngott","12":"product_tag-paslakan","13":"product_tag-satin","14":"desktop-align-left","15":"tablet-align-left","16":"mobile-align-left","18":"first","19":"outofstock","20":"taxable","21":"shipping-taxable","22":"purchasable","23":"product-type-variable"},"jetpack_sharing_enabled":true,"_links":{"self":[{"href":"https:\/\/www.glittrigating.se\/index.php\/wp-json\/wp\/v2\/product\/4514","targetHints":{"allow":["GET"]}}],"collection":[{"href":"https:\/\/www.glittrigating.se\/index.php\/wp-json\/wp\/v2\/product"}],"about":[{"href":"https:\/\/www.glittrigating.se\/index.php\/wp-json\/wp\/v2\/types\/product"}],"wp:featuredmedia":[{"embeddable":true,"href":"https:\/\/www.glittrigating.se\/index.php\/wp-json\/wp\/v2\/media\/4887"}],"wp:attachment":[{"href":"https:\/\/www.glittrigating.se\/index.php\/wp-json\/wp\/v2\/media?parent=4514"}],"wp:term":[{"taxonomy":"product_brand","embeddable":true,"href":"https:\/\/www.glittrigating.se\/index.php\/wp-json\/wp\/v2\/product_brand?post=4514"},{"taxonomy":"product_cat","embeddable":true,"href":"https:\/\/www.glittrigating.se\/index.php\/wp-json\/wp\/v2\/product_cat?post=4514"},{"taxonomy":"product_tag","embeddable":true,"href":"https:\/\/www.glittrigating.se\/index.php\/wp-json\/wp\/v2\/product_tag?post=4514"}],"curies":[{"name":"wp","href":"https:\/\/api.w.org\/{rel}","templated":true}]}}