{"id":4632,"date":"2025-09-16T12:54:25","date_gmt":"2025-09-16T12:54:25","guid":{"rendered":"https:\/\/www.glittrigating.se\/?post_type=product&#038;p=4632"},"modified":"2025-11-06T13:57:05","modified_gmt":"2025-11-06T13:57:05","slug":"naasgransgarden-egon-och-asta-10cm","status":"publish","type":"product","link":"https:\/\/www.glittrigating.se\/index.php\/product\/naasgransgarden-egon-och-asta-10cm\/","title":{"rendered":"N\u00e4\u00e4sgr\u00e4nsg\u00e5rden Egon och Asta 10cm"},"content":{"rendered":"","protected":false},"excerpt":{"rendered":"<p>V\u00e5ra kollektioner \u00e4r exklusivt framtagna f\u00f6r N\u00e4\u00e4sgr\u00e4nsg\u00e5rden vilket g\u00f6r dem alla unika, f\u00f6r oss \u00e4r original design viktigt. Samtliga bruksf\u00f6rem\u00e5l och prydnadsfigurer \u00e4r handm\u00e5lade vilket ger en variation och en \u00e4kta hantverksk\u00e4nsla. Med r\u00e4tt sk\u00f6tsel kommer v\u00e5ra produkter att sk\u00e4nka gl\u00e4dje under m\u00e5nga \u00e5r, v\u00e5ra produkter st\u00e5r f\u00f6r unik design av god kvalitet.<\/p>\n<div class=\"container_wrap container_wrap_first main_color sidebar_right template-shop shop_columns_3\">\n<div class=\"container\">\n<div id=\"product-3751\" class=\"product type-product post-3751 status-publish first instock product_cat-present-interior product_cat-naasgransgarden product_cat-porslin has-post-thumbnail sale taxable shipping-taxable purchasable product-type-simple\">\n<div class=\"woocommerce-tabs wc-tabs-wrapper\"><\/div>\n<\/div>\n<\/div>\n<\/div>\n<div id=\"av_section_1\" class=\"avia-section alternate_color avia-section-small container_wrap fullsize\">\n<div class=\"container\">\n<div class=\"template-page content twelve alpha units\">\n<div class=\"product_column product_column_4\">\n<p>P\u00e5 h\u00f6sten sk\u00f6rdar Egon och Asta gr\u00f6nsaker och pumpor f\u00f6r glatta livet. I slutet av september har de sk\u00f6rdefest med tradition att \u00e4ta pumpasoppa med rostade pumpak\u00e4rnor \u2013 det godaste som de vet! Egon och Asta formgavs 1993 av Camilla St\u00e5hl. Genom\u00a0 Alla v\u00e4ttar \u00e4r h\u00f6gblanka och handm\u00e5lade, i jordn\u00e4ra och mustiga f\u00e4rger.<\/p>\n<p>H: 10cm<\/p>\n<\/div>\n<\/div>\n<\/div>\n<\/div>\n","protected":false},"featured_media":4788,"template":"","meta":{"site-sidebar-layout":"default","site-content-layout":"default","ast-site-content-layout":"default","site-content-style":"default","site-sidebar-style":"default","ast-global-header-display":"","ast-banner-title-visibility":"","ast-main-header-display":"","ast-hfb-above-header-display":"","ast-hfb-below-header-display":"","ast-hfb-mobile-header-display":"","site-post-title":"","ast-breadcrumbs-content":"","ast-featured-img":"","footer-sml-layout":"","theme-transparent-header-meta":"default","adv-header-id-meta":"","stick-header-meta":"","header-above-stick-meta":"","header-main-stick-meta":"","header-below-stick-meta":"","astra-migrate-meta-layouts":"set","ast-page-background-enabled":"default","ast-page-background-meta":{"desktop":{"background-color":"var(--ast-global-color-4)","background-image":"","background-repeat":"repeat","background-position":"center center","background-size":"auto","background-attachment":"scroll","background-type":"","background-media":"","overlay-type":"","overlay-color":"","overlay-opacity":"","overlay-gradient":""},"tablet":{"background-color":"","background-image":"","background-repeat":"repeat","background-position":"center center","background-size":"auto","background-attachment":"scroll","background-type":"","background-media":"","overlay-type":"","overlay-color":"","overlay-opacity":"","overlay-gradient":""},"mobile":{"background-color":"","background-image":"","background-repeat":"repeat","background-position":"center center","background-size":"auto","background-attachment":"scroll","background-type":"","background-media":"","overlay-type":"","overlay-color":"","overlay-opacity":"","overlay-gradient":""}},"ast-content-background-meta":{"desktop":{"background-color":"var(--ast-global-color-5)","background-image":"","background-repeat":"repeat","background-position":"center center","background-size":"auto","background-attachment":"scroll","background-type":"","background-media":"","overlay-type":"","overlay-color":"","overlay-opacity":"","overlay-gradient":""},"tablet":{"background-color":"var(--ast-global-color-5)","background-image":"","background-repeat":"repeat","background-position":"center center","background-size":"auto","background-attachment":"scroll","background-type":"","background-media":"","overlay-type":"","overlay-color":"","overlay-opacity":"","overlay-gradient":""},"mobile":{"background-color":"var(--ast-global-color-5)","background-image":"","background-repeat":"repeat","background-position":"center center","background-size":"auto","background-attachment":"scroll","background-type":"","background-media":"","overlay-type":"","overlay-color":"","overlay-opacity":"","overlay-gradient":""}}},"product_brand":[],"product_cat":[107,46,96],"product_tag":[],"class_list":{"0":"post-4632","1":"product","2":"type-product","3":"status-publish","4":"has-post-thumbnail","6":"product_cat-figurer","7":"product_cat-inredning","8":"product_cat-keramik","9":"desktop-align-left","10":"tablet-align-left","11":"mobile-align-left","13":"first","14":"instock","15":"taxable","16":"shipping-taxable","17":"purchasable","18":"product-type-simple"},"jetpack_sharing_enabled":true,"_links":{"self":[{"href":"https:\/\/www.glittrigating.se\/index.php\/wp-json\/wp\/v2\/product\/4632","targetHints":{"allow":["GET"]}}],"collection":[{"href":"https:\/\/www.glittrigating.se\/index.php\/wp-json\/wp\/v2\/product"}],"about":[{"href":"https:\/\/www.glittrigating.se\/index.php\/wp-json\/wp\/v2\/types\/product"}],"wp:featuredmedia":[{"embeddable":true,"href":"https:\/\/www.glittrigating.se\/index.php\/wp-json\/wp\/v2\/media\/4788"}],"wp:attachment":[{"href":"https:\/\/www.glittrigating.se\/index.php\/wp-json\/wp\/v2\/media?parent=4632"}],"wp:term":[{"taxonomy":"product_brand","embeddable":true,"href":"https:\/\/www.glittrigating.se\/index.php\/wp-json\/wp\/v2\/product_brand?post=4632"},{"taxonomy":"product_cat","embeddable":true,"href":"https:\/\/www.glittrigating.se\/index.php\/wp-json\/wp\/v2\/product_cat?post=4632"},{"taxonomy":"product_tag","embeddable":true,"href":"https:\/\/www.glittrigating.se\/index.php\/wp-json\/wp\/v2\/product_tag?post=4632"}],"curies":[{"name":"wp","href":"https:\/\/api.w.org\/{rel}","templated":true}]}}