{"id":4669,"date":"2025-09-24T11:46:45","date_gmt":"2025-09-24T11:46:45","guid":{"rendered":"https:\/\/www.glittrigating.se\/?post_type=product&#038;p=4669"},"modified":"2025-12-22T16:33:37","modified_gmt":"2025-12-22T16:33:37","slug":"mynte-miniskal-3-pack-herbal-green","status":"publish","type":"product","link":"https:\/\/www.glittrigating.se\/index.php\/product\/mynte-miniskal-3-pack-herbal-green\/","title":{"rendered":"Mynte Minisk\u00e5l 3-pack Herbal Green"},"content":{"rendered":"","protected":false},"excerpt":{"rendered":"<header><\/header>\n<h5><\/h5>\n<p>Mynte \u00e4r en serie k\u00f6kstillbeh\u00f6r fr\u00e5n Danska Ib Laursen. Serien \u00e4r gjord av stengods av h\u00f6g kvalit\u00e9.<\/p>\n<p>Mynteserien \u00e4r mycket popul\u00e4r bland olika tv kockar och produktionsbolag, tack vara sin goda funktion och snygga design och inte minst alla vackra f\u00e4rger den finns i. Kan anv\u00e4ndas b\u00e5de i micron eller st\u00e4llas i frysen. De \u00e4r ugnsfasta &amp; t\u00e5l att diskas i maskin.<\/p>\n<p>Mynte 3 set sk\u00e5lar i. Mindre sk\u00e5lar i tre olika storlekar. Tillverkad i stengods av h\u00f6g kvalit\u00e9.<\/p>\n<p>H: 6,5 \u00d8: 12cm<br \/>\nH: 5,5 \u00d8: 10cm<br \/>\nH: 4 \u00d8: 8,5cm<\/p>\n","protected":false},"featured_media":4670,"template":"","meta":{"site-sidebar-layout":"default","site-content-layout":"default","ast-site-content-layout":"default","site-content-style":"default","site-sidebar-style":"default","ast-global-header-display":"","ast-banner-title-visibility":"","ast-main-header-display":"","ast-hfb-above-header-display":"","ast-hfb-below-header-display":"","ast-hfb-mobile-header-display":"","site-post-title":"","ast-breadcrumbs-content":"","ast-featured-img":"","footer-sml-layout":"","theme-transparent-header-meta":"default","adv-header-id-meta":"","stick-header-meta":"","header-above-stick-meta":"","header-main-stick-meta":"","header-below-stick-meta":"","astra-migrate-meta-layouts":"set","ast-page-background-enabled":"default","ast-page-background-meta":{"desktop":{"background-color":"var(--ast-global-color-4)","background-image":"","background-repeat":"repeat","background-position":"center center","background-size":"auto","background-attachment":"scroll","background-type":"","background-media":"","overlay-type":"","overlay-color":"","overlay-opacity":"","overlay-gradient":""},"tablet":{"background-color":"","background-image":"","background-repeat":"repeat","background-position":"center center","background-size":"auto","background-attachment":"scroll","background-type":"","background-media":"","overlay-type":"","overlay-color":"","overlay-opacity":"","overlay-gradient":""},"mobile":{"background-color":"","background-image":"","background-repeat":"repeat","background-position":"center center","background-size":"auto","background-attachment":"scroll","background-type":"","background-media":"","overlay-type":"","overlay-color":"","overlay-opacity":"","overlay-gradient":""}},"ast-content-background-meta":{"desktop":{"background-color":"var(--ast-global-color-5)","background-image":"","background-repeat":"repeat","background-position":"center center","background-size":"auto","background-attachment":"scroll","background-type":"","background-media":"","overlay-type":"","overlay-color":"","overlay-opacity":"","overlay-gradient":""},"tablet":{"background-color":"var(--ast-global-color-5)","background-image":"","background-repeat":"repeat","background-position":"center center","background-size":"auto","background-attachment":"scroll","background-type":"","background-media":"","overlay-type":"","overlay-color":"","overlay-opacity":"","overlay-gradient":""},"mobile":{"background-color":"var(--ast-global-color-5)","background-image":"","background-repeat":"repeat","background-position":"center center","background-size":"auto","background-attachment":"scroll","background-type":"","background-media":"","overlay-type":"","overlay-color":"","overlay-opacity":"","overlay-gradient":""}}},"product_brand":[],"product_cat":[97,46,51,75],"product_tag":[],"class_list":{"0":"post-4669","1":"product","2":"type-product","3":"status-publish","4":"has-post-thumbnail","6":"product_cat-ib-laursen","7":"product_cat-inredning","8":"product_cat-koek","9":"product_cat-skalar","10":"desktop-align-left","11":"tablet-align-left","12":"mobile-align-left","14":"first","15":"outofstock","16":"taxable","17":"shipping-taxable","18":"purchasable","19":"product-type-simple"},"jetpack_sharing_enabled":true,"_links":{"self":[{"href":"https:\/\/www.glittrigating.se\/index.php\/wp-json\/wp\/v2\/product\/4669","targetHints":{"allow":["GET"]}}],"collection":[{"href":"https:\/\/www.glittrigating.se\/index.php\/wp-json\/wp\/v2\/product"}],"about":[{"href":"https:\/\/www.glittrigating.se\/index.php\/wp-json\/wp\/v2\/types\/product"}],"wp:featuredmedia":[{"embeddable":true,"href":"https:\/\/www.glittrigating.se\/index.php\/wp-json\/wp\/v2\/media\/4670"}],"wp:attachment":[{"href":"https:\/\/www.glittrigating.se\/index.php\/wp-json\/wp\/v2\/media?parent=4669"}],"wp:term":[{"taxonomy":"product_brand","embeddable":true,"href":"https:\/\/www.glittrigating.se\/index.php\/wp-json\/wp\/v2\/product_brand?post=4669"},{"taxonomy":"product_cat","embeddable":true,"href":"https:\/\/www.glittrigating.se\/index.php\/wp-json\/wp\/v2\/product_cat?post=4669"},{"taxonomy":"product_tag","embeddable":true,"href":"https:\/\/www.glittrigating.se\/index.php\/wp-json\/wp\/v2\/product_tag?post=4669"}],"curies":[{"name":"wp","href":"https:\/\/api.w.org\/{rel}","templated":true}]}}