{"id":550,"date":"2019-08-27T13:43:49","date_gmt":"2019-08-27T13:43:49","guid":{"rendered":"https:\/\/www.glittrigating.se\/index.php\/product\/orrefors-carat-ljusstake-2-pack-3\/"},"modified":"2025-12-22T16:42:03","modified_gmt":"2025-12-22T16:42:03","slug":"orrefors-carat-ljusstake-2-pack-3","status":"publish","type":"product","link":"https:\/\/www.glittrigating.se\/index.php\/product\/orrefors-carat-ljusstake-2-pack-3\/","title":{"rendered":"Orrefors Beer Lager 4-pack"},"content":{"rendered":"","protected":false},"excerpt":{"rendered":"<h4 class=\"product__title\">Beer Lager 4-pack 60cl<\/h4>\n<div class=\"page\" title=\"Page 39\">\n<div class=\"layoutArea\">\n<div class=\"column\">\n<p>Lager \u00e4r ett stort och tulpanformat glas som f\u00e5ngar in doft och lyfter fram smak, ett klassiskt \u00f6lglas. Fyllig lager med tydlig maltighet kommer v\u00e4l till sin r\u00e4tt i det h\u00f6ga glaset som \u00e4ven lyfter fram frisk humlekarakt\u00e4r.<\/p>\n<\/div>\n<\/div>\n<\/div>\n<h5>Beer<\/h5>\n<p>Oavsett om du letar efter en mer aromatisk \u00f6l med tydliga bittra toner (Lager), ett \u00f6l med mild kolsyra och rik f\u00e4rg (Pilsner), n\u00e5got med stor m\u00e4ngd humle och malt som ger mycket doft och smak (IPA) eller om du f\u00f6redrar rik och fyllig smak (Taster): s\u00e5 har vi glaset f\u00f6r dig. Perfekta g\u00e5vor f\u00f6r \u00f6l\u00e4lskare!<\/p>\n<div class=\"page\" title=\"Page 39\">\n<div class=\"layoutArea\">\n<div class=\"column\">\n<p>T\u00e5l maskindisk.<\/p>\n<\/div>\n<\/div>\n<\/div>\n<p>Levereras i 4-pack.<\/p>\n<div class=\"col-sm-12 col-md-6\">\n<p><b>H\u00f6jd: <\/b><br \/>\n195 mm<br \/>\n<b>L\u00e4ngd: <\/b><br \/>\n0 mm<br \/>\n<b>Bredd: <\/b><br \/>\n85 mm<br \/>\n<b>Vikt: <\/b><br \/>\n0.98 kg<\/p>\n<\/div>\n","protected":false},"featured_media":5817,"template":"","meta":{"site-sidebar-layout":"default","site-content-layout":"default","ast-site-content-layout":"default","site-content-style":"default","site-sidebar-style":"default","ast-global-header-display":"","ast-banner-title-visibility":"","ast-main-header-display":"","ast-hfb-above-header-display":"","ast-hfb-below-header-display":"","ast-hfb-mobile-header-display":"","site-post-title":"","ast-breadcrumbs-content":"","ast-featured-img":"","footer-sml-layout":"","theme-transparent-header-meta":"default","adv-header-id-meta":"","stick-header-meta":"","header-above-stick-meta":"","header-main-stick-meta":"","header-below-stick-meta":"","astra-migrate-meta-layouts":"set","ast-page-background-enabled":"default","ast-page-background-meta":{"desktop":{"background-color":"var(--ast-global-color-4)","background-image":"","background-repeat":"repeat","background-position":"center center","background-size":"auto","background-attachment":"scroll","background-type":"","background-media":"","overlay-type":"","overlay-color":"","overlay-opacity":"","overlay-gradient":""},"tablet":{"background-color":"","background-image":"","background-repeat":"repeat","background-position":"center center","background-size":"auto","background-attachment":"scroll","background-type":"","background-media":"","overlay-type":"","overlay-color":"","overlay-opacity":"","overlay-gradient":""},"mobile":{"background-color":"","background-image":"","background-repeat":"repeat","background-position":"center center","background-size":"auto","background-attachment":"scroll","background-type":"","background-media":"","overlay-type":"","overlay-color":"","overlay-opacity":"","overlay-gradient":""}},"ast-content-background-meta":{"desktop":{"background-color":"var(--ast-global-color-5)","background-image":"","background-repeat":"repeat","background-position":"center center","background-size":"auto","background-attachment":"scroll","background-type":"","background-media":"","overlay-type":"","overlay-color":"","overlay-opacity":"","overlay-gradient":""},"tablet":{"background-color":"var(--ast-global-color-5)","background-image":"","background-repeat":"repeat","background-position":"center center","background-size":"auto","background-attachment":"scroll","background-type":"","background-media":"","overlay-type":"","overlay-color":"","overlay-opacity":"","overlay-gradient":""},"mobile":{"background-color":"var(--ast-global-color-5)","background-image":"","background-repeat":"repeat","background-position":"center center","background-size":"auto","background-attachment":"scroll","background-type":"","background-media":"","overlay-type":"","overlay-color":"","overlay-opacity":"","overlay-gradient":""}}},"product_brand":[],"product_cat":[91],"product_tag":[375,146,148,147,376,377,378,144],"class_list":{"0":"post-550","1":"product","2":"type-product","3":"status-publish","4":"has-post-thumbnail","6":"product_cat-orrefors","7":"product_tag-beer","8":"product_tag-glas","9":"product_tag-klar","10":"product_tag-kristall","11":"product_tag-lager","12":"product_tag-ol","13":"product_tag-olglas","14":"product_tag-orrefors","15":"desktop-align-left","16":"tablet-align-left","17":"mobile-align-left","19":"first","20":"instock","21":"taxable","22":"shipping-taxable","23":"purchasable","24":"product-type-simple"},"jetpack_sharing_enabled":true,"_links":{"self":[{"href":"https:\/\/www.glittrigating.se\/index.php\/wp-json\/wp\/v2\/product\/550","targetHints":{"allow":["GET"]}}],"collection":[{"href":"https:\/\/www.glittrigating.se\/index.php\/wp-json\/wp\/v2\/product"}],"about":[{"href":"https:\/\/www.glittrigating.se\/index.php\/wp-json\/wp\/v2\/types\/product"}],"wp:featuredmedia":[{"embeddable":true,"href":"https:\/\/www.glittrigating.se\/index.php\/wp-json\/wp\/v2\/media\/5817"}],"wp:attachment":[{"href":"https:\/\/www.glittrigating.se\/index.php\/wp-json\/wp\/v2\/media?parent=550"}],"wp:term":[{"taxonomy":"product_brand","embeddable":true,"href":"https:\/\/www.glittrigating.se\/index.php\/wp-json\/wp\/v2\/product_brand?post=550"},{"taxonomy":"product_cat","embeddable":true,"href":"https:\/\/www.glittrigating.se\/index.php\/wp-json\/wp\/v2\/product_cat?post=550"},{"taxonomy":"product_tag","embeddable":true,"href":"https:\/\/www.glittrigating.se\/index.php\/wp-json\/wp\/v2\/product_tag?post=550"}],"curies":[{"name":"wp","href":"https:\/\/api.w.org\/{rel}","templated":true}]}}