{"id":5955,"date":"2026-01-16T14:19:03","date_gmt":"2026-01-16T14:19:03","guid":{"rendered":"https:\/\/www.glittrigating.se\/?post_type=product&#038;p=5955"},"modified":"2026-01-16T14:21:34","modified_gmt":"2026-01-16T14:21:34","slug":"kosta-boda-vas-meadow-olika-farger","status":"publish","type":"product","link":"https:\/\/www.glittrigating.se\/index.php\/product\/kosta-boda-vas-meadow-olika-farger\/","title":{"rendered":"Kosta Boda Vas Meadow &#8211; olika f\u00e4rger"},"content":{"rendered":"","protected":false},"excerpt":{"rendered":"<div class=\"elementor-element elementor-element-3296a62 elementor-widget elementor-widget-woocommerce-product-short-description\" data-id=\"3296a62\" data-element_type=\"widget\" data-widget_type=\"woocommerce-product-short-description.default\">\n<div class=\"elementor-widget-container\">\n<div class=\"woocommerce-product-details__short-description\">\n<h5>Kosta Boda Vas Meadow &#8211; Olika f\u00e4rger<\/h5>\n<p>Meadow har en blomster\u00e4ng som b\u00e5de inspiration och uttryck. Det \u00e4r en serie vaser som g\u00f6r sig lika v\u00e4l p\u00e5 egen hand som med ett f\u00e5ng blommor. Tack vare den glaskrossteknik som anv\u00e4nds i tillverkningen \u00e4r varje vas unik. Vasen \u00e4r som gjord f\u00f6r att omfamna en bukett, eller p\u00e5 egen hand lysa upp ditt hem. Vasen fr\u00e5n Kosta Boda har ett elegant utseende med f\u00e4rger inspirerade av \u00e5rstiderna som skapar en lugn och harmonisk k\u00e4nsla.<\/p>\n<\/div>\n<p><strong>Finns i tre olika f\u00e4rger:<\/strong><br \/>\nFall<br \/>\nSummer<br \/>\nWinter<\/p>\n<div class=\"woocommerce-product-details__short-description\">\n<div class=\"css-ae1b0h\"><strong>Bredd<\/strong><\/div>\n<div class=\"css-1sp3jtb\"><span class=\"css-lbcv1j\">11 cm<\/span><\/div>\n<div class=\"css-ae1b0h\"><strong>H\u00f6jd<br \/>\n<\/strong><span class=\"css-lbcv1j\">30 cm<br \/>\n<\/span><strong>L\u00e4ngd<\/strong><\/div>\n<div class=\"css-1sp3jtb\"><span class=\"css-lbcv1j\">11 cm<\/span><\/div>\n<p>Design av Sara Persson.<\/p>\n<\/div>\n<\/div>\n<\/div>\n","protected":false},"featured_media":4937,"template":"","meta":{"site-sidebar-layout":"default","site-content-layout":"","ast-site-content-layout":"default","site-content-style":"default","site-sidebar-style":"default","ast-global-header-display":"","ast-banner-title-visibility":"","ast-main-header-display":"","ast-hfb-above-header-display":"","ast-hfb-below-header-display":"","ast-hfb-mobile-header-display":"","site-post-title":"","ast-breadcrumbs-content":"","ast-featured-img":"","footer-sml-layout":"","theme-transparent-header-meta":"default","adv-header-id-meta":"","stick-header-meta":"","header-above-stick-meta":"","header-main-stick-meta":"","header-below-stick-meta":"","astra-migrate-meta-layouts":"set","ast-page-background-enabled":"default","ast-page-background-meta":{"desktop":{"background-color":"var(--ast-global-color-4)","background-image":"","background-repeat":"repeat","background-position":"center center","background-size":"auto","background-attachment":"scroll","background-type":"","background-media":"","overlay-type":"","overlay-color":"","overlay-opacity":"","overlay-gradient":""},"tablet":{"background-color":"","background-image":"","background-repeat":"repeat","background-position":"center center","background-size":"auto","background-attachment":"scroll","background-type":"","background-media":"","overlay-type":"","overlay-color":"","overlay-opacity":"","overlay-gradient":""},"mobile":{"background-color":"","background-image":"","background-repeat":"repeat","background-position":"center center","background-size":"auto","background-attachment":"scroll","background-type":"","background-media":"","overlay-type":"","overlay-color":"","overlay-opacity":"","overlay-gradient":""}},"ast-content-background-meta":{"desktop":{"background-color":"var(--ast-global-color-5)","background-image":"","background-repeat":"repeat","background-position":"center center","background-size":"auto","background-attachment":"scroll","background-type":"","background-media":"","overlay-type":"","overlay-color":"","overlay-opacity":"","overlay-gradient":""},"tablet":{"background-color":"var(--ast-global-color-5)","background-image":"","background-repeat":"repeat","background-position":"center center","background-size":"auto","background-attachment":"scroll","background-type":"","background-media":"","overlay-type":"","overlay-color":"","overlay-opacity":"","overlay-gradient":""},"mobile":{"background-color":"var(--ast-global-color-5)","background-image":"","background-repeat":"repeat","background-position":"center center","background-size":"auto","background-attachment":"scroll","background-type":"","background-media":"","overlay-type":"","overlay-color":"","overlay-opacity":"","overlay-gradient":""}}},"product_brand":[],"product_cat":[101,1524,66],"product_tag":[],"class_list":{"0":"post-5955","1":"product","2":"type-product","3":"status-publish","4":"has-post-thumbnail","6":"product_cat-designglas","7":"product_cat-glasokristall","8":"product_cat-kosta-boda","9":"desktop-align-left","10":"tablet-align-left","11":"mobile-align-left","13":"first","14":"instock","15":"taxable","16":"shipping-taxable","17":"purchasable","18":"product-type-variable"},"jetpack_sharing_enabled":true,"_links":{"self":[{"href":"https:\/\/www.glittrigating.se\/index.php\/wp-json\/wp\/v2\/product\/5955","targetHints":{"allow":["GET"]}}],"collection":[{"href":"https:\/\/www.glittrigating.se\/index.php\/wp-json\/wp\/v2\/product"}],"about":[{"href":"https:\/\/www.glittrigating.se\/index.php\/wp-json\/wp\/v2\/types\/product"}],"wp:featuredmedia":[{"embeddable":true,"href":"https:\/\/www.glittrigating.se\/index.php\/wp-json\/wp\/v2\/media\/4937"}],"wp:attachment":[{"href":"https:\/\/www.glittrigating.se\/index.php\/wp-json\/wp\/v2\/media?parent=5955"}],"wp:term":[{"taxonomy":"product_brand","embeddable":true,"href":"https:\/\/www.glittrigating.se\/index.php\/wp-json\/wp\/v2\/product_brand?post=5955"},{"taxonomy":"product_cat","embeddable":true,"href":"https:\/\/www.glittrigating.se\/index.php\/wp-json\/wp\/v2\/product_cat?post=5955"},{"taxonomy":"product_tag","embeddable":true,"href":"https:\/\/www.glittrigating.se\/index.php\/wp-json\/wp\/v2\/product_tag?post=5955"}],"curies":[{"name":"wp","href":"https:\/\/api.w.org\/{rel}","templated":true}]}}