{"id":598,"date":"2024-01-17T15:00:12","date_gmt":"2024-01-17T15:00:12","guid":{"rendered":"https:\/\/www.glittrigating.se\/?post_type=product&#038;p=598"},"modified":"2025-12-10T14:08:20","modified_gmt":"2025-12-10T14:08:20","slug":"orrefors-carat-ljusstake-2-pack-45","status":"publish","type":"product","link":"https:\/\/www.glittrigating.se\/index.php\/product\/orrefors-carat-ljusstake-2-pack-45\/","title":{"rendered":"Orrefors City Mixerglas 65cl inkl sked"},"content":{"rendered":"","protected":false},"excerpt":{"rendered":"<div class=\"col-sm-12 col-md-8\">\n<h4 class=\"series__title\">City<\/h4>\n<p><span class=\"series__designer\">\u2013 En serie av <a href=\"https:\/\/orrefors.se\/formgivare\/martti-rytkonen\/\">Martti Rytk\u00f6nen<\/a><\/span><\/p>\n<div class=\"series__content\">\n<p>Barserien CITY \u00e4r en modern klassiker med tydlig Orreforsk\u00e4nsla. Sk\u00e4ren som l\u00f6per runt i glasens yta skapar ett oregelbundet uttryck som \u00e4r kaxigt maskulint men samtidigt elegant. En k\u00e4nsla av urban elegans med luftig klarhet fr\u00e5n Orrefors av formgivaren Martti Rytk\u00f6nen.<\/p>\n<p>Orrefors City Mixerglas 65cl inkl sked<\/p>\n<div class=\"col-sm-12 col-md-6\">\n<p><b>H\u00f6jd: <\/b><br \/>\n170 mm<br \/>\n<b>L\u00e4ngd: <\/b><br \/>\n89 mm<br \/>\n<b>Bredd: <\/b><br \/>\n89 mm<br \/>\n<b>Vikt: <\/b><br \/>\n0.84 kg<\/p>\n<\/div>\n<\/div>\n<\/div>\n<p>&nbsp;<\/p>\n","protected":false},"featured_media":5232,"template":"","meta":{"site-sidebar-layout":"default","site-content-layout":"default","ast-site-content-layout":"default","site-content-style":"default","site-sidebar-style":"default","ast-global-header-display":"","ast-banner-title-visibility":"","ast-main-header-display":"","ast-hfb-above-header-display":"","ast-hfb-below-header-display":"","ast-hfb-mobile-header-display":"","site-post-title":"","ast-breadcrumbs-content":"","ast-featured-img":"","footer-sml-layout":"","theme-transparent-header-meta":"default","adv-header-id-meta":"","stick-header-meta":"","header-above-stick-meta":"","header-main-stick-meta":"","header-below-stick-meta":"","astra-migrate-meta-layouts":"set","ast-page-background-enabled":"default","ast-page-background-meta":{"desktop":{"background-color":"var(--ast-global-color-4)","background-image":"","background-repeat":"repeat","background-position":"center center","background-size":"auto","background-attachment":"scroll","background-type":"","background-media":"","overlay-type":"","overlay-color":"","overlay-opacity":"","overlay-gradient":""},"tablet":{"background-color":"","background-image":"","background-repeat":"repeat","background-position":"center center","background-size":"auto","background-attachment":"scroll","background-type":"","background-media":"","overlay-type":"","overlay-color":"","overlay-opacity":"","overlay-gradient":""},"mobile":{"background-color":"","background-image":"","background-repeat":"repeat","background-position":"center center","background-size":"auto","background-attachment":"scroll","background-type":"","background-media":"","overlay-type":"","overlay-color":"","overlay-opacity":"","overlay-gradient":""}},"ast-content-background-meta":{"desktop":{"background-color":"var(--ast-global-color-5)","background-image":"","background-repeat":"repeat","background-position":"center center","background-size":"auto","background-attachment":"scroll","background-type":"","background-media":"","overlay-type":"","overlay-color":"","overlay-opacity":"","overlay-gradient":""},"tablet":{"background-color":"var(--ast-global-color-5)","background-image":"","background-repeat":"repeat","background-position":"center center","background-size":"auto","background-attachment":"scroll","background-type":"","background-media":"","overlay-type":"","overlay-color":"","overlay-opacity":"","overlay-gradient":""},"mobile":{"background-color":"var(--ast-global-color-5)","background-image":"","background-repeat":"repeat","background-position":"center center","background-size":"auto","background-attachment":"scroll","background-type":"","background-media":"","overlay-type":"","overlay-color":"","overlay-opacity":"","overlay-gradient":""}}},"product_brand":[],"product_cat":[99,91],"product_tag":[388,383,382,381,380,389,146,148,147,390,144],"class_list":{"0":"post-598","1":"product","2":"type-product","3":"status-publish","4":"has-post-thumbnail","6":"product_cat-kristall","7":"product_cat-orrefors","8":"product_tag-65-cl","9":"product_tag-bar","10":"product_tag-barglas","11":"product_tag-barserie","12":"product_tag-city","13":"product_tag-drinkmixer","14":"product_tag-glas","15":"product_tag-klar","16":"product_tag-kristall","17":"product_tag-mixerglas","18":"product_tag-orrefors","19":"desktop-align-left","20":"tablet-align-left","21":"mobile-align-left","23":"first","24":"outofstock","25":"taxable","26":"shipping-taxable","27":"purchasable","28":"product-type-simple"},"jetpack_sharing_enabled":true,"_links":{"self":[{"href":"https:\/\/www.glittrigating.se\/index.php\/wp-json\/wp\/v2\/product\/598","targetHints":{"allow":["GET"]}}],"collection":[{"href":"https:\/\/www.glittrigating.se\/index.php\/wp-json\/wp\/v2\/product"}],"about":[{"href":"https:\/\/www.glittrigating.se\/index.php\/wp-json\/wp\/v2\/types\/product"}],"wp:featuredmedia":[{"embeddable":true,"href":"https:\/\/www.glittrigating.se\/index.php\/wp-json\/wp\/v2\/media\/5232"}],"wp:attachment":[{"href":"https:\/\/www.glittrigating.se\/index.php\/wp-json\/wp\/v2\/media?parent=598"}],"wp:term":[{"taxonomy":"product_brand","embeddable":true,"href":"https:\/\/www.glittrigating.se\/index.php\/wp-json\/wp\/v2\/product_brand?post=598"},{"taxonomy":"product_cat","embeddable":true,"href":"https:\/\/www.glittrigating.se\/index.php\/wp-json\/wp\/v2\/product_cat?post=598"},{"taxonomy":"product_tag","embeddable":true,"href":"https:\/\/www.glittrigating.se\/index.php\/wp-json\/wp\/v2\/product_tag?post=598"}],"curies":[{"name":"wp","href":"https:\/\/api.w.org\/{rel}","templated":true}]}}