{"id":672,"date":"2019-08-30T15:38:49","date_gmt":"2019-08-30T15:38:49","guid":{"rendered":"https:\/\/www.glittrigating.se\/index.php\/product\/orrefors-carat-ljusstake-2-pack-13\/"},"modified":"2025-12-05T14:35:01","modified_gmt":"2025-12-05T14:35:01","slug":"orrefors-carat-ljusstake-2-pack-13","status":"publish","type":"product","link":"https:\/\/www.glittrigating.se\/index.php\/product\/orrefors-carat-ljusstake-2-pack-13\/","title":{"rendered":"Orrefors Gin &#038; Tonic 4-pack 64cl"},"content":{"rendered":"","protected":false},"excerpt":{"rendered":"<div class=\"col-sm-12 col-md-8\">\n<div class=\"col-sm-12 col-md-8\">\n<h4 class=\"series__title\">Gin &amp; tonic<\/h4>\n<p><span class=\"series__designer\">\u2013 En serie av <a href=\"https:\/\/orrefors.se\/formgivare\/orrefors\/\">Orrefors<\/a><\/span><\/p>\n<div class=\"series__content\">\n<div class=\"page\" title=\"Page 39\">\n<div class=\"layoutArea\">\n<div class=\"column\">\n<div class=\"col-sm-12 col-md-8\">\n<div class=\"series__content\">\n<div class=\"page\" title=\"Page 39\">\n<div class=\"layoutArea\">\n<div class=\"column\">\n<div class=\"page\" title=\"Page 39\">\n<div class=\"layoutArea\">\n<div class=\"column\">\n<p>Gin g\u00f6r sig b\u00e4st i s\u00e4llskap. Det \u00e4r f\u00f6rst n\u00e4r den blandas som ginets egen unika kryddning vaknar till liv och kommer till sin r\u00e4tt. Den ballongformade kupan f\u00f6rst\u00e4rker smakerna och ger plats f\u00f6r gener\u00f6sa m\u00e4ngder is och garnityr. Gin &amp; Tonic \u00e4r diskmaskinsv\u00e4nlig.<\/p>\n<\/div>\n<\/div>\n<\/div>\n<p>S\u00e4ljes i 4-pack.<\/p>\n<\/div>\n<\/div>\n<\/div>\n<\/div>\n<\/div>\n<div class=\"col-sm-12 col-md-6\">\n<p><b>H\u00f6jd: <\/b><br \/>\n200 mm<br \/>\n<b>L\u00e4ngd: <\/b><br \/>\n0 mm<br \/>\n<b>Bredd: <\/b><br \/>\n106 mm<br \/>\n<b>Vikt: <\/b><br \/>\n0.96 kg<\/p>\n<\/div>\n<\/div>\n<\/div>\n<\/div>\n<\/div>\n<\/div>\n<\/div>\n","protected":false},"featured_media":5800,"template":"","meta":{"site-sidebar-layout":"default","site-content-layout":"default","ast-site-content-layout":"default","site-content-style":"default","site-sidebar-style":"default","ast-global-header-display":"","ast-banner-title-visibility":"","ast-main-header-display":"","ast-hfb-above-header-display":"","ast-hfb-below-header-display":"","ast-hfb-mobile-header-display":"","site-post-title":"","ast-breadcrumbs-content":"","ast-featured-img":"","footer-sml-layout":"","theme-transparent-header-meta":"default","adv-header-id-meta":"","stick-header-meta":"","header-above-stick-meta":"","header-main-stick-meta":"","header-below-stick-meta":"","astra-migrate-meta-layouts":"set","ast-page-background-enabled":"default","ast-page-background-meta":{"desktop":{"background-color":"var(--ast-global-color-4)","background-image":"","background-repeat":"repeat","background-position":"center center","background-size":"auto","background-attachment":"scroll","background-type":"","background-media":"","overlay-type":"","overlay-color":"","overlay-opacity":"","overlay-gradient":""},"tablet":{"background-color":"","background-image":"","background-repeat":"repeat","background-position":"center center","background-size":"auto","background-attachment":"scroll","background-type":"","background-media":"","overlay-type":"","overlay-color":"","overlay-opacity":"","overlay-gradient":""},"mobile":{"background-color":"","background-image":"","background-repeat":"repeat","background-position":"center center","background-size":"auto","background-attachment":"scroll","background-type":"","background-media":"","overlay-type":"","overlay-color":"","overlay-opacity":"","overlay-gradient":""}},"ast-content-background-meta":{"desktop":{"background-color":"var(--ast-global-color-5)","background-image":"","background-repeat":"repeat","background-position":"center center","background-size":"auto","background-attachment":"scroll","background-type":"","background-media":"","overlay-type":"","overlay-color":"","overlay-opacity":"","overlay-gradient":""},"tablet":{"background-color":"var(--ast-global-color-5)","background-image":"","background-repeat":"repeat","background-position":"center center","background-size":"auto","background-attachment":"scroll","background-type":"","background-media":"","overlay-type":"","overlay-color":"","overlay-opacity":"","overlay-gradient":""},"mobile":{"background-color":"var(--ast-global-color-5)","background-image":"","background-repeat":"repeat","background-position":"center center","background-size":"auto","background-attachment":"scroll","background-type":"","background-media":"","overlay-type":"","overlay-color":"","overlay-opacity":"","overlay-gradient":""}}},"product_brand":[],"product_cat":[99,91],"product_tag":[413,412,146,148,147,144,414],"class_list":{"0":"post-672","1":"product","2":"type-product","3":"status-publish","4":"has-post-thumbnail","6":"product_cat-kristall","7":"product_cat-orrefors","8":"product_tag-gin","9":"product_tag-gin-tonic","10":"product_tag-glas","11":"product_tag-klar","12":"product_tag-kristall","13":"product_tag-orrefors","14":"product_tag-tonic","15":"desktop-align-left","16":"tablet-align-left","17":"mobile-align-left","19":"first","20":"outofstock","21":"taxable","22":"shipping-taxable","23":"purchasable","24":"product-type-simple"},"jetpack_sharing_enabled":true,"_links":{"self":[{"href":"https:\/\/www.glittrigating.se\/index.php\/wp-json\/wp\/v2\/product\/672","targetHints":{"allow":["GET"]}}],"collection":[{"href":"https:\/\/www.glittrigating.se\/index.php\/wp-json\/wp\/v2\/product"}],"about":[{"href":"https:\/\/www.glittrigating.se\/index.php\/wp-json\/wp\/v2\/types\/product"}],"wp:featuredmedia":[{"embeddable":true,"href":"https:\/\/www.glittrigating.se\/index.php\/wp-json\/wp\/v2\/media\/5800"}],"wp:attachment":[{"href":"https:\/\/www.glittrigating.se\/index.php\/wp-json\/wp\/v2\/media?parent=672"}],"wp:term":[{"taxonomy":"product_brand","embeddable":true,"href":"https:\/\/www.glittrigating.se\/index.php\/wp-json\/wp\/v2\/product_brand?post=672"},{"taxonomy":"product_cat","embeddable":true,"href":"https:\/\/www.glittrigating.se\/index.php\/wp-json\/wp\/v2\/product_cat?post=672"},{"taxonomy":"product_tag","embeddable":true,"href":"https:\/\/www.glittrigating.se\/index.php\/wp-json\/wp\/v2\/product_tag?post=672"}],"curies":[{"name":"wp","href":"https:\/\/api.w.org\/{rel}","templated":true}]}}