{"id":689,"date":"2019-09-05T16:16:28","date_gmt":"2019-09-05T16:16:28","guid":{"rendered":"https:\/\/www.glittrigating.se\/index.php\/product\/orrefors-carat-ljusstake-2-pack-17\/"},"modified":"2025-12-05T14:26:04","modified_gmt":"2025-12-05T14:26:04","slug":"orrefors-carat-ljusstake-2-pack-17","status":"publish","type":"product","link":"https:\/\/www.glittrigating.se\/index.php\/product\/orrefors-carat-ljusstake-2-pack-17\/","title":{"rendered":"Orrefors More Champagne 4-pack 18cl"},"content":{"rendered":"","protected":false},"excerpt":{"rendered":"<div class=\"col-sm-12 col-md-8\">\n<div class=\"col-sm-12 col-md-8\">\n<div class=\"column\">\n<h4 class=\"product__title\">More champagne 4-pack 18cl<\/h4>\n<\/div>\n<div class=\"column\">\n<p>More Champagne\u00a0\u00e4r ett elegant och festligt glas f\u00f6r alla typer av mousserande vin, exempelvis prosecco, cava och champagne. Glaset lyfter fram dryckens doft och smak, dess friskhet och fruktighet. Bubbelpunkten i glasets botten hj\u00e4lper dryckens kolsyra att porla upp mot ytan.<\/p>\n<p>T\u00e5l maskindisk.<\/p>\n<\/div>\n<h4><\/h4>\n<h5 class=\"series__title\">More<\/h5>\n<p><span class=\"series__designer\">\u2013 En serie av Erika Lagerbielke<\/span><\/p>\n<div class=\"series__content\">\n<div class=\"collection-intro\">\n<div class=\"row\">\n<div class=\"span9\">\n<div class=\"page\" title=\"Page 53\">\n<div class=\"section\">\n<div class=\"layoutArea\">\n<div class=\"column\">\n<p>Att skapa den perfekta m\u00e5ltiden \u00e4r egentligen inte s\u00e5 sv\u00e5rt. Bra r\u00e5varor, lite k\u00e4rlek och goda v\u00e4nner runt ett vackert dukat bord. Det du dricker till ska serveras i vackra glas med balans och karakt\u00e4r. Erika Lagerbielkes tanke med More \u00e4r att lyfta fram dryckens b\u00e4sta egenskaper och fulla potential. Elegant design m\u00f6ter funktion. D\u00e5 \u00e4r det\u00a0l\u00e4tt h\u00e4nt att man blir sittande l\u00e4nge och bara m\u00e5r bra.<\/p>\n<h5>Erika Lagerbielke<\/h5>\n<p class=\"ingress\">Erika Lagerbielke \u00e4r Orrefors servisglasdrottning. Ingen annan har formgivit s\u00e5 m\u00e5nga och framg\u00e5ngsrika glasserviser f\u00f6r Orrefors. Bland succ\u00e9erna finns Intermezzo, Merlot och Difference, som alla har f\u00e5tt fina utm\u00e4rkelser f\u00f6r sin formgivning.<\/p>\n<p>Nyckeln till framg\u00e5ng \u00e4r f\u00f6rmodligen Erikas stora k\u00e4rlek till hantverket och hennes kunskap om dryckers olika egenskaper. Vid framtagningen av nya serviser samarbetar Erika\u00a0med ledande vinexperter. Bland hennes senare alster finner vi servisglasserien More samt serien Beer. Hennes serie Divine \u00e4r en hyllning till det kungliga br\u00f6llopet 2010\u00a0dit\u00a0Erika formgav riksdagens och regeringens g\u00e5va till kronprinsessparet Victoria och Daniel.<\/p>\n<div class=\"col-sm-12 col-md-6\">\n<p><b>H\u00f6jd: <\/b><br \/>\n215 mm<br \/>\n<b>L\u00e4ngd: <\/b><br \/>\n0 mm<br \/>\n<b>Bredd: <\/b><br \/>\n56 mm<br \/>\n<b>Vikt: <\/b><br \/>\n0.70 kg<\/p>\n<\/div>\n<\/div>\n<\/div>\n<\/div>\n<\/div>\n<\/div>\n<\/div>\n<\/div>\n<\/div>\n<\/div>\n<\/div>\n","protected":false},"featured_media":5795,"template":"","meta":{"site-sidebar-layout":"default","site-content-layout":"default","ast-site-content-layout":"default","site-content-style":"default","site-sidebar-style":"default","ast-global-header-display":"","ast-banner-title-visibility":"","ast-main-header-display":"","ast-hfb-above-header-display":"","ast-hfb-below-header-display":"","ast-hfb-mobile-header-display":"","site-post-title":"","ast-breadcrumbs-content":"","ast-featured-img":"","footer-sml-layout":"","theme-transparent-header-meta":"default","adv-header-id-meta":"","stick-header-meta":"","header-above-stick-meta":"","header-main-stick-meta":"","header-below-stick-meta":"","astra-migrate-meta-layouts":"set","ast-page-background-enabled":"default","ast-page-background-meta":{"desktop":{"background-color":"var(--ast-global-color-4)","background-image":"","background-repeat":"repeat","background-position":"center center","background-size":"auto","background-attachment":"scroll","background-type":"","background-media":"","overlay-type":"","overlay-color":"","overlay-opacity":"","overlay-gradient":""},"tablet":{"background-color":"","background-image":"","background-repeat":"repeat","background-position":"center center","background-size":"auto","background-attachment":"scroll","background-type":"","background-media":"","overlay-type":"","overlay-color":"","overlay-opacity":"","overlay-gradient":""},"mobile":{"background-color":"","background-image":"","background-repeat":"repeat","background-position":"center center","background-size":"auto","background-attachment":"scroll","background-type":"","background-media":"","overlay-type":"","overlay-color":"","overlay-opacity":"","overlay-gradient":""}},"ast-content-background-meta":{"desktop":{"background-color":"var(--ast-global-color-5)","background-image":"","background-repeat":"repeat","background-position":"center center","background-size":"auto","background-attachment":"scroll","background-type":"","background-media":"","overlay-type":"","overlay-color":"","overlay-opacity":"","overlay-gradient":""},"tablet":{"background-color":"var(--ast-global-color-5)","background-image":"","background-repeat":"repeat","background-position":"center center","background-size":"auto","background-attachment":"scroll","background-type":"","background-media":"","overlay-type":"","overlay-color":"","overlay-opacity":"","overlay-gradient":""},"mobile":{"background-color":"var(--ast-global-color-5)","background-image":"","background-repeat":"repeat","background-position":"center center","background-size":"auto","background-attachment":"scroll","background-type":"","background-media":"","overlay-type":"","overlay-color":"","overlay-opacity":"","overlay-gradient":""}}},"product_brand":[],"product_cat":[99,1488,91],"product_tag":[169,421,343,419,146,148,147,144,420],"class_list":{"0":"post-689","1":"product","2":"type-product","3":"status-publish","4":"has-post-thumbnail","6":"product_cat-kristall","7":"product_cat-more","8":"product_cat-orrefors","9":"product_tag-4-pack","10":"product_tag-cava","11":"product_tag-champagne","12":"product_tag-erika-lagerbielke","13":"product_tag-glas","14":"product_tag-klar","15":"product_tag-kristall","16":"product_tag-orrefors","17":"product_tag-prosecco","18":"desktop-align-left","19":"tablet-align-left","20":"mobile-align-left","22":"first","23":"instock","24":"taxable","25":"shipping-taxable","26":"purchasable","27":"product-type-simple"},"jetpack_sharing_enabled":true,"_links":{"self":[{"href":"https:\/\/www.glittrigating.se\/index.php\/wp-json\/wp\/v2\/product\/689","targetHints":{"allow":["GET"]}}],"collection":[{"href":"https:\/\/www.glittrigating.se\/index.php\/wp-json\/wp\/v2\/product"}],"about":[{"href":"https:\/\/www.glittrigating.se\/index.php\/wp-json\/wp\/v2\/types\/product"}],"wp:featuredmedia":[{"embeddable":true,"href":"https:\/\/www.glittrigating.se\/index.php\/wp-json\/wp\/v2\/media\/5795"}],"wp:attachment":[{"href":"https:\/\/www.glittrigating.se\/index.php\/wp-json\/wp\/v2\/media?parent=689"}],"wp:term":[{"taxonomy":"product_brand","embeddable":true,"href":"https:\/\/www.glittrigating.se\/index.php\/wp-json\/wp\/v2\/product_brand?post=689"},{"taxonomy":"product_cat","embeddable":true,"href":"https:\/\/www.glittrigating.se\/index.php\/wp-json\/wp\/v2\/product_cat?post=689"},{"taxonomy":"product_tag","embeddable":true,"href":"https:\/\/www.glittrigating.se\/index.php\/wp-json\/wp\/v2\/product_tag?post=689"}],"curies":[{"name":"wp","href":"https:\/\/api.w.org\/{rel}","templated":true}]}}